{"id":161,"date":"2021-03-06T18:22:44","date_gmt":"2021-03-06T22:22:44","guid":{"rendered":"https:\/\/www.opticayequipos.com\/?post_type=product&#038;p=161"},"modified":"2024-08-20T09:14:03","modified_gmt":"2024-08-20T13:14:03","slug":"lensometro-tl-6500b-republica-dominicana","status":"publish","type":"product","link":"https:\/\/www.opticayequipos.com\/index.php\/producto\/lensometro-tl-6500b-republica-dominicana\/","title":{"rendered":"Lensometro Digital MO-4473"},"content":{"rendered":"\r\n<figure class=\"wp-block-table is-style-stripes\">\r\n<h1 class=\"magic-16\" style=\"text-align: left;\"><b class=\"magic-15\"><span class=\"magic-17\" data-spm-anchor-id=\"a2700.details.0.i32.79292e8dlzXfjp\">Caracter\u00edstica<\/span><\/b><\/h1>\r\n<table style=\"height: 969px;\" width=\"1012\">\r\n<tbody>\r\n<tr>\r\n<td rowspan=\"6\" valign=\"top\" width=\"177\">\r\n<p align=\"justify\"><span data-spm-anchor-id=\"a2700.details.0.i30.65ec5fb5OAK9M2\">Modo de medici\u00f3n<\/span><\/p>\r\n<\/td>\r\n<td valign=\"top\" width=\"145\">\r\n<p align=\"justify\">Esfera<\/p>\r\n<\/td>\r\n<td valign=\"top\" width=\"292\">\r\n<p align=\"justify\">-25,00 a + 25.00D paso: 0,01\/0,06\/0,12\/0.25D<\/p>\r\n<\/td>\r\n<\/tr>\r\n<tr>\r\n<td valign=\"top\" width=\"145\">\r\n<p align=\"justify\">Cilindro<\/p>\r\n<\/td>\r\n<td valign=\"top\" width=\"292\">\r\n<p align=\"justify\">0 A\u00b110.00D paso: 0,01\/0,06\/0,12\/0.25D<\/p>\r\n<\/td>\r\n<\/tr>\r\n<tr>\r\n<td valign=\"top\" width=\"145\">\r\n<p align=\"justify\">Eje<\/p>\r\n<\/td>\r\n<td valign=\"top\" width=\"292\">\r\n<p align=\"justify\">0 a 180\u00b0Paso 1:\u00b0<\/p>\r\n<\/td>\r\n<\/tr>\r\n<tr>\r\n<td valign=\"top\" width=\"145\">\r\n<p align=\"justify\">A\u00f1adir<\/p>\r\n<\/td>\r\n<td valign=\"top\" width=\"292\">\r\n<p align=\"justify\">0 A\u00b110.00D paso: 0,01\/0,06\/0,12\/0.25D<\/p>\r\n<\/td>\r\n<\/tr>\r\n<tr>\r\n<td valign=\"top\" width=\"145\">\r\n<p align=\"justify\">Prisma<\/p>\r\n<\/td>\r\n<td valign=\"top\" width=\"292\">\r\n<p align=\"justify\">0 a 20D paso: 0,01\/0,06\/0,12\/0.25D<\/p>\r\n<\/td>\r\n<\/tr>\r\n<tr>\r\n<td valign=\"top\" width=\"145\">\r\n<p align=\"justify\">Medibles<\/p>\r\n<p align=\"justify\">Di\u00e1metro de la lente<\/p>\r\n<\/td>\r\n<td valign=\"top\" width=\"292\">\r\n<p align=\"justify\">10 a 90mm<\/p>\r\n<p align=\"justify\">\u00a0<\/p>\r\n<\/td>\r\n<\/tr>\r\n<tr>\r\n<td rowspan=\"2\" valign=\"top\" width=\"177\">\r\n<p align=\"justify\">Rango de medici\u00f3n<\/p>\r\n<\/td>\r\n<td valign=\"top\" width=\"145\">\r\n<p align=\"justify\">Cilindro<\/p>\r\n<\/td>\r\n<td valign=\"top\" width=\"292\">\r\n<p align=\"justify\">-, Mezcla, +<\/p>\r\n<\/td>\r\n<\/tr>\r\n<tr>\r\n<td valign=\"top\" width=\"145\">\r\n<p align=\"justify\">Prisma<\/p>\r\n<\/td>\r\n<td valign=\"top\" width=\"292\">\r\n<p align=\"justify\">X-Y&#8230; P-R<\/p>\r\n<\/td>\r\n<\/tr>\r\n<tr>\r\n<td valign=\"top\" width=\"177\">\r\n<p align=\"justify\">La polic\u00eda de medici\u00f3n<\/p>\r\n<\/td>\r\n<td colspan=\"2\" valign=\"top\" width=\"437\">\r\n<p align=\"justify\">20,0 a 45,0mm (monocular), visi\u00f3n \u00fanica PD, lente progresiva visi\u00f3n lejana PD<\/p>\r\n<\/td>\r\n<\/tr>\r\n<tr>\r\n<td valign=\"top\" width=\"177\">\r\n<p align=\"justify\">Longitud de onda\/punto de medici\u00f3n<\/p>\r\n<\/td>\r\n<td colspan=\"2\" valign=\"top\" width=\"437\">\r\n<p align=\"justify\">535nm (verde)\/108 dentro de la nosepiece<\/p>\r\n<\/td>\r\n<\/tr>\r\n<tr>\r\n<td valign=\"top\" width=\"177\">\r\n<p align=\"justify\">Pantalla<\/p>\r\n<\/td>\r\n<td colspan=\"2\" valign=\"top\" width=\"437\">\r\n<p align=\"justify\">7,0 pulgadas LCD color<\/p>\r\n<\/td>\r\n<\/tr>\r\n<tr>\r\n<td valign=\"top\" width=\"177\">\r\n<p align=\"justify\">Sistema de marcado<\/p>\r\n<\/td>\r\n<td colspan=\"2\" valign=\"top\" width=\"437\">\r\n<p align=\"justify\">Cartucho de tinta tipo<\/p>\r\n<\/td>\r\n<\/tr>\r\n<tr>\r\n<td valign=\"top\" width=\"177\">\r\n<p align=\"justify\">Imprimir<\/p>\r\n<\/td>\r\n<td colspan=\"2\" valign=\"top\" width=\"437\">\r\n<p align=\"justify\">Impresora t\u00e9rmica integrada (LW-100 sin impresi\u00f3n, LW-100A con impresora)<\/p>\r\n<\/td>\r\n<\/tr>\r\n<tr>\r\n<td valign=\"top\" width=\"177\">\r\n<p align=\"justify\">Interfaz<\/p>\r\n<\/td>\r\n<td colspan=\"2\" valign=\"top\" width=\"437\">\r\n<p align=\"justify\">RS232\/Bluetooth<\/p>\r\n<\/td>\r\n<\/tr>\r\n<tr>\r\n<td valign=\"top\" width=\"177\">\r\n<p align=\"justify\">Dimensiones<\/p>\r\n<\/td>\r\n<td colspan=\"2\" valign=\"top\" width=\"437\">\r\n<p align=\"justify\">255*224*434mm<\/p>\r\n<\/td>\r\n<\/tr>\r\n<tr>\r\n<td valign=\"top\" width=\"177\">\r\n<p align=\"justify\">Peso<\/p>\r\n<\/td>\r\n<td colspan=\"2\" valign=\"top\" width=\"437\">\r\n<p align=\"justify\">5,0 kg<\/p>\r\n<\/td>\r\n<\/tr>\r\n<tr>\r\n<td valign=\"top\" width=\"177\">\r\n<p align=\"justify\">Fuente de alimentaci\u00f3n<\/p>\r\n<\/td>\r\n<td colspan=\"2\" valign=\"top\" width=\"437\">\r\n<p align=\"justify\"><span data-spm-anchor-id=\"a2700.details.0.i31.65ec5fb5OAK9M2\">AC100 a 240 V 50\/60 HZ<\/span><\/p>\r\n<\/td>\r\n<\/tr>\r\n<tr>\r\n<td valign=\"top\" width=\"177\">\r\n<p align=\"justify\">De consumos<\/p>\r\n<\/td>\r\n<td colspan=\"2\" valign=\"top\" width=\"437\">\r\n<p align=\"justify\">35 w m\u00e1ximo<\/p>\r\n<\/td>\r\n<\/tr>\r\n<\/tbody>\r\n<\/table>\r\n<\/figure>\r\n","protected":false},"excerpt":{"rendered":"<p><span style=\"color: #ff0000;\">ITBIS incluido<\/span><\/p>\n<p><strong>Modelo: <\/strong>MO-4473<\/p>\n<p><strong>Pantalla:<\/strong> t\u00e1ctil LCD a color 7&#8243; pulgadas.<\/p>\n<p><strong>Impresora<\/strong>: T\u00e9rmica integrada.<\/p>\n<p><b>Garant\u00eda<\/b><strong>:<\/strong> 1 a\u00f1o<\/p>\n","protected":false},"featured_media":75,"comment_status":"open","ping_status":"closed","template":"","meta":[],"product_brand":[],"product_cat":[16],"product_tag":[52,28],"class_list":{"0":"post-161","1":"product","2":"type-product","3":"status-publish","6":"product_cat-equipos-oftalmologicos","7":"product_tag-instrumentos-oftalmologicos","8":"product_tag-lensometro","10":"first","11":"instock","12":"shipping-taxable","13":"purchasable","14":"product-type-simple"},"yoast_head":"<!-- This site is optimized with the Yoast SEO plugin v26.4 - https:\/\/yoast.com\/wordpress\/plugins\/seo\/ -->\n<title>Lensometro Digital MO-4473 - Multi optica y equipos<\/title>\n<meta name=\"description\" content=\"Sensor de Hartmann con 108 puntos de medici\u00f3n m\u00faltiple. Luz de medici\u00f3n verde. Pantalla t\u00e1ctil LCD a color 7&quot;. Impresora t\u00e9rmica.\" \/>\n<meta name=\"robots\" content=\"index, follow, max-snippet:-1, max-image-preview:large, max-video-preview:-1\" \/>\n<link rel=\"canonical\" href=\"https:\/\/www.opticayequipos.com\/index.php\/producto\/lensometro-tl-6500b-republica-dominicana\/\" \/>\n<meta property=\"og:locale\" content=\"es_ES\" \/>\n<meta property=\"og:type\" content=\"article\" \/>\n<meta property=\"og:title\" content=\"Lensometro Digital MO-4473 - Multi optica y equipos\" \/>\n<meta property=\"og:description\" content=\"Sensor de Hartmann con 108 puntos de medici\u00f3n m\u00faltiple. Luz de medici\u00f3n verde. Pantalla t\u00e1ctil LCD a color 7&quot;. Impresora t\u00e9rmica.\" \/>\n<meta property=\"og:url\" content=\"https:\/\/www.opticayequipos.com\/index.php\/producto\/lensometro-tl-6500b-republica-dominicana\/\" \/>\n<meta property=\"og:site_name\" content=\"Multi optica y equipos\" \/>\n<meta property=\"article:modified_time\" content=\"2024-08-20T13:14:03+00:00\" \/>\n<meta property=\"og:image\" content=\"https:\/\/www.opticayequipos.com\/wp-content\/uploads\/2021\/03\/LENSOMETRO.jpg\" \/>\n\t<meta property=\"og:image:width\" content=\"600\" \/>\n\t<meta property=\"og:image:height\" content=\"600\" \/>\n\t<meta property=\"og:image:type\" content=\"image\/jpeg\" \/>\n<meta name=\"twitter:card\" content=\"summary_large_image\" \/>\n<meta name=\"twitter:label1\" content=\"Tiempo de lectura\" \/>\n\t<meta name=\"twitter:data1\" content=\"1 minuto\" \/>\n<script type=\"application\/ld+json\" class=\"yoast-schema-graph\">{\"@context\":\"https:\/\/schema.org\",\"@graph\":[{\"@type\":\"WebPage\",\"@id\":\"https:\/\/www.opticayequipos.com\/index.php\/producto\/lensometro-tl-6500b-republica-dominicana\/\",\"url\":\"https:\/\/www.opticayequipos.com\/index.php\/producto\/lensometro-tl-6500b-republica-dominicana\/\",\"name\":\"Lensometro Digital MO-4473 - Multi optica y equipos\",\"isPartOf\":{\"@id\":\"https:\/\/www.opticayequipos.com\/#website\"},\"primaryImageOfPage\":{\"@id\":\"https:\/\/www.opticayequipos.com\/index.php\/producto\/lensometro-tl-6500b-republica-dominicana\/#primaryimage\"},\"image\":{\"@id\":\"https:\/\/www.opticayequipos.com\/index.php\/producto\/lensometro-tl-6500b-republica-dominicana\/#primaryimage\"},\"thumbnailUrl\":\"https:\/\/www.opticayequipos.com\/wp-content\/uploads\/2021\/03\/LENSOMETRO.jpg\",\"datePublished\":\"2021-03-06T22:22:44+00:00\",\"dateModified\":\"2024-08-20T13:14:03+00:00\",\"description\":\"Sensor de Hartmann con 108 puntos de medici\u00f3n m\u00faltiple. Luz de medici\u00f3n verde. Pantalla t\u00e1ctil LCD a color 7\\\". Impresora t\u00e9rmica.\",\"breadcrumb\":{\"@id\":\"https:\/\/www.opticayequipos.com\/index.php\/producto\/lensometro-tl-6500b-republica-dominicana\/#breadcrumb\"},\"inLanguage\":\"es\",\"potentialAction\":[{\"@type\":\"ReadAction\",\"target\":[\"https:\/\/www.opticayequipos.com\/index.php\/producto\/lensometro-tl-6500b-republica-dominicana\/\"]}]},{\"@type\":\"ImageObject\",\"inLanguage\":\"es\",\"@id\":\"https:\/\/www.opticayequipos.com\/index.php\/producto\/lensometro-tl-6500b-republica-dominicana\/#primaryimage\",\"url\":\"https:\/\/www.opticayequipos.com\/wp-content\/uploads\/2021\/03\/LENSOMETRO.jpg\",\"contentUrl\":\"https:\/\/www.opticayequipos.com\/wp-content\/uploads\/2021\/03\/LENSOMETRO.jpg\",\"width\":600,\"height\":600},{\"@type\":\"BreadcrumbList\",\"@id\":\"https:\/\/www.opticayequipos.com\/index.php\/producto\/lensometro-tl-6500b-republica-dominicana\/#breadcrumb\",\"itemListElement\":[{\"@type\":\"ListItem\",\"position\":1,\"name\":\"Portada\",\"item\":\"https:\/\/www.opticayequipos.com\/\"},{\"@type\":\"ListItem\",\"position\":2,\"name\":\"Mi lista de deseos\",\"item\":\"https:\/\/www.opticayequipos.com\/index.php\/mi-lista-de-deseos\/\"},{\"@type\":\"ListItem\",\"position\":3,\"name\":\"Lensometro Digital MO-4473\"}]},{\"@type\":\"WebSite\",\"@id\":\"https:\/\/www.opticayequipos.com\/#website\",\"url\":\"https:\/\/www.opticayequipos.com\/\",\"name\":\"Multi optica y equipos\",\"description\":\"Venta de equipos oftalmol&oacute;gicos en Republica Dominicana para consultorios y &oacute;pticas\",\"publisher\":{\"@id\":\"https:\/\/www.opticayequipos.com\/#organization\"},\"potentialAction\":[{\"@type\":\"SearchAction\",\"target\":{\"@type\":\"EntryPoint\",\"urlTemplate\":\"https:\/\/www.opticayequipos.com\/?s={search_term_string}\"},\"query-input\":{\"@type\":\"PropertyValueSpecification\",\"valueRequired\":true,\"valueName\":\"search_term_string\"}}],\"inLanguage\":\"es\"},{\"@type\":\"Organization\",\"@id\":\"https:\/\/www.opticayequipos.com\/#organization\",\"name\":\"Multi optica y equipos\",\"url\":\"https:\/\/www.opticayequipos.com\/\",\"logo\":{\"@type\":\"ImageObject\",\"inLanguage\":\"es\",\"@id\":\"https:\/\/www.opticayequipos.com\/#\/schema\/logo\/image\/\",\"url\":\"https:\/\/www.opticayequipos.com\/wp-content\/uploads\/2021\/03\/cropped-LOGO-MOYE-2-2.png\",\"contentUrl\":\"https:\/\/www.opticayequipos.com\/wp-content\/uploads\/2021\/03\/cropped-LOGO-MOYE-2-2.png\",\"width\":552,\"height\":104,\"caption\":\"Multi optica y equipos\"},\"image\":{\"@id\":\"https:\/\/www.opticayequipos.com\/#\/schema\/logo\/image\/\"}}]}<\/script>\n<!-- \/ Yoast SEO plugin. -->","yoast_head_json":{"title":"Lensometro Digital MO-4473 - Multi optica y equipos","description":"Sensor de Hartmann con 108 puntos de medici\u00f3n m\u00faltiple. Luz de medici\u00f3n verde. Pantalla t\u00e1ctil LCD a color 7\". Impresora t\u00e9rmica.","robots":{"index":"index","follow":"follow","max-snippet":"max-snippet:-1","max-image-preview":"max-image-preview:large","max-video-preview":"max-video-preview:-1"},"canonical":"https:\/\/www.opticayequipos.com\/index.php\/producto\/lensometro-tl-6500b-republica-dominicana\/","og_locale":"es_ES","og_type":"article","og_title":"Lensometro Digital MO-4473 - Multi optica y equipos","og_description":"Sensor de Hartmann con 108 puntos de medici\u00f3n m\u00faltiple. Luz de medici\u00f3n verde. Pantalla t\u00e1ctil LCD a color 7\". Impresora t\u00e9rmica.","og_url":"https:\/\/www.opticayequipos.com\/index.php\/producto\/lensometro-tl-6500b-republica-dominicana\/","og_site_name":"Multi optica y equipos","article_modified_time":"2024-08-20T13:14:03+00:00","og_image":[{"width":600,"height":600,"url":"https:\/\/www.opticayequipos.com\/wp-content\/uploads\/2021\/03\/LENSOMETRO.jpg","type":"image\/jpeg"}],"twitter_card":"summary_large_image","twitter_misc":{"Tiempo de lectura":"1 minuto"},"schema":{"@context":"https:\/\/schema.org","@graph":[{"@type":"WebPage","@id":"https:\/\/www.opticayequipos.com\/index.php\/producto\/lensometro-tl-6500b-republica-dominicana\/","url":"https:\/\/www.opticayequipos.com\/index.php\/producto\/lensometro-tl-6500b-republica-dominicana\/","name":"Lensometro Digital MO-4473 - Multi optica y equipos","isPartOf":{"@id":"https:\/\/www.opticayequipos.com\/#website"},"primaryImageOfPage":{"@id":"https:\/\/www.opticayequipos.com\/index.php\/producto\/lensometro-tl-6500b-republica-dominicana\/#primaryimage"},"image":{"@id":"https:\/\/www.opticayequipos.com\/index.php\/producto\/lensometro-tl-6500b-republica-dominicana\/#primaryimage"},"thumbnailUrl":"https:\/\/www.opticayequipos.com\/wp-content\/uploads\/2021\/03\/LENSOMETRO.jpg","datePublished":"2021-03-06T22:22:44+00:00","dateModified":"2024-08-20T13:14:03+00:00","description":"Sensor de Hartmann con 108 puntos de medici\u00f3n m\u00faltiple. Luz de medici\u00f3n verde. Pantalla t\u00e1ctil LCD a color 7\". Impresora t\u00e9rmica.","breadcrumb":{"@id":"https:\/\/www.opticayequipos.com\/index.php\/producto\/lensometro-tl-6500b-republica-dominicana\/#breadcrumb"},"inLanguage":"es","potentialAction":[{"@type":"ReadAction","target":["https:\/\/www.opticayequipos.com\/index.php\/producto\/lensometro-tl-6500b-republica-dominicana\/"]}]},{"@type":"ImageObject","inLanguage":"es","@id":"https:\/\/www.opticayequipos.com\/index.php\/producto\/lensometro-tl-6500b-republica-dominicana\/#primaryimage","url":"https:\/\/www.opticayequipos.com\/wp-content\/uploads\/2021\/03\/LENSOMETRO.jpg","contentUrl":"https:\/\/www.opticayequipos.com\/wp-content\/uploads\/2021\/03\/LENSOMETRO.jpg","width":600,"height":600},{"@type":"BreadcrumbList","@id":"https:\/\/www.opticayequipos.com\/index.php\/producto\/lensometro-tl-6500b-republica-dominicana\/#breadcrumb","itemListElement":[{"@type":"ListItem","position":1,"name":"Portada","item":"https:\/\/www.opticayequipos.com\/"},{"@type":"ListItem","position":2,"name":"Mi lista de deseos","item":"https:\/\/www.opticayequipos.com\/index.php\/mi-lista-de-deseos\/"},{"@type":"ListItem","position":3,"name":"Lensometro Digital MO-4473"}]},{"@type":"WebSite","@id":"https:\/\/www.opticayequipos.com\/#website","url":"https:\/\/www.opticayequipos.com\/","name":"Multi optica y equipos","description":"Venta de equipos oftalmol&oacute;gicos en Republica Dominicana para consultorios y &oacute;pticas","publisher":{"@id":"https:\/\/www.opticayequipos.com\/#organization"},"potentialAction":[{"@type":"SearchAction","target":{"@type":"EntryPoint","urlTemplate":"https:\/\/www.opticayequipos.com\/?s={search_term_string}"},"query-input":{"@type":"PropertyValueSpecification","valueRequired":true,"valueName":"search_term_string"}}],"inLanguage":"es"},{"@type":"Organization","@id":"https:\/\/www.opticayequipos.com\/#organization","name":"Multi optica y equipos","url":"https:\/\/www.opticayequipos.com\/","logo":{"@type":"ImageObject","inLanguage":"es","@id":"https:\/\/www.opticayequipos.com\/#\/schema\/logo\/image\/","url":"https:\/\/www.opticayequipos.com\/wp-content\/uploads\/2021\/03\/cropped-LOGO-MOYE-2-2.png","contentUrl":"https:\/\/www.opticayequipos.com\/wp-content\/uploads\/2021\/03\/cropped-LOGO-MOYE-2-2.png","width":552,"height":104,"caption":"Multi optica y equipos"},"image":{"@id":"https:\/\/www.opticayequipos.com\/#\/schema\/logo\/image\/"}}]}},"_links":{"self":[{"href":"https:\/\/www.opticayequipos.com\/index.php\/wp-json\/wp\/v2\/product\/161","targetHints":{"allow":["GET"]}}],"collection":[{"href":"https:\/\/www.opticayequipos.com\/index.php\/wp-json\/wp\/v2\/product"}],"about":[{"href":"https:\/\/www.opticayequipos.com\/index.php\/wp-json\/wp\/v2\/types\/product"}],"replies":[{"embeddable":true,"href":"https:\/\/www.opticayequipos.com\/index.php\/wp-json\/wp\/v2\/comments?post=161"}],"wp:featuredmedia":[{"embeddable":true,"href":"https:\/\/www.opticayequipos.com\/index.php\/wp-json\/wp\/v2\/media\/75"}],"wp:attachment":[{"href":"https:\/\/www.opticayequipos.com\/index.php\/wp-json\/wp\/v2\/media?parent=161"}],"wp:term":[{"taxonomy":"product_brand","embeddable":true,"href":"https:\/\/www.opticayequipos.com\/index.php\/wp-json\/wp\/v2\/product_brand?post=161"},{"taxonomy":"product_cat","embeddable":true,"href":"https:\/\/www.opticayequipos.com\/index.php\/wp-json\/wp\/v2\/product_cat?post=161"},{"taxonomy":"product_tag","embeddable":true,"href":"https:\/\/www.opticayequipos.com\/index.php\/wp-json\/wp\/v2\/product_tag?post=161"}],"curies":[{"name":"wp","href":"https:\/\/api.w.org\/{rel}","templated":true}]}}