{"id":267,"date":"2021-03-16T18:11:10","date_gmt":"2021-03-16T22:11:10","guid":{"rendered":"https:\/\/www.opticayequipos.com\/?post_type=product&#038;p=267"},"modified":"2024-11-23T01:31:12","modified_gmt":"2024-11-23T05:31:12","slug":"auto-refractometro-rm9000-republica-dominicana","status":"publish","type":"product","link":"https:\/\/www.opticayequipos.com\/index.php\/producto\/auto-refractometro-rm9000-republica-dominicana\/","title":{"rendered":"Autorefractometro MO-4471"},"content":{"rendered":"\r\n<figure class=\"wp-block-table is-style-stripes\">\r\n<div class=\"detail-decorate-json-renderer-container\">\r\n<div class=\"magic-1\">\r\n<div class=\"magic-2\">\r\n<div class=\"magic-3\">\r\n<div class=\"magic-4\">\r\n<div>\r\n<div class=\"magic-16\">\r\n<h1 class=\"magic-16\" style=\"text-align: left;\"><b class=\"magic-15\"><span class=\"magic-17\" data-spm-anchor-id=\"a2700.details.0.i32.79292e8dlzXfjp\">Caracter\u00edstica<\/span><\/b><\/h1>\r\n<\/div>\r\n<\/div>\r\n<\/div>\r\n<\/div>\r\n<\/div>\r\n<\/div>\r\n<\/div>\r\n<div class=\"ife-detail-decorate-table\">\r\n<table class=\"hight-light-first-column all magic-19\" style=\"height: 1134px;\" width=\"813\">\r\n<tbody>\r\n<tr>\r\n<td colspan=\"1\" rowspan=\"3\">\r\n<div class=\"magic-20\">Modo de medici\u00f3n<\/div>\r\n<\/td>\r\n<td colspan=\"1\" rowspan=\"1\">\r\n<div class=\"magic-21\"><span style=\"font-family: Arial;\"><br \/>K\/modo R<\/span><\/div>\r\n<\/td>\r\n<td colspan=\"1\" rowspan=\"1\">\r\n<div class=\"magic-22\"><span style=\"font-family: Arial;\"><br \/>Refracci\u00f3n<\/span><\/div>\r\n<\/td>\r\n<\/tr>\r\n<tr>\r\n<td colspan=\"1\" rowspan=\"1\">\r\n<div class=\"magic-21\"><span style=\"font-family: Arial;\"><br \/>REF modo<\/span><\/div>\r\n<\/td>\r\n<td colspan=\"1\" rowspan=\"1\">\r\n<div class=\"magic-22\"><span style=\"font-family: Arial;\"><br \/>Refractiva de medici\u00f3n<\/span><\/div>\r\n<\/td>\r\n<\/tr>\r\n<tr>\r\n<td colspan=\"1\" rowspan=\"1\">\r\n<div class=\"magic-21\"><span style=\"font-family: Arial;\"><br \/>KEF modo<\/span><\/div>\r\n<\/td>\r\n<td colspan=\"1\" rowspan=\"1\">\r\n<div class=\"magic-22\"><span style=\"font-family: Arial;\"><br \/>Curvatura Corneal de medici\u00f3n<\/span><\/div>\r\n<\/td>\r\n<\/tr>\r\n<tr>\r\n<td colspan=\"1\" rowspan=\"7\">\r\n<div class=\"magic-20\"><br \/>Refractiva de medici\u00f3n<\/div>\r\n<\/td>\r\n<td colspan=\"1\" rowspan=\"1\">\r\n<div class=\"magic-21\"><span style=\"font-family: Arial;\"><br \/>V\u00e9rtice distancia<\/span><\/div>\r\n<\/td>\r\n<td colspan=\"1\" rowspan=\"1\">\r\n<div class=\"magic-22\"><span style=\"font-family: Arial;\"><br \/>0,0 y 12,0 de 13,75 de 15,0mm<\/span><\/div>\r\n<\/td>\r\n<\/tr>\r\n<tr>\r\n<td colspan=\"1\" rowspan=\"1\">\r\n<div class=\"magic-21\"><span style=\"font-family: Arial;\"><br \/>Esfera<\/span><\/div>\r\n<\/td>\r\n<td colspan=\"1\" rowspan=\"1\">\r\n<div class=\"magic-22\"><span style=\"font-family: Arial;\"><br \/>-20,00 ~ + 20.00D<br \/><br \/>(0,12\/0.25D paso)(VD = 12mm)<\/span><\/div>\r\n<\/td>\r\n<\/tr>\r\n<tr>\r\n<td colspan=\"1\" rowspan=\"1\">\r\n<div class=\"magic-21\"><span style=\"font-family: Arial;\"><br \/>Cilindro<\/span><\/div>\r\n<\/td>\r\n<td colspan=\"1\" rowspan=\"1\">\r\n<div class=\"magic-22\"><span style=\"font-family: Arial;\"><br \/>0,00 ~ \u00b1 10.00D (0,12\/0.25D paso)<\/span><\/div>\r\n<\/td>\r\n<\/tr>\r\n<tr>\r\n<td colspan=\"1\" rowspan=\"1\">\r\n<div class=\"magic-21\"><span style=\"font-family: Arial;\"><br \/>Eje<\/span><\/div>\r\n<\/td>\r\n<td colspan=\"1\" rowspan=\"1\">\r\n<div class=\"magic-22\"><span style=\"font-family: Arial;\"><br \/>1 \u00b0 ~ 180 \u00b0(1 \u00b0 paso)<\/span><\/div>\r\n<\/td>\r\n<\/tr>\r\n<tr>\r\n<td colspan=\"1\" rowspan=\"1\">\r\n<div class=\"magic-21\"><span style=\"font-family: Arial;\"><br \/>La distancia de la pupila<\/span><\/div>\r\n<\/td>\r\n<td colspan=\"1\" rowspan=\"1\">\r\n<div class=\"magic-22\"><span style=\"font-family: Arial;\"><br \/>30 ~ 85mm<\/span><\/div>\r\n<\/td>\r\n<\/tr>\r\n<tr>\r\n<td colspan=\"1\" rowspan=\"1\">\r\n<div class=\"magic-21\"><span style=\"font-family: Arial;\"><br \/>Min di\u00e1metro de la pupila mensurables<\/span><\/div>\r\n<\/td>\r\n<td colspan=\"1\" rowspan=\"1\">\r\n<div class=\"magic-22\"><span style=\"font-family: Arial;\"><br \/>2,0mm<\/span><\/div>\r\n<\/td>\r\n<\/tr>\r\n<tr>\r\n<td colspan=\"1\" rowspan=\"1\">\r\n<div class=\"magic-21\"><span style=\"font-family: Arial;\"><br \/>Objetivo<\/span><\/div>\r\n<\/td>\r\n<td colspan=\"1\" rowspan=\"1\">\r\n<div class=\"magic-22\"><span style=\"font-family: Arial;\"><br \/>Autom\u00e1tico de nebulizaci\u00f3n objetivo<\/span><\/div>\r\n<\/td>\r\n<\/tr>\r\n<tr>\r\n<td colspan=\"1\" rowspan=\"5\">\r\n<div class=\"magic-20\"><br \/>Curvatura Corneal de medici\u00f3n<\/div>\r\n<\/td>\r\n<td colspan=\"1\" rowspan=\"1\">\r\n<div class=\"magic-21\"><span style=\"font-family: Arial;\"><br \/>Radio de Curvatura<\/span><\/div>\r\n<\/td>\r\n<td colspan=\"1\" rowspan=\"1\">\r\n<div class=\"magic-22\"><span style=\"font-family: Arial;\"><br \/>5 ~ 10mm (0,01 mmstep)<\/span><\/div>\r\n<\/td>\r\n<\/tr>\r\n<tr>\r\n<td colspan=\"1\" rowspan=\"1\">\r\n<div class=\"magic-21\"><span style=\"font-family: Arial;\"><br \/>La c\u00f3rnea de refracci\u00f3n<\/span><\/div>\r\n<\/td>\r\n<td colspan=\"1\" rowspan=\"1\">\r\n<div class=\"magic-22\"><span style=\"font-family: Arial;\"><br \/>33,00 ~ 67.00D (0,12\/0,25 Dstep)<\/span><\/div>\r\n<\/td>\r\n<\/tr>\r\n<tr>\r\n<td colspan=\"1\" rowspan=\"1\">\r\n<div class=\"magic-21\"><span style=\"font-family: Arial;\"><br \/>La c\u00f3rnea astigmatismo<\/span><\/div>\r\n<\/td>\r\n<td colspan=\"1\" rowspan=\"1\">\r\n<div class=\"magic-22\"><span style=\"font-family: Arial;\"><br \/>0,00 ~-15.00D (0,12\/0,25 Dstep)<\/span><\/div>\r\n<\/td>\r\n<\/tr>\r\n<tr>\r\n<td colspan=\"1\" rowspan=\"1\">\r\n<div class=\"magic-21\"><span style=\"font-family: Arial;\"><br \/>\u00c1ngulo de la c\u00f3rnea<\/span><\/div>\r\n<\/td>\r\n<td colspan=\"1\" rowspan=\"1\">\r\n<div class=\"magic-22\"><span style=\"font-family: Arial;\"><br \/>1 \u00b0 ~ 180 \u00b0(1 \u00b0 paso)<\/span><\/div>\r\n<\/td>\r\n<\/tr>\r\n<tr>\r\n<td colspan=\"1\" rowspan=\"1\">\r\n<div class=\"magic-21\"><span style=\"font-family: Arial;\"><br \/>La c\u00f3rnea di\u00e1metro<\/span><\/div>\r\n<\/td>\r\n<td colspan=\"1\" rowspan=\"1\">\r\n<div class=\"magic-22\"><span style=\"font-family: Arial;\"><br \/>2,0 ~ 12,00mm<\/span><\/div>\r\n<\/td>\r\n<\/tr>\r\n<tr>\r\n<td colspan=\"1\" rowspan=\"5\">\r\n<div class=\"magic-20\"><br \/>Especificaciones de Hardware del<\/div>\r\n<\/td>\r\n<td colspan=\"1\" rowspan=\"1\">\r\n<div class=\"magic-21\"><span style=\"font-family: Arial;\"><br \/>Monitor<\/span><\/div>\r\n<\/td>\r\n<td colspan=\"1\" rowspan=\"1\">\r\n<div class=\"magic-22\"><span style=\"font-family: Arial;\"><br \/>5,7 pulgadas LCD Color<\/span><\/div>\r\n<\/td>\r\n<\/tr>\r\n<tr>\r\n<td colspan=\"1\" rowspan=\"1\">\r\n<div class=\"magic-21\"><span style=\"font-family: Arial;\"><br \/>Impresora<\/span><\/div>\r\n<\/td>\r\n<td colspan=\"1\" rowspan=\"1\">\r\n<div class=\"magic-22\"><span style=\"font-family: Arial;\"><br \/>R\u00e1pido impresora t\u00e9rmica<\/span><\/div>\r\n<\/td>\r\n<\/tr>\r\n<tr>\r\n<td colspan=\"1\" rowspan=\"1\">\r\n<div class=\"magic-21\"><span style=\"font-family: Arial;\"><br \/>Funci\u00f3n de ahorro de energ\u00eda<\/span><\/div>\r\n<\/td>\r\n<td colspan=\"1\" rowspan=\"1\">\r\n<div class=\"magic-22\"><span style=\"font-family: Arial;\"><br \/>De 5 a 15 minutos (seleccionable)<\/span><\/div>\r\n<\/td>\r\n<\/tr>\r\n<tr>\r\n<td colspan=\"1\" rowspan=\"1\">\r\n<div class=\"magic-21\"><span style=\"font-family: Arial;\"><br \/>Fuente de alimentaci\u00f3n<\/span><\/div>\r\n<\/td>\r\n<td colspan=\"1\" rowspan=\"1\">\r\n<div class=\"magic-22\"><span style=\"font-family: Arial;\"><br \/>AC110 ~ 220 V 50\/60HZ<\/span><\/div>\r\n<\/td>\r\n<\/tr>\r\n<tr>\r\n<td colspan=\"1\" rowspan=\"1\">\r\n<div class=\"magic-21\"><span style=\"font-family: Arial;\"><br \/>Dimensiones\/peso<\/span><\/div>\r\n<\/td>\r\n<td colspan=\"1\" rowspan=\"1\">\r\n<div class=\"magic-22\"><span style=\"font-family: Arial;\" data-spm-anchor-id=\"a2700.details.0.i33.79292e8dlzXfjp\"><br \/>288(W)* 500(D)* 480(H)mm\/14kg<\/span><\/div>\r\n<\/td>\r\n<\/tr>\r\n<\/tbody>\r\n<\/table>\r\n<\/div>\r\n<\/figure>\r\n","protected":false},"excerpt":{"rendered":"<p><span style=\"color: #ff0000;\">ITBIS incluido<\/span><\/p>\n<p><strong>Modelo: <\/strong>MO-4471<\/p>\n<p><strong>Pantalla: <\/strong>5.7&#8243; Pulgadas, full color LCD, t\u00e1ctil<\/p>\n<p><strong>Impresora: <\/strong>Impresora t\u00e9rmica<\/p>\n<p><b>Garant\u00eda<\/b><strong>:<\/strong> 1 a\u00f1o<\/p>\n","protected":false},"featured_media":695,"comment_status":"open","ping_status":"closed","template":"","meta":[],"product_brand":[],"product_cat":[16],"product_tag":[51,53,52],"class_list":{"0":"post-267","1":"product","2":"type-product","3":"status-publish","6":"product_cat-equipos-oftalmologicos","7":"product_tag-auto-refractometro","8":"product_tag-equipos-oftalmicos","9":"product_tag-instrumentos-oftalmologicos","11":"first","12":"instock","13":"shipping-taxable","14":"purchasable","15":"product-type-simple"},"yoast_head":"<!-- This site is optimized with the Yoast SEO plugin v26.4 - https:\/\/yoast.com\/wordpress\/plugins\/seo\/ -->\n<title>Autorefractometro MO-4471 - Multi optica y equipos<\/title>\n<meta name=\"description\" content=\"Modelo: RM9000, Pantalla: 5.7&quot; Pulgadas, color LCD, Impresora t\u00e9rmica, Garant\u00eda: 1 a\u00f1o\" \/>\n<meta name=\"robots\" content=\"index, follow, max-snippet:-1, max-image-preview:large, max-video-preview:-1\" \/>\n<link rel=\"canonical\" href=\"https:\/\/www.opticayequipos.com\/index.php\/producto\/auto-refractometro-rm9000-republica-dominicana\/\" \/>\n<meta property=\"og:locale\" content=\"es_ES\" \/>\n<meta property=\"og:type\" content=\"article\" \/>\n<meta property=\"og:title\" content=\"Autorefractometro MO-4471 - Multi optica y equipos\" \/>\n<meta property=\"og:description\" content=\"Modelo: RM9000, Pantalla: 5.7&quot; Pulgadas, color LCD, Impresora t\u00e9rmica, Garant\u00eda: 1 a\u00f1o\" \/>\n<meta property=\"og:url\" content=\"https:\/\/www.opticayequipos.com\/index.php\/producto\/auto-refractometro-rm9000-republica-dominicana\/\" \/>\n<meta property=\"og:site_name\" content=\"Multi optica y equipos\" \/>\n<meta property=\"article:modified_time\" content=\"2024-11-23T05:31:12+00:00\" \/>\n<meta property=\"og:image\" content=\"https:\/\/www.opticayequipos.com\/wp-content\/uploads\/2021\/03\/AUTO-REFRACTOMETRO-KR9000-3.jpg\" \/>\n\t<meta property=\"og:image:width\" content=\"1000\" \/>\n\t<meta property=\"og:image:height\" content=\"1000\" \/>\n\t<meta property=\"og:image:type\" content=\"image\/jpeg\" \/>\n<meta name=\"twitter:card\" content=\"summary_large_image\" \/>\n<meta name=\"twitter:label1\" content=\"Tiempo de lectura\" \/>\n\t<meta name=\"twitter:data1\" content=\"1 minuto\" \/>\n<script type=\"application\/ld+json\" class=\"yoast-schema-graph\">{\"@context\":\"https:\/\/schema.org\",\"@graph\":[{\"@type\":\"WebPage\",\"@id\":\"https:\/\/www.opticayequipos.com\/index.php\/producto\/auto-refractometro-rm9000-republica-dominicana\/\",\"url\":\"https:\/\/www.opticayequipos.com\/index.php\/producto\/auto-refractometro-rm9000-republica-dominicana\/\",\"name\":\"Autorefractometro MO-4471 - Multi optica y equipos\",\"isPartOf\":{\"@id\":\"https:\/\/www.opticayequipos.com\/#website\"},\"primaryImageOfPage\":{\"@id\":\"https:\/\/www.opticayequipos.com\/index.php\/producto\/auto-refractometro-rm9000-republica-dominicana\/#primaryimage\"},\"image\":{\"@id\":\"https:\/\/www.opticayequipos.com\/index.php\/producto\/auto-refractometro-rm9000-republica-dominicana\/#primaryimage\"},\"thumbnailUrl\":\"https:\/\/www.opticayequipos.com\/wp-content\/uploads\/2021\/03\/AUTO-REFRACTOMETRO-KR9000-3.jpg\",\"datePublished\":\"2021-03-16T22:11:10+00:00\",\"dateModified\":\"2024-11-23T05:31:12+00:00\",\"description\":\"Modelo: RM9000, Pantalla: 5.7\\\" Pulgadas, color LCD, Impresora t\u00e9rmica, Garant\u00eda: 1 a\u00f1o\",\"breadcrumb\":{\"@id\":\"https:\/\/www.opticayequipos.com\/index.php\/producto\/auto-refractometro-rm9000-republica-dominicana\/#breadcrumb\"},\"inLanguage\":\"es\",\"potentialAction\":[{\"@type\":\"ReadAction\",\"target\":[\"https:\/\/www.opticayequipos.com\/index.php\/producto\/auto-refractometro-rm9000-republica-dominicana\/\"]}]},{\"@type\":\"ImageObject\",\"inLanguage\":\"es\",\"@id\":\"https:\/\/www.opticayequipos.com\/index.php\/producto\/auto-refractometro-rm9000-republica-dominicana\/#primaryimage\",\"url\":\"https:\/\/www.opticayequipos.com\/wp-content\/uploads\/2021\/03\/AUTO-REFRACTOMETRO-KR9000-3.jpg\",\"contentUrl\":\"https:\/\/www.opticayequipos.com\/wp-content\/uploads\/2021\/03\/AUTO-REFRACTOMETRO-KR9000-3.jpg\",\"width\":1000,\"height\":1000},{\"@type\":\"BreadcrumbList\",\"@id\":\"https:\/\/www.opticayequipos.com\/index.php\/producto\/auto-refractometro-rm9000-republica-dominicana\/#breadcrumb\",\"itemListElement\":[{\"@type\":\"ListItem\",\"position\":1,\"name\":\"Portada\",\"item\":\"https:\/\/www.opticayequipos.com\/\"},{\"@type\":\"ListItem\",\"position\":2,\"name\":\"Mi lista de deseos\",\"item\":\"https:\/\/www.opticayequipos.com\/index.php\/mi-lista-de-deseos\/\"},{\"@type\":\"ListItem\",\"position\":3,\"name\":\"Autorefractometro MO-4471\"}]},{\"@type\":\"WebSite\",\"@id\":\"https:\/\/www.opticayequipos.com\/#website\",\"url\":\"https:\/\/www.opticayequipos.com\/\",\"name\":\"Multi optica y equipos\",\"description\":\"Venta de equipos oftalmol&oacute;gicos en Republica Dominicana para consultorios y &oacute;pticas\",\"publisher\":{\"@id\":\"https:\/\/www.opticayequipos.com\/#organization\"},\"potentialAction\":[{\"@type\":\"SearchAction\",\"target\":{\"@type\":\"EntryPoint\",\"urlTemplate\":\"https:\/\/www.opticayequipos.com\/?s={search_term_string}\"},\"query-input\":{\"@type\":\"PropertyValueSpecification\",\"valueRequired\":true,\"valueName\":\"search_term_string\"}}],\"inLanguage\":\"es\"},{\"@type\":\"Organization\",\"@id\":\"https:\/\/www.opticayequipos.com\/#organization\",\"name\":\"Multi optica y equipos\",\"url\":\"https:\/\/www.opticayequipos.com\/\",\"logo\":{\"@type\":\"ImageObject\",\"inLanguage\":\"es\",\"@id\":\"https:\/\/www.opticayequipos.com\/#\/schema\/logo\/image\/\",\"url\":\"https:\/\/www.opticayequipos.com\/wp-content\/uploads\/2021\/03\/cropped-LOGO-MOYE-2-2.png\",\"contentUrl\":\"https:\/\/www.opticayequipos.com\/wp-content\/uploads\/2021\/03\/cropped-LOGO-MOYE-2-2.png\",\"width\":552,\"height\":104,\"caption\":\"Multi optica y equipos\"},\"image\":{\"@id\":\"https:\/\/www.opticayequipos.com\/#\/schema\/logo\/image\/\"}}]}<\/script>\n<!-- \/ Yoast SEO plugin. -->","yoast_head_json":{"title":"Autorefractometro MO-4471 - Multi optica y equipos","description":"Modelo: RM9000, Pantalla: 5.7\" Pulgadas, color LCD, Impresora t\u00e9rmica, Garant\u00eda: 1 a\u00f1o","robots":{"index":"index","follow":"follow","max-snippet":"max-snippet:-1","max-image-preview":"max-image-preview:large","max-video-preview":"max-video-preview:-1"},"canonical":"https:\/\/www.opticayequipos.com\/index.php\/producto\/auto-refractometro-rm9000-republica-dominicana\/","og_locale":"es_ES","og_type":"article","og_title":"Autorefractometro MO-4471 - Multi optica y equipos","og_description":"Modelo: RM9000, Pantalla: 5.7\" Pulgadas, color LCD, Impresora t\u00e9rmica, Garant\u00eda: 1 a\u00f1o","og_url":"https:\/\/www.opticayequipos.com\/index.php\/producto\/auto-refractometro-rm9000-republica-dominicana\/","og_site_name":"Multi optica y equipos","article_modified_time":"2024-11-23T05:31:12+00:00","og_image":[{"width":1000,"height":1000,"url":"https:\/\/www.opticayequipos.com\/wp-content\/uploads\/2021\/03\/AUTO-REFRACTOMETRO-KR9000-3.jpg","type":"image\/jpeg"}],"twitter_card":"summary_large_image","twitter_misc":{"Tiempo de lectura":"1 minuto"},"schema":{"@context":"https:\/\/schema.org","@graph":[{"@type":"WebPage","@id":"https:\/\/www.opticayequipos.com\/index.php\/producto\/auto-refractometro-rm9000-republica-dominicana\/","url":"https:\/\/www.opticayequipos.com\/index.php\/producto\/auto-refractometro-rm9000-republica-dominicana\/","name":"Autorefractometro MO-4471 - Multi optica y equipos","isPartOf":{"@id":"https:\/\/www.opticayequipos.com\/#website"},"primaryImageOfPage":{"@id":"https:\/\/www.opticayequipos.com\/index.php\/producto\/auto-refractometro-rm9000-republica-dominicana\/#primaryimage"},"image":{"@id":"https:\/\/www.opticayequipos.com\/index.php\/producto\/auto-refractometro-rm9000-republica-dominicana\/#primaryimage"},"thumbnailUrl":"https:\/\/www.opticayequipos.com\/wp-content\/uploads\/2021\/03\/AUTO-REFRACTOMETRO-KR9000-3.jpg","datePublished":"2021-03-16T22:11:10+00:00","dateModified":"2024-11-23T05:31:12+00:00","description":"Modelo: RM9000, Pantalla: 5.7\" Pulgadas, color LCD, Impresora t\u00e9rmica, Garant\u00eda: 1 a\u00f1o","breadcrumb":{"@id":"https:\/\/www.opticayequipos.com\/index.php\/producto\/auto-refractometro-rm9000-republica-dominicana\/#breadcrumb"},"inLanguage":"es","potentialAction":[{"@type":"ReadAction","target":["https:\/\/www.opticayequipos.com\/index.php\/producto\/auto-refractometro-rm9000-republica-dominicana\/"]}]},{"@type":"ImageObject","inLanguage":"es","@id":"https:\/\/www.opticayequipos.com\/index.php\/producto\/auto-refractometro-rm9000-republica-dominicana\/#primaryimage","url":"https:\/\/www.opticayequipos.com\/wp-content\/uploads\/2021\/03\/AUTO-REFRACTOMETRO-KR9000-3.jpg","contentUrl":"https:\/\/www.opticayequipos.com\/wp-content\/uploads\/2021\/03\/AUTO-REFRACTOMETRO-KR9000-3.jpg","width":1000,"height":1000},{"@type":"BreadcrumbList","@id":"https:\/\/www.opticayequipos.com\/index.php\/producto\/auto-refractometro-rm9000-republica-dominicana\/#breadcrumb","itemListElement":[{"@type":"ListItem","position":1,"name":"Portada","item":"https:\/\/www.opticayequipos.com\/"},{"@type":"ListItem","position":2,"name":"Mi lista de deseos","item":"https:\/\/www.opticayequipos.com\/index.php\/mi-lista-de-deseos\/"},{"@type":"ListItem","position":3,"name":"Autorefractometro MO-4471"}]},{"@type":"WebSite","@id":"https:\/\/www.opticayequipos.com\/#website","url":"https:\/\/www.opticayequipos.com\/","name":"Multi optica y equipos","description":"Venta de equipos oftalmol&oacute;gicos en Republica Dominicana para consultorios y &oacute;pticas","publisher":{"@id":"https:\/\/www.opticayequipos.com\/#organization"},"potentialAction":[{"@type":"SearchAction","target":{"@type":"EntryPoint","urlTemplate":"https:\/\/www.opticayequipos.com\/?s={search_term_string}"},"query-input":{"@type":"PropertyValueSpecification","valueRequired":true,"valueName":"search_term_string"}}],"inLanguage":"es"},{"@type":"Organization","@id":"https:\/\/www.opticayequipos.com\/#organization","name":"Multi optica y equipos","url":"https:\/\/www.opticayequipos.com\/","logo":{"@type":"ImageObject","inLanguage":"es","@id":"https:\/\/www.opticayequipos.com\/#\/schema\/logo\/image\/","url":"https:\/\/www.opticayequipos.com\/wp-content\/uploads\/2021\/03\/cropped-LOGO-MOYE-2-2.png","contentUrl":"https:\/\/www.opticayequipos.com\/wp-content\/uploads\/2021\/03\/cropped-LOGO-MOYE-2-2.png","width":552,"height":104,"caption":"Multi optica y equipos"},"image":{"@id":"https:\/\/www.opticayequipos.com\/#\/schema\/logo\/image\/"}}]}},"_links":{"self":[{"href":"https:\/\/www.opticayequipos.com\/index.php\/wp-json\/wp\/v2\/product\/267","targetHints":{"allow":["GET"]}}],"collection":[{"href":"https:\/\/www.opticayequipos.com\/index.php\/wp-json\/wp\/v2\/product"}],"about":[{"href":"https:\/\/www.opticayequipos.com\/index.php\/wp-json\/wp\/v2\/types\/product"}],"replies":[{"embeddable":true,"href":"https:\/\/www.opticayequipos.com\/index.php\/wp-json\/wp\/v2\/comments?post=267"}],"wp:featuredmedia":[{"embeddable":true,"href":"https:\/\/www.opticayequipos.com\/index.php\/wp-json\/wp\/v2\/media\/695"}],"wp:attachment":[{"href":"https:\/\/www.opticayequipos.com\/index.php\/wp-json\/wp\/v2\/media?parent=267"}],"wp:term":[{"taxonomy":"product_brand","embeddable":true,"href":"https:\/\/www.opticayequipos.com\/index.php\/wp-json\/wp\/v2\/product_brand?post=267"},{"taxonomy":"product_cat","embeddable":true,"href":"https:\/\/www.opticayequipos.com\/index.php\/wp-json\/wp\/v2\/product_cat?post=267"},{"taxonomy":"product_tag","embeddable":true,"href":"https:\/\/www.opticayequipos.com\/index.php\/wp-json\/wp\/v2\/product_tag?post=267"}],"curies":[{"name":"wp","href":"https:\/\/api.w.org\/{rel}","templated":true}]}}