{"id":294,"date":"2021-03-17T16:34:24","date_gmt":"2021-03-17T20:34:24","guid":{"rendered":"https:\/\/www.opticayequipos.com\/?post_type=product&#038;p=294"},"modified":"2024-07-19T19:23:05","modified_gmt":"2024-07-19T23:23:05","slug":"auto-refractometro-queratometro-kr9000-republica-dominicana","status":"publish","type":"product","link":"https:\/\/www.opticayequipos.com\/index.php\/producto\/auto-refractometro-queratometro-kr9000-republica-dominicana\/","title":{"rendered":"Autorefractometro queratometro MO-4455"},"content":{"rendered":"<h1 class=\"magic-16\" style=\"text-align: left;\"><b class=\"magic-15\"><span class=\"magic-17\" data-spm-anchor-id=\"a2700.details.0.i32.79292e8dlzXfjp\">Caracter\u00edstica<\/span><\/b><\/h1>\r\n<div class=\"block-list-appender wp-block\" tabindex=\"-1\">\r\n<div class=\"wp-block block-editor-default-block-appender\" data-root-client-id=\"\">\r\n<table class=\"aliDataTable\" style=\"height: 718px;\" border=\"0\" width=\"941\">\r\n<tbody>\r\n<tr>\r\n<td rowspan=\"3\" data-spm-anchor-id=\"a2700.wholesale.0.i28.33232a63efktS3\"><strong>Modo de medida<\/strong><\/td>\r\n<td>K\/R modo<\/td>\r\n<td>Medici\u00f3n refractiva y queratometr\u00eda.<\/td>\r\n<\/tr>\r\n<tr>\r\n<td>REF modo<\/td>\r\n<td data-spm-anchor-id=\"a2700.wholesale.0.i26.33232a63efktS3\">Medida refractiva<\/td>\r\n<\/tr>\r\n<tr>\r\n<td data-spm-anchor-id=\"a2700.wholesale.0.i25.33232a63efktS3\">KEF modo<\/td>\r\n<td>Medici\u00f3n de la curvatura corneal<\/td>\r\n<\/tr>\r\n<tr>\r\n<td rowspan=\"7\"><strong>Medida refractiva<\/strong><\/td>\r\n<td>Distancia del v\u00e9rtice<\/td>\r\n<td>0.0,12.0,13.75,15.0 mm<\/td>\r\n<\/tr>\r\n<tr>\r\n<td>Esfera<\/td>\r\n<td>-20.00~+20.00D (0.12\/0.25D step) (VD=12mm)<\/td>\r\n<\/tr>\r\n<tr>\r\n<td>Cilindro<\/td>\r\n<td>0.00~\u00b110.00D (0.12\/0.25D step)<\/td>\r\n<\/tr>\r\n<tr>\r\n<td>Eje<\/td>\r\n<td>1\u00b0~180\u00b0(1\u00b0 step)<\/td>\r\n<\/tr>\r\n<tr>\r\n<td>Distancia de la pupila<\/td>\r\n<td>30~85 mm<\/td>\r\n<\/tr>\r\n<tr>\r\n<td><span class=\"JLqJ4b ChMk0b\" data-language-for-alternatives=\"es\" data-language-to-translate-into=\"en\" data-phrase-index=\"24\">Min.<\/span> <span class=\"JLqJ4b ChMk0b\" data-language-for-alternatives=\"es\" data-language-to-translate-into=\"en\" data-phrase-index=\"25\">di\u00e1metro de la pupila medible<\/span><\/td>\r\n<td>2.0mm<\/td>\r\n<\/tr>\r\n<tr>\r\n<td>Objetivo<\/td>\r\n<td>Objetivo de nebulizaci\u00f3n autom\u00e1tica<\/td>\r\n<\/tr>\r\n<tr>\r\n<td rowspan=\"5\"><strong>Medici\u00f3n de la curvatura corneal<\/strong><\/td>\r\n<td>Radio de curvatura<\/td>\r\n<td>5~10mm (0.01mm step)<\/td>\r\n<\/tr>\r\n<tr>\r\n<td>Refracci\u00f3n corneal<\/td>\r\n<td>33.00~67.00D (0.12\/0.25D step)<\/td>\r\n<\/tr>\r\n<tr>\r\n<td>Astigmatismo corneal<\/td>\r\n<td>0.00~-15.00D (0.12\/0.25D step)<\/td>\r\n<\/tr>\r\n<tr>\r\n<td>\u00c1ngulo de la c\u00f3rnea<\/td>\r\n<td>1\u00b0~180\u00b0(1\u00b0step)<\/td>\r\n<\/tr>\r\n<tr>\r\n<td>Di\u00e1metro corneal<\/td>\r\n<td>2.0~12.00mm<\/td>\r\n<\/tr>\r\n<tr>\r\n<td rowspan=\"5\"><strong>Especificaci\u00f3n de hardware<\/strong><\/td>\r\n<td>Pantalla<\/td>\r\n<td>5.7 pulgadas, Color LCD<\/td>\r\n<\/tr>\r\n<tr>\r\n<td>Impresora<\/td>\r\n<td>Impresora t\u00e9rmica<\/td>\r\n<\/tr>\r\n<tr>\r\n<td>Funci\u00f3n de ahorro de energ\u00eda<\/td>\r\n<td>APAGADO, 5, 15 minutos (seleccionable)<\/td>\r\n<\/tr>\r\n<tr>\r\n<td>Fuente de energ\u00eda<\/td>\r\n<td>AC110~220 V,50\/60HZ<\/td>\r\n<\/tr>\r\n<tr>\r\n<td>Dimensiones y peso<\/td>\r\n<td><span class=\"VIiyi\" lang=\"es\"><span class=\"JLqJ4b ChMk0b\" data-language-for-alternatives=\"es\" data-language-to-translate-into=\"en\" data-phrase-index=\"10\">288 (ancho) * 500 (profundidad) * 480 (alto) mm \/ 14k<\/span><\/span><\/td>\r\n<\/tr>\r\n<\/tbody>\r\n<\/table>\r\n<\/div>\r\n<\/div>\r\n<!-- \/wp:post-content -->","protected":false},"excerpt":{"rendered":"<p><span style=\"color: #ff0000;\">ITBIS incluido<\/span><\/p>\n<p><strong>Modelo: <\/strong>MO-4455<\/p>\n<p><strong>Pantalla: <\/strong>5.7&#8243; Pulgadas, color LCD, t\u00e1ctil<\/p>\n<p><strong>Impresora: <\/strong>Impresora t\u00e9rmica<\/p>\n<p><b>Garant\u00eda<\/b><strong>:<\/strong> 1 a\u00f1o<\/p>\n","protected":false},"featured_media":694,"comment_status":"open","ping_status":"closed","template":"","meta":[],"product_brand":[],"product_cat":[16],"product_tag":[51,38,52,22],"class_list":{"0":"post-294","1":"product","2":"type-product","3":"status-publish","6":"product_cat-equipos-oftalmologicos","7":"product_tag-auto-refractometro","8":"product_tag-equipos","9":"product_tag-instrumentos-oftalmologicos","10":"product_tag-queratometro","12":"first","13":"instock","14":"shipping-taxable","15":"purchasable","16":"product-type-simple"},"yoast_head":"<!-- This site is optimized with the Yoast SEO plugin v26.4 - https:\/\/yoast.com\/wordpress\/plugins\/seo\/ -->\n<title>Autorefractometro queratometro MO-4455 - Multi optica y equipos<\/title>\n<meta name=\"description\" content=\"Modelo: KR-9000Pantalla: 5.7&quot; Pulgadas, color LCD, t\u00e1ctil, Impresora: Impresora t\u00e9rmica, Garant\u00eda: 1 a\u00f1o\" \/>\n<meta name=\"robots\" content=\"index, follow, max-snippet:-1, max-image-preview:large, max-video-preview:-1\" \/>\n<link rel=\"canonical\" href=\"https:\/\/www.opticayequipos.com\/index.php\/producto\/auto-refractometro-queratometro-kr9000-republica-dominicana\/\" \/>\n<meta property=\"og:locale\" content=\"es_ES\" \/>\n<meta property=\"og:type\" content=\"article\" \/>\n<meta property=\"og:title\" content=\"Autorefractometro queratometro MO-4455 - Multi optica y equipos\" \/>\n<meta property=\"og:description\" content=\"Modelo: KR-9000Pantalla: 5.7&quot; Pulgadas, color LCD, t\u00e1ctil, Impresora: Impresora t\u00e9rmica, Garant\u00eda: 1 a\u00f1o\" \/>\n<meta property=\"og:url\" content=\"https:\/\/www.opticayequipos.com\/index.php\/producto\/auto-refractometro-queratometro-kr9000-republica-dominicana\/\" \/>\n<meta property=\"og:site_name\" content=\"Multi optica y equipos\" \/>\n<meta property=\"article:modified_time\" content=\"2024-07-19T23:23:05+00:00\" \/>\n<meta property=\"og:image\" content=\"https:\/\/www.opticayequipos.com\/wp-content\/uploads\/2021\/03\/AUTO-REFRACTOMETRO-KR9000-2.jpg\" \/>\n\t<meta property=\"og:image:width\" content=\"1000\" \/>\n\t<meta property=\"og:image:height\" content=\"1000\" \/>\n\t<meta property=\"og:image:type\" content=\"image\/jpeg\" \/>\n<meta name=\"twitter:card\" content=\"summary_large_image\" \/>\n<meta name=\"twitter:label1\" content=\"Tiempo de lectura\" \/>\n\t<meta name=\"twitter:data1\" content=\"1 minuto\" \/>\n<script type=\"application\/ld+json\" class=\"yoast-schema-graph\">{\"@context\":\"https:\/\/schema.org\",\"@graph\":[{\"@type\":\"WebPage\",\"@id\":\"https:\/\/www.opticayequipos.com\/index.php\/producto\/auto-refractometro-queratometro-kr9000-republica-dominicana\/\",\"url\":\"https:\/\/www.opticayequipos.com\/index.php\/producto\/auto-refractometro-queratometro-kr9000-republica-dominicana\/\",\"name\":\"Autorefractometro queratometro MO-4455 - Multi optica y equipos\",\"isPartOf\":{\"@id\":\"https:\/\/www.opticayequipos.com\/#website\"},\"primaryImageOfPage\":{\"@id\":\"https:\/\/www.opticayequipos.com\/index.php\/producto\/auto-refractometro-queratometro-kr9000-republica-dominicana\/#primaryimage\"},\"image\":{\"@id\":\"https:\/\/www.opticayequipos.com\/index.php\/producto\/auto-refractometro-queratometro-kr9000-republica-dominicana\/#primaryimage\"},\"thumbnailUrl\":\"https:\/\/www.opticayequipos.com\/wp-content\/uploads\/2021\/03\/AUTO-REFRACTOMETRO-KR9000-2.jpg\",\"datePublished\":\"2021-03-17T20:34:24+00:00\",\"dateModified\":\"2024-07-19T23:23:05+00:00\",\"description\":\"Modelo: KR-9000Pantalla: 5.7\\\" Pulgadas, color LCD, t\u00e1ctil, Impresora: Impresora t\u00e9rmica, Garant\u00eda: 1 a\u00f1o\",\"breadcrumb\":{\"@id\":\"https:\/\/www.opticayequipos.com\/index.php\/producto\/auto-refractometro-queratometro-kr9000-republica-dominicana\/#breadcrumb\"},\"inLanguage\":\"es\",\"potentialAction\":[{\"@type\":\"ReadAction\",\"target\":[\"https:\/\/www.opticayequipos.com\/index.php\/producto\/auto-refractometro-queratometro-kr9000-republica-dominicana\/\"]}]},{\"@type\":\"ImageObject\",\"inLanguage\":\"es\",\"@id\":\"https:\/\/www.opticayequipos.com\/index.php\/producto\/auto-refractometro-queratometro-kr9000-republica-dominicana\/#primaryimage\",\"url\":\"https:\/\/www.opticayequipos.com\/wp-content\/uploads\/2021\/03\/AUTO-REFRACTOMETRO-KR9000-2.jpg\",\"contentUrl\":\"https:\/\/www.opticayequipos.com\/wp-content\/uploads\/2021\/03\/AUTO-REFRACTOMETRO-KR9000-2.jpg\",\"width\":1000,\"height\":1000},{\"@type\":\"BreadcrumbList\",\"@id\":\"https:\/\/www.opticayequipos.com\/index.php\/producto\/auto-refractometro-queratometro-kr9000-republica-dominicana\/#breadcrumb\",\"itemListElement\":[{\"@type\":\"ListItem\",\"position\":1,\"name\":\"Portada\",\"item\":\"https:\/\/www.opticayequipos.com\/\"},{\"@type\":\"ListItem\",\"position\":2,\"name\":\"Mi lista de deseos\",\"item\":\"https:\/\/www.opticayequipos.com\/index.php\/mi-lista-de-deseos\/\"},{\"@type\":\"ListItem\",\"position\":3,\"name\":\"Autorefractometro queratometro MO-4455\"}]},{\"@type\":\"WebSite\",\"@id\":\"https:\/\/www.opticayequipos.com\/#website\",\"url\":\"https:\/\/www.opticayequipos.com\/\",\"name\":\"Multi optica y equipos\",\"description\":\"Venta de equipos oftalmol&oacute;gicos en Republica Dominicana para consultorios y &oacute;pticas\",\"publisher\":{\"@id\":\"https:\/\/www.opticayequipos.com\/#organization\"},\"potentialAction\":[{\"@type\":\"SearchAction\",\"target\":{\"@type\":\"EntryPoint\",\"urlTemplate\":\"https:\/\/www.opticayequipos.com\/?s={search_term_string}\"},\"query-input\":{\"@type\":\"PropertyValueSpecification\",\"valueRequired\":true,\"valueName\":\"search_term_string\"}}],\"inLanguage\":\"es\"},{\"@type\":\"Organization\",\"@id\":\"https:\/\/www.opticayequipos.com\/#organization\",\"name\":\"Multi optica y equipos\",\"url\":\"https:\/\/www.opticayequipos.com\/\",\"logo\":{\"@type\":\"ImageObject\",\"inLanguage\":\"es\",\"@id\":\"https:\/\/www.opticayequipos.com\/#\/schema\/logo\/image\/\",\"url\":\"https:\/\/www.opticayequipos.com\/wp-content\/uploads\/2021\/03\/cropped-LOGO-MOYE-2-2.png\",\"contentUrl\":\"https:\/\/www.opticayequipos.com\/wp-content\/uploads\/2021\/03\/cropped-LOGO-MOYE-2-2.png\",\"width\":552,\"height\":104,\"caption\":\"Multi optica y equipos\"},\"image\":{\"@id\":\"https:\/\/www.opticayequipos.com\/#\/schema\/logo\/image\/\"}}]}<\/script>\n<!-- \/ Yoast SEO plugin. -->","yoast_head_json":{"title":"Autorefractometro queratometro MO-4455 - Multi optica y equipos","description":"Modelo: KR-9000Pantalla: 5.7\" Pulgadas, color LCD, t\u00e1ctil, Impresora: Impresora t\u00e9rmica, Garant\u00eda: 1 a\u00f1o","robots":{"index":"index","follow":"follow","max-snippet":"max-snippet:-1","max-image-preview":"max-image-preview:large","max-video-preview":"max-video-preview:-1"},"canonical":"https:\/\/www.opticayequipos.com\/index.php\/producto\/auto-refractometro-queratometro-kr9000-republica-dominicana\/","og_locale":"es_ES","og_type":"article","og_title":"Autorefractometro queratometro MO-4455 - Multi optica y equipos","og_description":"Modelo: KR-9000Pantalla: 5.7\" Pulgadas, color LCD, t\u00e1ctil, Impresora: Impresora t\u00e9rmica, Garant\u00eda: 1 a\u00f1o","og_url":"https:\/\/www.opticayequipos.com\/index.php\/producto\/auto-refractometro-queratometro-kr9000-republica-dominicana\/","og_site_name":"Multi optica y equipos","article_modified_time":"2024-07-19T23:23:05+00:00","og_image":[{"width":1000,"height":1000,"url":"https:\/\/www.opticayequipos.com\/wp-content\/uploads\/2021\/03\/AUTO-REFRACTOMETRO-KR9000-2.jpg","type":"image\/jpeg"}],"twitter_card":"summary_large_image","twitter_misc":{"Tiempo de lectura":"1 minuto"},"schema":{"@context":"https:\/\/schema.org","@graph":[{"@type":"WebPage","@id":"https:\/\/www.opticayequipos.com\/index.php\/producto\/auto-refractometro-queratometro-kr9000-republica-dominicana\/","url":"https:\/\/www.opticayequipos.com\/index.php\/producto\/auto-refractometro-queratometro-kr9000-republica-dominicana\/","name":"Autorefractometro queratometro MO-4455 - Multi optica y equipos","isPartOf":{"@id":"https:\/\/www.opticayequipos.com\/#website"},"primaryImageOfPage":{"@id":"https:\/\/www.opticayequipos.com\/index.php\/producto\/auto-refractometro-queratometro-kr9000-republica-dominicana\/#primaryimage"},"image":{"@id":"https:\/\/www.opticayequipos.com\/index.php\/producto\/auto-refractometro-queratometro-kr9000-republica-dominicana\/#primaryimage"},"thumbnailUrl":"https:\/\/www.opticayequipos.com\/wp-content\/uploads\/2021\/03\/AUTO-REFRACTOMETRO-KR9000-2.jpg","datePublished":"2021-03-17T20:34:24+00:00","dateModified":"2024-07-19T23:23:05+00:00","description":"Modelo: KR-9000Pantalla: 5.7\" Pulgadas, color LCD, t\u00e1ctil, Impresora: Impresora t\u00e9rmica, Garant\u00eda: 1 a\u00f1o","breadcrumb":{"@id":"https:\/\/www.opticayequipos.com\/index.php\/producto\/auto-refractometro-queratometro-kr9000-republica-dominicana\/#breadcrumb"},"inLanguage":"es","potentialAction":[{"@type":"ReadAction","target":["https:\/\/www.opticayequipos.com\/index.php\/producto\/auto-refractometro-queratometro-kr9000-republica-dominicana\/"]}]},{"@type":"ImageObject","inLanguage":"es","@id":"https:\/\/www.opticayequipos.com\/index.php\/producto\/auto-refractometro-queratometro-kr9000-republica-dominicana\/#primaryimage","url":"https:\/\/www.opticayequipos.com\/wp-content\/uploads\/2021\/03\/AUTO-REFRACTOMETRO-KR9000-2.jpg","contentUrl":"https:\/\/www.opticayequipos.com\/wp-content\/uploads\/2021\/03\/AUTO-REFRACTOMETRO-KR9000-2.jpg","width":1000,"height":1000},{"@type":"BreadcrumbList","@id":"https:\/\/www.opticayequipos.com\/index.php\/producto\/auto-refractometro-queratometro-kr9000-republica-dominicana\/#breadcrumb","itemListElement":[{"@type":"ListItem","position":1,"name":"Portada","item":"https:\/\/www.opticayequipos.com\/"},{"@type":"ListItem","position":2,"name":"Mi lista de deseos","item":"https:\/\/www.opticayequipos.com\/index.php\/mi-lista-de-deseos\/"},{"@type":"ListItem","position":3,"name":"Autorefractometro queratometro MO-4455"}]},{"@type":"WebSite","@id":"https:\/\/www.opticayequipos.com\/#website","url":"https:\/\/www.opticayequipos.com\/","name":"Multi optica y equipos","description":"Venta de equipos oftalmol&oacute;gicos en Republica Dominicana para consultorios y &oacute;pticas","publisher":{"@id":"https:\/\/www.opticayequipos.com\/#organization"},"potentialAction":[{"@type":"SearchAction","target":{"@type":"EntryPoint","urlTemplate":"https:\/\/www.opticayequipos.com\/?s={search_term_string}"},"query-input":{"@type":"PropertyValueSpecification","valueRequired":true,"valueName":"search_term_string"}}],"inLanguage":"es"},{"@type":"Organization","@id":"https:\/\/www.opticayequipos.com\/#organization","name":"Multi optica y equipos","url":"https:\/\/www.opticayequipos.com\/","logo":{"@type":"ImageObject","inLanguage":"es","@id":"https:\/\/www.opticayequipos.com\/#\/schema\/logo\/image\/","url":"https:\/\/www.opticayequipos.com\/wp-content\/uploads\/2021\/03\/cropped-LOGO-MOYE-2-2.png","contentUrl":"https:\/\/www.opticayequipos.com\/wp-content\/uploads\/2021\/03\/cropped-LOGO-MOYE-2-2.png","width":552,"height":104,"caption":"Multi optica y equipos"},"image":{"@id":"https:\/\/www.opticayequipos.com\/#\/schema\/logo\/image\/"}}]}},"_links":{"self":[{"href":"https:\/\/www.opticayequipos.com\/index.php\/wp-json\/wp\/v2\/product\/294","targetHints":{"allow":["GET"]}}],"collection":[{"href":"https:\/\/www.opticayequipos.com\/index.php\/wp-json\/wp\/v2\/product"}],"about":[{"href":"https:\/\/www.opticayequipos.com\/index.php\/wp-json\/wp\/v2\/types\/product"}],"replies":[{"embeddable":true,"href":"https:\/\/www.opticayequipos.com\/index.php\/wp-json\/wp\/v2\/comments?post=294"}],"wp:featuredmedia":[{"embeddable":true,"href":"https:\/\/www.opticayequipos.com\/index.php\/wp-json\/wp\/v2\/media\/694"}],"wp:attachment":[{"href":"https:\/\/www.opticayequipos.com\/index.php\/wp-json\/wp\/v2\/media?parent=294"}],"wp:term":[{"taxonomy":"product_brand","embeddable":true,"href":"https:\/\/www.opticayequipos.com\/index.php\/wp-json\/wp\/v2\/product_brand?post=294"},{"taxonomy":"product_cat","embeddable":true,"href":"https:\/\/www.opticayequipos.com\/index.php\/wp-json\/wp\/v2\/product_cat?post=294"},{"taxonomy":"product_tag","embeddable":true,"href":"https:\/\/www.opticayequipos.com\/index.php\/wp-json\/wp\/v2\/product_tag?post=294"}],"curies":[{"name":"wp","href":"https:\/\/api.w.org\/{rel}","templated":true}]}}