{"id":298,"date":"2021-03-17T17:30:58","date_gmt":"2021-03-17T21:30:58","guid":{"rendered":"https:\/\/www.opticayequipos.com\/?post_type=product&#038;p=298"},"modified":"2021-12-02T15:41:36","modified_gmt":"2021-12-02T19:41:36","slug":"oftalmoscopio-indirecto-yz25c-republica-dominicana","status":"publish","type":"product","link":"https:\/\/www.opticayequipos.com\/index.php\/producto\/oftalmoscopio-indirecto-yz25c-republica-dominicana\/","title":{"rendered":"Oftalmoscopio indirecto MO-4484"},"content":{"rendered":"<h1 class=\"magic-16\" style=\"text-align: left;\"><b class=\"magic-15\"><span class=\"magic-17\" data-spm-anchor-id=\"a2700.details.0.i32.79292e8dlzXfjp\">Caracter\u00edstica<\/span><\/b><\/h1>\n<table style=\"height: 269px;\" border=\"1\" width=\"642\">\n<tbody>\n<tr>\n<td>\n<p data-spm-anchor-id=\"a2700.wholesale.0.i25.2ca12aecWrZ1ev\"><span data-spm-anchor-id=\"a2700.wholesale.0.i28.2ca12aecWrZ1ev\">\u00c1ngulo Visual<\/span><\/p>\n<\/td>\n<td>45 \u00b0 \u00b1 5 \u00b0<\/td>\n<\/tr>\n<tr>\n<td>\n<p data-spm-anchor-id=\"a2700.wholesale.0.i26.2ca12aecWrZ1ev\">Distancia de la pupila<\/p>\n<\/td>\n<td>52mm-74mm<\/td>\n<\/tr>\n<tr>\n<td>Peso<\/td>\n<td>\u2264 320g (excepto la cabeza Marco)<\/td>\n<\/tr>\n<tr>\n<td>Rango ajustable de la cabeza de<\/td>\n<td>Per\u00edmetro cabeza: 530mm-630mm<\/td>\n<\/tr>\n<tr>\n<td>Profundidad<\/td>\n<td>85mm-125mm<\/td>\n<\/tr>\n<tr>\n<td>Fuente de iluminaci\u00f3n<\/td>\n<td>6V\/10W bombilla hal\u00f3gena<\/td>\n<\/tr>\n<tr>\n<td>Tensi\u00f3n de entrada<\/td>\n<td><span data-spm-anchor-id=\"a2700.wholesale.0.i29.2ca12aecWrZ1ev\">AC220V \u00b1 22V\/50Hz \u00b1 1Hz AC110V \u00b1 11V\/60Hz \u00b1 1Hz<\/span><\/td>\n<\/tr>\n<\/tbody>\n<\/table>\n","protected":false},"excerpt":{"rendered":"<p><span style=\"color: #ff0000;\">ITBIS incluido<\/span><\/p>\n<p><strong>Modelo: <\/strong>MO-4484<\/p>\n<p><strong><span class=\"attr-name J-attr-name\" title=\"Material principal\" data-spm-anchor-id=\"a2700.wholesale.0.i32.2ca12aecWrZ1ev\">Material principal: <\/span><\/strong>Metal<\/p>\n<p><b>Garant\u00eda<\/b><strong>:<\/strong> 1 a\u00f1o<\/p>\n","protected":false},"featured_media":459,"comment_status":"open","ping_status":"closed","template":"","meta":[],"product_brand":[],"product_cat":[16],"product_tag":[29,54],"class_list":{"0":"post-298","1":"product","2":"type-product","3":"status-publish","6":"product_cat-equipos-oftalmologicos","7":"product_tag-oftalmoscopio","8":"product_tag-oftalmoscopio-indirecto","10":"first","11":"instock","12":"shipping-taxable","13":"purchasable","14":"product-type-simple"},"yoast_head":"<!-- This site is optimized with the Yoast SEO plugin v26.4 - https:\/\/yoast.com\/wordpress\/plugins\/seo\/ -->\n<title>Oftalmoscopio indirecto MO-4484 - Multi optica y equipos<\/title>\n<meta name=\"description\" content=\"Modelo: YZ25C, Pantalla: 5.7&quot; Pulgadas, full color LCD, t\u00e1ctil, Impresora: Impresora t\u00e9rmica, Garant\u00eda: 1 a\u00f1o\" \/>\n<meta name=\"robots\" content=\"index, follow, max-snippet:-1, max-image-preview:large, max-video-preview:-1\" \/>\n<link rel=\"canonical\" href=\"https:\/\/www.opticayequipos.com\/index.php\/producto\/oftalmoscopio-indirecto-yz25c-republica-dominicana\/\" \/>\n<meta property=\"og:locale\" content=\"es_ES\" \/>\n<meta property=\"og:type\" content=\"article\" \/>\n<meta property=\"og:title\" content=\"Oftalmoscopio indirecto MO-4484 - Multi optica y equipos\" \/>\n<meta property=\"og:description\" content=\"Modelo: YZ25C, Pantalla: 5.7&quot; Pulgadas, full color LCD, t\u00e1ctil, Impresora: Impresora t\u00e9rmica, Garant\u00eda: 1 a\u00f1o\" \/>\n<meta property=\"og:url\" content=\"https:\/\/www.opticayequipos.com\/index.php\/producto\/oftalmoscopio-indirecto-yz25c-republica-dominicana\/\" \/>\n<meta property=\"og:site_name\" content=\"Multi optica y equipos\" \/>\n<meta property=\"article:modified_time\" content=\"2021-12-02T19:41:36+00:00\" \/>\n<meta property=\"og:image\" content=\"https:\/\/www.opticayequipos.com\/wp-content\/uploads\/2021\/03\/OFTALMOSCOPIO-INDIRECTO-YZ25C.jpg\" \/>\n\t<meta property=\"og:image:width\" content=\"1000\" \/>\n\t<meta property=\"og:image:height\" content=\"1000\" \/>\n\t<meta property=\"og:image:type\" content=\"image\/jpeg\" \/>\n<meta name=\"twitter:card\" content=\"summary_large_image\" \/>\n<meta name=\"twitter:label1\" content=\"Tiempo de lectura\" \/>\n\t<meta name=\"twitter:data1\" content=\"1 minuto\" \/>\n<script type=\"application\/ld+json\" class=\"yoast-schema-graph\">{\"@context\":\"https:\/\/schema.org\",\"@graph\":[{\"@type\":\"WebPage\",\"@id\":\"https:\/\/www.opticayequipos.com\/index.php\/producto\/oftalmoscopio-indirecto-yz25c-republica-dominicana\/\",\"url\":\"https:\/\/www.opticayequipos.com\/index.php\/producto\/oftalmoscopio-indirecto-yz25c-republica-dominicana\/\",\"name\":\"Oftalmoscopio indirecto MO-4484 - Multi optica y equipos\",\"isPartOf\":{\"@id\":\"https:\/\/www.opticayequipos.com\/#website\"},\"primaryImageOfPage\":{\"@id\":\"https:\/\/www.opticayequipos.com\/index.php\/producto\/oftalmoscopio-indirecto-yz25c-republica-dominicana\/#primaryimage\"},\"image\":{\"@id\":\"https:\/\/www.opticayequipos.com\/index.php\/producto\/oftalmoscopio-indirecto-yz25c-republica-dominicana\/#primaryimage\"},\"thumbnailUrl\":\"https:\/\/www.opticayequipos.com\/wp-content\/uploads\/2021\/03\/OFTALMOSCOPIO-INDIRECTO-YZ25C.jpg\",\"datePublished\":\"2021-03-17T21:30:58+00:00\",\"dateModified\":\"2021-12-02T19:41:36+00:00\",\"description\":\"Modelo: YZ25C, Pantalla: 5.7\\\" Pulgadas, full color LCD, t\u00e1ctil, Impresora: Impresora t\u00e9rmica, Garant\u00eda: 1 a\u00f1o\",\"breadcrumb\":{\"@id\":\"https:\/\/www.opticayequipos.com\/index.php\/producto\/oftalmoscopio-indirecto-yz25c-republica-dominicana\/#breadcrumb\"},\"inLanguage\":\"es\",\"potentialAction\":[{\"@type\":\"ReadAction\",\"target\":[\"https:\/\/www.opticayequipos.com\/index.php\/producto\/oftalmoscopio-indirecto-yz25c-republica-dominicana\/\"]}]},{\"@type\":\"ImageObject\",\"inLanguage\":\"es\",\"@id\":\"https:\/\/www.opticayequipos.com\/index.php\/producto\/oftalmoscopio-indirecto-yz25c-republica-dominicana\/#primaryimage\",\"url\":\"https:\/\/www.opticayequipos.com\/wp-content\/uploads\/2021\/03\/OFTALMOSCOPIO-INDIRECTO-YZ25C.jpg\",\"contentUrl\":\"https:\/\/www.opticayequipos.com\/wp-content\/uploads\/2021\/03\/OFTALMOSCOPIO-INDIRECTO-YZ25C.jpg\",\"width\":1000,\"height\":1000},{\"@type\":\"BreadcrumbList\",\"@id\":\"https:\/\/www.opticayequipos.com\/index.php\/producto\/oftalmoscopio-indirecto-yz25c-republica-dominicana\/#breadcrumb\",\"itemListElement\":[{\"@type\":\"ListItem\",\"position\":1,\"name\":\"Portada\",\"item\":\"https:\/\/www.opticayequipos.com\/\"},{\"@type\":\"ListItem\",\"position\":2,\"name\":\"Mi lista de deseos\",\"item\":\"https:\/\/www.opticayequipos.com\/index.php\/mi-lista-de-deseos\/\"},{\"@type\":\"ListItem\",\"position\":3,\"name\":\"Oftalmoscopio indirecto MO-4484\"}]},{\"@type\":\"WebSite\",\"@id\":\"https:\/\/www.opticayequipos.com\/#website\",\"url\":\"https:\/\/www.opticayequipos.com\/\",\"name\":\"Multi optica y equipos\",\"description\":\"Venta de equipos oftalmol&oacute;gicos en Republica Dominicana para consultorios y &oacute;pticas\",\"publisher\":{\"@id\":\"https:\/\/www.opticayequipos.com\/#organization\"},\"potentialAction\":[{\"@type\":\"SearchAction\",\"target\":{\"@type\":\"EntryPoint\",\"urlTemplate\":\"https:\/\/www.opticayequipos.com\/?s={search_term_string}\"},\"query-input\":{\"@type\":\"PropertyValueSpecification\",\"valueRequired\":true,\"valueName\":\"search_term_string\"}}],\"inLanguage\":\"es\"},{\"@type\":\"Organization\",\"@id\":\"https:\/\/www.opticayequipos.com\/#organization\",\"name\":\"Multi optica y equipos\",\"url\":\"https:\/\/www.opticayequipos.com\/\",\"logo\":{\"@type\":\"ImageObject\",\"inLanguage\":\"es\",\"@id\":\"https:\/\/www.opticayequipos.com\/#\/schema\/logo\/image\/\",\"url\":\"https:\/\/www.opticayequipos.com\/wp-content\/uploads\/2021\/03\/cropped-LOGO-MOYE-2-2.png\",\"contentUrl\":\"https:\/\/www.opticayequipos.com\/wp-content\/uploads\/2021\/03\/cropped-LOGO-MOYE-2-2.png\",\"width\":552,\"height\":104,\"caption\":\"Multi optica y equipos\"},\"image\":{\"@id\":\"https:\/\/www.opticayequipos.com\/#\/schema\/logo\/image\/\"}}]}<\/script>\n<!-- \/ Yoast SEO plugin. -->","yoast_head_json":{"title":"Oftalmoscopio indirecto MO-4484 - Multi optica y equipos","description":"Modelo: YZ25C, Pantalla: 5.7\" Pulgadas, full color LCD, t\u00e1ctil, Impresora: Impresora t\u00e9rmica, Garant\u00eda: 1 a\u00f1o","robots":{"index":"index","follow":"follow","max-snippet":"max-snippet:-1","max-image-preview":"max-image-preview:large","max-video-preview":"max-video-preview:-1"},"canonical":"https:\/\/www.opticayequipos.com\/index.php\/producto\/oftalmoscopio-indirecto-yz25c-republica-dominicana\/","og_locale":"es_ES","og_type":"article","og_title":"Oftalmoscopio indirecto MO-4484 - Multi optica y equipos","og_description":"Modelo: YZ25C, Pantalla: 5.7\" Pulgadas, full color LCD, t\u00e1ctil, Impresora: Impresora t\u00e9rmica, Garant\u00eda: 1 a\u00f1o","og_url":"https:\/\/www.opticayequipos.com\/index.php\/producto\/oftalmoscopio-indirecto-yz25c-republica-dominicana\/","og_site_name":"Multi optica y equipos","article_modified_time":"2021-12-02T19:41:36+00:00","og_image":[{"width":1000,"height":1000,"url":"https:\/\/www.opticayequipos.com\/wp-content\/uploads\/2021\/03\/OFTALMOSCOPIO-INDIRECTO-YZ25C.jpg","type":"image\/jpeg"}],"twitter_card":"summary_large_image","twitter_misc":{"Tiempo de lectura":"1 minuto"},"schema":{"@context":"https:\/\/schema.org","@graph":[{"@type":"WebPage","@id":"https:\/\/www.opticayequipos.com\/index.php\/producto\/oftalmoscopio-indirecto-yz25c-republica-dominicana\/","url":"https:\/\/www.opticayequipos.com\/index.php\/producto\/oftalmoscopio-indirecto-yz25c-republica-dominicana\/","name":"Oftalmoscopio indirecto MO-4484 - Multi optica y equipos","isPartOf":{"@id":"https:\/\/www.opticayequipos.com\/#website"},"primaryImageOfPage":{"@id":"https:\/\/www.opticayequipos.com\/index.php\/producto\/oftalmoscopio-indirecto-yz25c-republica-dominicana\/#primaryimage"},"image":{"@id":"https:\/\/www.opticayequipos.com\/index.php\/producto\/oftalmoscopio-indirecto-yz25c-republica-dominicana\/#primaryimage"},"thumbnailUrl":"https:\/\/www.opticayequipos.com\/wp-content\/uploads\/2021\/03\/OFTALMOSCOPIO-INDIRECTO-YZ25C.jpg","datePublished":"2021-03-17T21:30:58+00:00","dateModified":"2021-12-02T19:41:36+00:00","description":"Modelo: YZ25C, Pantalla: 5.7\" Pulgadas, full color LCD, t\u00e1ctil, Impresora: Impresora t\u00e9rmica, Garant\u00eda: 1 a\u00f1o","breadcrumb":{"@id":"https:\/\/www.opticayequipos.com\/index.php\/producto\/oftalmoscopio-indirecto-yz25c-republica-dominicana\/#breadcrumb"},"inLanguage":"es","potentialAction":[{"@type":"ReadAction","target":["https:\/\/www.opticayequipos.com\/index.php\/producto\/oftalmoscopio-indirecto-yz25c-republica-dominicana\/"]}]},{"@type":"ImageObject","inLanguage":"es","@id":"https:\/\/www.opticayequipos.com\/index.php\/producto\/oftalmoscopio-indirecto-yz25c-republica-dominicana\/#primaryimage","url":"https:\/\/www.opticayequipos.com\/wp-content\/uploads\/2021\/03\/OFTALMOSCOPIO-INDIRECTO-YZ25C.jpg","contentUrl":"https:\/\/www.opticayequipos.com\/wp-content\/uploads\/2021\/03\/OFTALMOSCOPIO-INDIRECTO-YZ25C.jpg","width":1000,"height":1000},{"@type":"BreadcrumbList","@id":"https:\/\/www.opticayequipos.com\/index.php\/producto\/oftalmoscopio-indirecto-yz25c-republica-dominicana\/#breadcrumb","itemListElement":[{"@type":"ListItem","position":1,"name":"Portada","item":"https:\/\/www.opticayequipos.com\/"},{"@type":"ListItem","position":2,"name":"Mi lista de deseos","item":"https:\/\/www.opticayequipos.com\/index.php\/mi-lista-de-deseos\/"},{"@type":"ListItem","position":3,"name":"Oftalmoscopio indirecto MO-4484"}]},{"@type":"WebSite","@id":"https:\/\/www.opticayequipos.com\/#website","url":"https:\/\/www.opticayequipos.com\/","name":"Multi optica y equipos","description":"Venta de equipos oftalmol&oacute;gicos en Republica Dominicana para consultorios y &oacute;pticas","publisher":{"@id":"https:\/\/www.opticayequipos.com\/#organization"},"potentialAction":[{"@type":"SearchAction","target":{"@type":"EntryPoint","urlTemplate":"https:\/\/www.opticayequipos.com\/?s={search_term_string}"},"query-input":{"@type":"PropertyValueSpecification","valueRequired":true,"valueName":"search_term_string"}}],"inLanguage":"es"},{"@type":"Organization","@id":"https:\/\/www.opticayequipos.com\/#organization","name":"Multi optica y equipos","url":"https:\/\/www.opticayequipos.com\/","logo":{"@type":"ImageObject","inLanguage":"es","@id":"https:\/\/www.opticayequipos.com\/#\/schema\/logo\/image\/","url":"https:\/\/www.opticayequipos.com\/wp-content\/uploads\/2021\/03\/cropped-LOGO-MOYE-2-2.png","contentUrl":"https:\/\/www.opticayequipos.com\/wp-content\/uploads\/2021\/03\/cropped-LOGO-MOYE-2-2.png","width":552,"height":104,"caption":"Multi optica y equipos"},"image":{"@id":"https:\/\/www.opticayequipos.com\/#\/schema\/logo\/image\/"}}]}},"_links":{"self":[{"href":"https:\/\/www.opticayequipos.com\/index.php\/wp-json\/wp\/v2\/product\/298","targetHints":{"allow":["GET"]}}],"collection":[{"href":"https:\/\/www.opticayequipos.com\/index.php\/wp-json\/wp\/v2\/product"}],"about":[{"href":"https:\/\/www.opticayequipos.com\/index.php\/wp-json\/wp\/v2\/types\/product"}],"replies":[{"embeddable":true,"href":"https:\/\/www.opticayequipos.com\/index.php\/wp-json\/wp\/v2\/comments?post=298"}],"wp:featuredmedia":[{"embeddable":true,"href":"https:\/\/www.opticayequipos.com\/index.php\/wp-json\/wp\/v2\/media\/459"}],"wp:attachment":[{"href":"https:\/\/www.opticayequipos.com\/index.php\/wp-json\/wp\/v2\/media?parent=298"}],"wp:term":[{"taxonomy":"product_brand","embeddable":true,"href":"https:\/\/www.opticayequipos.com\/index.php\/wp-json\/wp\/v2\/product_brand?post=298"},{"taxonomy":"product_cat","embeddable":true,"href":"https:\/\/www.opticayequipos.com\/index.php\/wp-json\/wp\/v2\/product_cat?post=298"},{"taxonomy":"product_tag","embeddable":true,"href":"https:\/\/www.opticayequipos.com\/index.php\/wp-json\/wp\/v2\/product_tag?post=298"}],"curies":[{"name":"wp","href":"https:\/\/api.w.org\/{rel}","templated":true}]}}