{"id":329,"date":"2021-03-18T20:52:20","date_gmt":"2021-03-19T00:52:20","guid":{"rendered":"https:\/\/www.opticayequipos.com\/?post_type=product&#038;p=329"},"modified":"2023-02-22T21:01:54","modified_gmt":"2023-02-23T01:01:54","slug":"foroptero-digital-cv-7800-copia-republica-dominicana","status":"publish","type":"product","link":"https:\/\/www.opticayequipos.com\/index.php\/producto\/foroptero-digital-cv-7800-copia-republica-dominicana\/","title":{"rendered":"Foroptero digital MO-4452"},"content":{"rendered":"<ul>\n<li><span class=\"JLqJ4b ChMk0b\" data-language-for-alternatives=\"es\" data-language-to-translate-into=\"en\" data-phrase-index=\"0\">El primer for\u00f3ptero autom\u00e1tico que se puede controlar con una tableta.<\/span><\/li>\n<li><span class=\"JLqJ4b ChMk0b\" data-language-for-alternatives=\"es\" data-language-to-translate-into=\"en\" data-phrase-index=\"2\">Comunicaci\u00f3n Bluetooth, que proporciona m\u00e1s flexibilidad en el espacio.<\/span><\/li>\n<li><span class=\"JLqJ4b ChMk0b\" data-language-for-alternatives=\"es\" data-language-to-translate-into=\"en\" data-phrase-index=\"4\">Interfaz de operaci\u00f3n m\u00e1s simple, lo que garantiza una experiencia de optometr\u00eda m\u00e1s eficiente.<\/span><\/li>\n<\/ul>\n<h1 class=\"magic-16\" style=\"text-align: left;\"><b class=\"magic-15\"><span class=\"magic-17\" data-spm-anchor-id=\"a2700.details.0.i32.79292e8dlzXfjp\">Caracter\u00edstica<\/span><\/b><\/h1>\n<div class=\"edit-post-visual-editor\">\n<div class=\"editor-styles-wrapper\">\n<div class=\"block-editor-writing-flow\">\n<div class=\"block-editor-block-list__layout is-root-container\">\n<figure id=\"block-bcb35c88-bc02-4922-8eed-f07648281140\" class=\"wp-block-table is-style-stripes block-editor-block-list__block wp-block\" tabindex=\"0\" role=\"group\" aria-label=\"Bloque: Tabla\" data-block=\"bcb35c88-bc02-4922-8eed-f07648281140\" data-type=\"core\/table\" data-title=\"Tabla\">\n<table class=\"has-fixed-layout\" style=\"height: 582px;\" width=\"900\">\n<tbody>\n<tr>\n<td class=\"block-editor-rich-text__editable wp-block-table__cell-content rich-text\" role=\"textbox\" aria-multiline=\"true\" aria-label=\"Texto de la celda del cuerpo\"><strong data-rich-text-format-boundary=\"true\">Rango de potencia de la esfera:<\/strong><\/td>\n<td class=\"block-editor-rich-text__editable wp-block-table__cell-content rich-text\" role=\"textbox\" aria-multiline=\"true\" aria-label=\"Texto de la celda del cuerpo\">+26,75 D a -29,00 D (con lente opcional)<\/td>\n<\/tr>\n<tr>\n<td class=\"block-editor-rich-text__editable wp-block-table__cell-content rich-text\" role=\"textbox\" aria-multiline=\"true\" aria-label=\"Texto de la celda del cuerpo\"><strong>Rango de potencia del cilindro:<\/strong><\/td>\n<td class=\"block-editor-rich-text__editable wp-block-table__cell-content rich-text\" role=\"textbox\" aria-multiline=\"true\" aria-label=\"Texto de la celda del cuerpo\">0 a -8 D<\/td>\n<\/tr>\n<tr>\n<td class=\"block-editor-rich-text__editable wp-block-table__cell-content rich-text\" role=\"textbox\" aria-multiline=\"true\" aria-label=\"Texto de la celda del cuerpo\"><strong data-rich-text-format-boundary=\"true\">Marca:<\/strong><\/td>\n<td class=\"block-editor-rich-text__editable wp-block-table__cell-content rich-text\" role=\"textbox\" aria-multiline=\"true\" aria-label=\"Texto de la celda del cuerpo\">I Optik<\/td>\n<\/tr>\n<tr>\n<td class=\"block-editor-rich-text__editable wp-block-table__cell-content rich-text\" role=\"textbox\" aria-multiline=\"true\" aria-label=\"Texto de la celda del cuerpo\"><strong>Nombre \/ n\u00famero del modelo:<\/strong><\/td>\n<td class=\"block-editor-rich-text__editable wp-block-table__cell-content rich-text\" role=\"textbox\" aria-multiline=\"true\" aria-label=\"Texto de la celda del cuerpo\">CV 7800<\/td>\n<\/tr>\n<tr>\n<td class=\"block-editor-rich-text__editable wp-block-table__cell-content rich-text\" role=\"textbox\" aria-multiline=\"true\" aria-label=\"Texto de la celda del cuerpo\"><strong data-rich-text-format-boundary=\"true\">Peso:<\/strong><\/td>\n<td class=\"block-editor-rich-text__editable wp-block-table__cell-content rich-text\" role=\"textbox\" aria-multiline=\"true\" aria-label=\"Texto de la celda del cuerpo\">3,8Kg<\/td>\n<\/tr>\n<tr>\n<td class=\"block-editor-rich-text__editable wp-block-table__cell-content rich-text\" role=\"textbox\" aria-multiline=\"true\" aria-label=\"Texto de la celda del cuerpo\"><strong data-rich-text-format-boundary=\"true\">Lente esf\u00e9rica:<\/strong><\/td>\n<td class=\"block-editor-rich-text__editable wp-block-table__cell-content rich-text\" role=\"textbox\" aria-multiline=\"true\" aria-label=\"Texto de la celda del cuerpo\">-19.00D ~ + 16.75D (para verificaci\u00f3n com\u00fan)<\/td>\n<\/tr>\n<tr>\n<td class=\"block-editor-rich-text__editable wp-block-table__cell-content rich-text\" role=\"textbox\" aria-multiline=\"true\" aria-label=\"Texto de la celda del cuerpo\"><strong data-rich-text-format-boundary=\"true\">Precisi\u00f3n:<\/strong><\/td>\n<td class=\"block-editor-rich-text__editable wp-block-table__cell-content rich-text\" role=\"textbox\" aria-multiline=\"true\" aria-label=\"Texto de la celda del cuerpo\">0.25D \/ 0.50D \/ 1.00D \/ 3.00D<\/td>\n<\/tr>\n<tr>\n<td class=\"block-editor-rich-text__editable wp-block-table__cell-content rich-text\" role=\"textbox\" aria-multiline=\"true\" aria-label=\"Texto de la celda del cuerpo\"><strong data-rich-text-format-boundary=\"true\">Lente cil\u00edndrica:<\/strong><\/td>\n<td class=\"block-editor-rich-text__editable wp-block-table__cell-content rich-text\" role=\"textbox\" aria-multiline=\"true\" aria-label=\"Texto de la celda del cuerpo\">-8,75D ~ + 8,75D (precisi\u00f3n 0,25D<\/td>\n<\/tr>\n<tr>\n<td class=\"block-editor-rich-text__editable wp-block-table__cell-content rich-text\" role=\"textbox\" aria-multiline=\"true\" aria-label=\"Texto de la celda del cuerpo\"><strong data-rich-text-format-boundary=\"true\">Eje:<\/strong><\/td>\n<td class=\"block-editor-rich-text__editable wp-block-table__cell-content rich-text\" role=\"textbox\" aria-multiline=\"true\" aria-label=\"Texto de la celda del cuerpo\">0 ~ 180\u00ba ??? Precisi\u00f3n 1 \u00b0 \/ 5 \u00b0<\/td>\n<\/tr>\n<tr>\n<td class=\"block-editor-rich-text__editable wp-block-table__cell-content rich-text\" role=\"textbox\" aria-multiline=\"true\" aria-label=\"Texto de la celda del cuerpo\"><strong data-rich-text-format-boundary=\"true\">Rango de PD:<\/strong><\/td>\n<td class=\"block-editor-rich-text__editable wp-block-table__cell-content rich-text\" role=\"textbox\" aria-multiline=\"true\" aria-label=\"Texto de la celda del cuerpo\">Visi\u00f3n lejana 52-80 mm, visi\u00f3n cercana 48-76 mm ??? precisi\u00f3n0.5 \/ 1 mm<\/td>\n<\/tr>\n<tr>\n<td class=\"block-editor-rich-text__editable wp-block-table__cell-content rich-text\" role=\"textbox\" aria-multiline=\"true\" aria-label=\"Texto de la celda del cuerpo\"><strong data-rich-text-format-boundary=\"true\">Prisma giratorio:<\/strong><\/td>\n<td class=\"block-editor-rich-text__editable wp-block-table__cell-content rich-text\" role=\"textbox\" aria-multiline=\"true\" aria-label=\"Texto de la celda del cuerpo\">0 ~ 20 ??? (precisi\u00f3n 0.1\u0394 \/ 0.5\u0394<\/td>\n<\/tr>\n<tr>\n<td class=\"block-editor-rich-text__editable wp-block-table__cell-content rich-text\" role=\"textbox\" aria-multiline=\"true\" aria-label=\"Texto de la celda del cuerpo\"><strong data-rich-text-format-boundary=\"true\">Cilindro transversal:<\/strong><\/td>\n<td class=\"block-editor-rich-text__editable wp-block-table__cell-content rich-text\" role=\"textbox\" aria-multiline=\"true\" aria-label=\"Texto de la celda del cuerpo\">\u00b1 0.25D + 1.50D (distancia 67cm) ??? 2.00D ??? distancia 50cm)<\/td>\n<\/tr>\n<tr>\n<td class=\"block-editor-rich-text__editable wp-block-table__cell-content rich-text\" role=\"textbox\" aria-multiline=\"true\" aria-label=\"Texto de la celda del cuerpo\"><strong data-rich-text-format-boundary=\"true\">Binocular:<\/strong><\/td>\n<td class=\"block-editor-rich-text__editable wp-block-table__cell-content rich-text\" role=\"textbox\" aria-multiline=\"true\" aria-label=\"Texto de la celda del cuerpo\">Derecha (rojo, horizontal), izquierda (verde, vertical) filtro<\/td>\n<\/tr>\n<tr>\n<td class=\"block-editor-rich-text__editable wp-block-table__cell-content rich-text\" role=\"textbox\" aria-multiline=\"true\" aria-label=\"Texto de la celda del cuerpo\"><strong data-rich-text-format-boundary=\"true\">Verde \/ rojo:<\/strong><\/td>\n<td class=\"block-editor-rich-text__editable wp-block-table__cell-content rich-text\" role=\"textbox\" aria-multiline=\"true\" aria-label=\"Texto de la celda del cuerpo\">Derecha (rojo), izquierda (verde)<\/td>\n<\/tr>\n<tr>\n<td class=\"block-editor-rich-text__editable wp-block-table__cell-content rich-text\" role=\"textbox\" aria-multiline=\"true\" aria-label=\"Texto de la celda del cuerpo\"><strong data-rich-text-format-boundary=\"true\">Filtro polarizado:<\/strong><\/td>\n<td class=\"block-editor-rich-text__editable wp-block-table__cell-content rich-text\" role=\"textbox\" aria-multiline=\"true\" aria-label=\"Texto de la celda del cuerpo\">Derecha (135\u00ba \/ 45\u00ba), izquierda (45\u00ba \/ 135\u00ba)<\/td>\n<\/tr>\n<tr>\n<td class=\"block-editor-rich-text__editable wp-block-table__cell-content rich-text\" role=\"textbox\" aria-multiline=\"true\" aria-label=\"Texto de la celda del cuerpo\"><strong data-rich-text-format-boundary=\"true\">Prisma dividido:<\/strong><\/td>\n<td class=\"block-editor-rich-text__editable wp-block-table__cell-content rich-text\" role=\"textbox\" aria-multiline=\"true\" aria-label=\"Texto de la celda del cuerpo\">Derecha (3 ??? BU, 6 ??? BU), izquierda (3 ??? BD, 10 ??? BI)<\/td>\n<\/tr>\n<tr>\n<td class=\"block-editor-rich-text__editable wp-block-table__cell-content rich-text\" role=\"textbox\" aria-multiline=\"true\" aria-label=\"Texto de la celda del cuerpo\"><strong data-rich-text-format-boundary=\"true\">Lente PD:<\/strong><\/td>\n<td class=\"block-editor-rich-text__editable wp-block-table__cell-content rich-text\" role=\"textbox\" aria-multiline=\"true\" aria-label=\"Texto de la celda del cuerpo\">Binocular (cruzada)<\/td>\n<\/tr>\n<tr>\n<td class=\"block-editor-rich-text__editable wp-block-table__cell-content rich-text\" role=\"textbox\" aria-multiline=\"true\" aria-label=\"Texto de la celda del cuerpo\"><strong data-rich-text-format-boundary=\"true\">Cilindro transversal fijo:<\/strong><\/td>\n<td class=\"block-editor-rich-text__editable wp-block-table__cell-content rich-text\" role=\"textbox\" aria-multiline=\"true\" aria-label=\"Texto de la celda del cuerpo\">\u00b1 0.50D (eje fijo a 90 \u00b0<\/td>\n<\/tr>\n<\/tbody>\n<tfoot><\/tfoot>\n<\/table><figcaption class=\"block-editor-rich-text__editable rich-text\" role=\"textbox\" aria-multiline=\"true\" aria-label=\"Texto de la leyenda de la tabla\"><\/figcaption><\/figure>\n<\/div>\n<\/div>\n<\/div>\n<\/div>\n","protected":false},"excerpt":{"rendered":"<p><span style=\"color: #ff0000;\">ITBIS incluido<\/span><\/p>\n<p><strong>Modelo: <\/strong>MO-4452<strong><br \/>\n<\/strong><\/p>\n<p><strong>Color: <\/strong>Blanco con negro<\/p>\n<p><b>No incluye: <\/b>La tableta<\/p>\n<p><b>Garant\u00eda: <\/b>1 a\u00f1o<\/p>\n","protected":false},"featured_media":613,"comment_status":"open","ping_status":"closed","template":"","meta":[],"product_brand":[],"product_cat":[16],"product_tag":[33,57,52,56],"class_list":{"0":"post-329","1":"product","2":"type-product","3":"status-publish","6":"product_cat-equipos-oftalmologicos","7":"product_tag-foroptero","8":"product_tag-foroptero-digital","9":"product_tag-instrumentos-oftalmologicos","10":"product_tag-phoropter","12":"first","13":"instock","14":"shipping-taxable","15":"purchasable","16":"product-type-simple"},"yoast_head":"<!-- This site is optimized with the Yoast SEO plugin v26.4 - https:\/\/yoast.com\/wordpress\/plugins\/seo\/ -->\n<title>Foroptero digital MO-4452 - Multi optica y equipos<\/title>\n<meta name=\"description\" content=\"El primer for\u00f3ptero autom\u00e1tico que se puede controlar con una tableta. Comunicaci\u00f3n Bluetooth, que proporciona m\u00e1s flexibilidad en el espacio. Interfaz de operaci\u00f3n m\u00e1s simple, lo que garantiza una experiencia de optometr\u00eda m\u00e1s eficiente.\" \/>\n<meta name=\"robots\" content=\"index, follow, max-snippet:-1, max-image-preview:large, max-video-preview:-1\" \/>\n<link rel=\"canonical\" href=\"https:\/\/www.opticayequipos.com\/index.php\/producto\/foroptero-digital-cv-7800-copia-republica-dominicana\/\" \/>\n<meta property=\"og:locale\" content=\"es_ES\" \/>\n<meta property=\"og:type\" content=\"article\" \/>\n<meta property=\"og:title\" content=\"Foroptero digital MO-4452 - Multi optica y equipos\" \/>\n<meta property=\"og:description\" content=\"El primer for\u00f3ptero autom\u00e1tico que se puede controlar con una tableta. Comunicaci\u00f3n Bluetooth, que proporciona m\u00e1s flexibilidad en el espacio. Interfaz de operaci\u00f3n m\u00e1s simple, lo que garantiza una experiencia de optometr\u00eda m\u00e1s eficiente.\" \/>\n<meta property=\"og:url\" content=\"https:\/\/www.opticayequipos.com\/index.php\/producto\/foroptero-digital-cv-7800-copia-republica-dominicana\/\" \/>\n<meta property=\"og:site_name\" content=\"Multi optica y equipos\" \/>\n<meta property=\"article:modified_time\" content=\"2023-02-23T01:01:54+00:00\" \/>\n<meta property=\"og:image\" content=\"https:\/\/www.opticayequipos.com\/wp-content\/uploads\/2021\/04\/CV-7800-PHOROPTER.jpg\" \/>\n\t<meta property=\"og:image:width\" content=\"800\" \/>\n\t<meta property=\"og:image:height\" content=\"800\" \/>\n\t<meta property=\"og:image:type\" content=\"image\/jpeg\" \/>\n<meta name=\"twitter:card\" content=\"summary_large_image\" \/>\n<meta name=\"twitter:label1\" content=\"Tiempo de lectura\" \/>\n\t<meta name=\"twitter:data1\" content=\"1 minuto\" \/>\n<script type=\"application\/ld+json\" class=\"yoast-schema-graph\">{\"@context\":\"https:\/\/schema.org\",\"@graph\":[{\"@type\":\"WebPage\",\"@id\":\"https:\/\/www.opticayequipos.com\/index.php\/producto\/foroptero-digital-cv-7800-copia-republica-dominicana\/\",\"url\":\"https:\/\/www.opticayequipos.com\/index.php\/producto\/foroptero-digital-cv-7800-copia-republica-dominicana\/\",\"name\":\"Foroptero digital MO-4452 - Multi optica y equipos\",\"isPartOf\":{\"@id\":\"https:\/\/www.opticayequipos.com\/#website\"},\"primaryImageOfPage\":{\"@id\":\"https:\/\/www.opticayequipos.com\/index.php\/producto\/foroptero-digital-cv-7800-copia-republica-dominicana\/#primaryimage\"},\"image\":{\"@id\":\"https:\/\/www.opticayequipos.com\/index.php\/producto\/foroptero-digital-cv-7800-copia-republica-dominicana\/#primaryimage\"},\"thumbnailUrl\":\"https:\/\/www.opticayequipos.com\/wp-content\/uploads\/2021\/04\/CV-7800-PHOROPTER.jpg\",\"datePublished\":\"2021-03-19T00:52:20+00:00\",\"dateModified\":\"2023-02-23T01:01:54+00:00\",\"description\":\"El primer for\u00f3ptero autom\u00e1tico que se puede controlar con una tableta. Comunicaci\u00f3n Bluetooth, que proporciona m\u00e1s flexibilidad en el espacio. Interfaz de operaci\u00f3n m\u00e1s simple, lo que garantiza una experiencia de optometr\u00eda m\u00e1s eficiente.\",\"breadcrumb\":{\"@id\":\"https:\/\/www.opticayequipos.com\/index.php\/producto\/foroptero-digital-cv-7800-copia-republica-dominicana\/#breadcrumb\"},\"inLanguage\":\"es\",\"potentialAction\":[{\"@type\":\"ReadAction\",\"target\":[\"https:\/\/www.opticayequipos.com\/index.php\/producto\/foroptero-digital-cv-7800-copia-republica-dominicana\/\"]}]},{\"@type\":\"ImageObject\",\"inLanguage\":\"es\",\"@id\":\"https:\/\/www.opticayequipos.com\/index.php\/producto\/foroptero-digital-cv-7800-copia-republica-dominicana\/#primaryimage\",\"url\":\"https:\/\/www.opticayequipos.com\/wp-content\/uploads\/2021\/04\/CV-7800-PHOROPTER.jpg\",\"contentUrl\":\"https:\/\/www.opticayequipos.com\/wp-content\/uploads\/2021\/04\/CV-7800-PHOROPTER.jpg\",\"width\":800,\"height\":800},{\"@type\":\"BreadcrumbList\",\"@id\":\"https:\/\/www.opticayequipos.com\/index.php\/producto\/foroptero-digital-cv-7800-copia-republica-dominicana\/#breadcrumb\",\"itemListElement\":[{\"@type\":\"ListItem\",\"position\":1,\"name\":\"Portada\",\"item\":\"https:\/\/www.opticayequipos.com\/\"},{\"@type\":\"ListItem\",\"position\":2,\"name\":\"Mi lista de deseos\",\"item\":\"https:\/\/www.opticayequipos.com\/index.php\/mi-lista-de-deseos\/\"},{\"@type\":\"ListItem\",\"position\":3,\"name\":\"Foroptero digital MO-4452\"}]},{\"@type\":\"WebSite\",\"@id\":\"https:\/\/www.opticayequipos.com\/#website\",\"url\":\"https:\/\/www.opticayequipos.com\/\",\"name\":\"Multi optica y equipos\",\"description\":\"Venta de equipos oftalmol&oacute;gicos en Republica Dominicana para consultorios y &oacute;pticas\",\"publisher\":{\"@id\":\"https:\/\/www.opticayequipos.com\/#organization\"},\"potentialAction\":[{\"@type\":\"SearchAction\",\"target\":{\"@type\":\"EntryPoint\",\"urlTemplate\":\"https:\/\/www.opticayequipos.com\/?s={search_term_string}\"},\"query-input\":{\"@type\":\"PropertyValueSpecification\",\"valueRequired\":true,\"valueName\":\"search_term_string\"}}],\"inLanguage\":\"es\"},{\"@type\":\"Organization\",\"@id\":\"https:\/\/www.opticayequipos.com\/#organization\",\"name\":\"Multi optica y equipos\",\"url\":\"https:\/\/www.opticayequipos.com\/\",\"logo\":{\"@type\":\"ImageObject\",\"inLanguage\":\"es\",\"@id\":\"https:\/\/www.opticayequipos.com\/#\/schema\/logo\/image\/\",\"url\":\"https:\/\/www.opticayequipos.com\/wp-content\/uploads\/2021\/03\/cropped-LOGO-MOYE-2-2.png\",\"contentUrl\":\"https:\/\/www.opticayequipos.com\/wp-content\/uploads\/2021\/03\/cropped-LOGO-MOYE-2-2.png\",\"width\":552,\"height\":104,\"caption\":\"Multi optica y equipos\"},\"image\":{\"@id\":\"https:\/\/www.opticayequipos.com\/#\/schema\/logo\/image\/\"}}]}<\/script>\n<!-- \/ Yoast SEO plugin. -->","yoast_head_json":{"title":"Foroptero digital MO-4452 - Multi optica y equipos","description":"El primer for\u00f3ptero autom\u00e1tico que se puede controlar con una tableta. Comunicaci\u00f3n Bluetooth, que proporciona m\u00e1s flexibilidad en el espacio. Interfaz de operaci\u00f3n m\u00e1s simple, lo que garantiza una experiencia de optometr\u00eda m\u00e1s eficiente.","robots":{"index":"index","follow":"follow","max-snippet":"max-snippet:-1","max-image-preview":"max-image-preview:large","max-video-preview":"max-video-preview:-1"},"canonical":"https:\/\/www.opticayequipos.com\/index.php\/producto\/foroptero-digital-cv-7800-copia-republica-dominicana\/","og_locale":"es_ES","og_type":"article","og_title":"Foroptero digital MO-4452 - Multi optica y equipos","og_description":"El primer for\u00f3ptero autom\u00e1tico que se puede controlar con una tableta. Comunicaci\u00f3n Bluetooth, que proporciona m\u00e1s flexibilidad en el espacio. Interfaz de operaci\u00f3n m\u00e1s simple, lo que garantiza una experiencia de optometr\u00eda m\u00e1s eficiente.","og_url":"https:\/\/www.opticayequipos.com\/index.php\/producto\/foroptero-digital-cv-7800-copia-republica-dominicana\/","og_site_name":"Multi optica y equipos","article_modified_time":"2023-02-23T01:01:54+00:00","og_image":[{"width":800,"height":800,"url":"https:\/\/www.opticayequipos.com\/wp-content\/uploads\/2021\/04\/CV-7800-PHOROPTER.jpg","type":"image\/jpeg"}],"twitter_card":"summary_large_image","twitter_misc":{"Tiempo de lectura":"1 minuto"},"schema":{"@context":"https:\/\/schema.org","@graph":[{"@type":"WebPage","@id":"https:\/\/www.opticayequipos.com\/index.php\/producto\/foroptero-digital-cv-7800-copia-republica-dominicana\/","url":"https:\/\/www.opticayequipos.com\/index.php\/producto\/foroptero-digital-cv-7800-copia-republica-dominicana\/","name":"Foroptero digital MO-4452 - Multi optica y equipos","isPartOf":{"@id":"https:\/\/www.opticayequipos.com\/#website"},"primaryImageOfPage":{"@id":"https:\/\/www.opticayequipos.com\/index.php\/producto\/foroptero-digital-cv-7800-copia-republica-dominicana\/#primaryimage"},"image":{"@id":"https:\/\/www.opticayequipos.com\/index.php\/producto\/foroptero-digital-cv-7800-copia-republica-dominicana\/#primaryimage"},"thumbnailUrl":"https:\/\/www.opticayequipos.com\/wp-content\/uploads\/2021\/04\/CV-7800-PHOROPTER.jpg","datePublished":"2021-03-19T00:52:20+00:00","dateModified":"2023-02-23T01:01:54+00:00","description":"El primer for\u00f3ptero autom\u00e1tico que se puede controlar con una tableta. Comunicaci\u00f3n Bluetooth, que proporciona m\u00e1s flexibilidad en el espacio. Interfaz de operaci\u00f3n m\u00e1s simple, lo que garantiza una experiencia de optometr\u00eda m\u00e1s eficiente.","breadcrumb":{"@id":"https:\/\/www.opticayequipos.com\/index.php\/producto\/foroptero-digital-cv-7800-copia-republica-dominicana\/#breadcrumb"},"inLanguage":"es","potentialAction":[{"@type":"ReadAction","target":["https:\/\/www.opticayequipos.com\/index.php\/producto\/foroptero-digital-cv-7800-copia-republica-dominicana\/"]}]},{"@type":"ImageObject","inLanguage":"es","@id":"https:\/\/www.opticayequipos.com\/index.php\/producto\/foroptero-digital-cv-7800-copia-republica-dominicana\/#primaryimage","url":"https:\/\/www.opticayequipos.com\/wp-content\/uploads\/2021\/04\/CV-7800-PHOROPTER.jpg","contentUrl":"https:\/\/www.opticayequipos.com\/wp-content\/uploads\/2021\/04\/CV-7800-PHOROPTER.jpg","width":800,"height":800},{"@type":"BreadcrumbList","@id":"https:\/\/www.opticayequipos.com\/index.php\/producto\/foroptero-digital-cv-7800-copia-republica-dominicana\/#breadcrumb","itemListElement":[{"@type":"ListItem","position":1,"name":"Portada","item":"https:\/\/www.opticayequipos.com\/"},{"@type":"ListItem","position":2,"name":"Mi lista de deseos","item":"https:\/\/www.opticayequipos.com\/index.php\/mi-lista-de-deseos\/"},{"@type":"ListItem","position":3,"name":"Foroptero digital MO-4452"}]},{"@type":"WebSite","@id":"https:\/\/www.opticayequipos.com\/#website","url":"https:\/\/www.opticayequipos.com\/","name":"Multi optica y equipos","description":"Venta de equipos oftalmol&oacute;gicos en Republica Dominicana para consultorios y &oacute;pticas","publisher":{"@id":"https:\/\/www.opticayequipos.com\/#organization"},"potentialAction":[{"@type":"SearchAction","target":{"@type":"EntryPoint","urlTemplate":"https:\/\/www.opticayequipos.com\/?s={search_term_string}"},"query-input":{"@type":"PropertyValueSpecification","valueRequired":true,"valueName":"search_term_string"}}],"inLanguage":"es"},{"@type":"Organization","@id":"https:\/\/www.opticayequipos.com\/#organization","name":"Multi optica y equipos","url":"https:\/\/www.opticayequipos.com\/","logo":{"@type":"ImageObject","inLanguage":"es","@id":"https:\/\/www.opticayequipos.com\/#\/schema\/logo\/image\/","url":"https:\/\/www.opticayequipos.com\/wp-content\/uploads\/2021\/03\/cropped-LOGO-MOYE-2-2.png","contentUrl":"https:\/\/www.opticayequipos.com\/wp-content\/uploads\/2021\/03\/cropped-LOGO-MOYE-2-2.png","width":552,"height":104,"caption":"Multi optica y equipos"},"image":{"@id":"https:\/\/www.opticayequipos.com\/#\/schema\/logo\/image\/"}}]}},"_links":{"self":[{"href":"https:\/\/www.opticayequipos.com\/index.php\/wp-json\/wp\/v2\/product\/329","targetHints":{"allow":["GET"]}}],"collection":[{"href":"https:\/\/www.opticayequipos.com\/index.php\/wp-json\/wp\/v2\/product"}],"about":[{"href":"https:\/\/www.opticayequipos.com\/index.php\/wp-json\/wp\/v2\/types\/product"}],"replies":[{"embeddable":true,"href":"https:\/\/www.opticayequipos.com\/index.php\/wp-json\/wp\/v2\/comments?post=329"}],"wp:featuredmedia":[{"embeddable":true,"href":"https:\/\/www.opticayequipos.com\/index.php\/wp-json\/wp\/v2\/media\/613"}],"wp:attachment":[{"href":"https:\/\/www.opticayequipos.com\/index.php\/wp-json\/wp\/v2\/media?parent=329"}],"wp:term":[{"taxonomy":"product_brand","embeddable":true,"href":"https:\/\/www.opticayequipos.com\/index.php\/wp-json\/wp\/v2\/product_brand?post=329"},{"taxonomy":"product_cat","embeddable":true,"href":"https:\/\/www.opticayequipos.com\/index.php\/wp-json\/wp\/v2\/product_cat?post=329"},{"taxonomy":"product_tag","embeddable":true,"href":"https:\/\/www.opticayequipos.com\/index.php\/wp-json\/wp\/v2\/product_tag?post=329"}],"curies":[{"name":"wp","href":"https:\/\/api.w.org\/{rel}","templated":true}]}}