{"id":352,"date":"2021-03-19T18:59:48","date_gmt":"2021-03-19T22:59:48","guid":{"rendered":"https:\/\/www.opticayequipos.com\/?post_type=product&#038;p=352"},"modified":"2021-12-02T15:39:22","modified_gmt":"2021-12-02T19:39:22","slug":"cartilla-led-con-iluminacion-cl-gnd-republica-dominicana","status":"publish","type":"product","link":"https:\/\/www.opticayequipos.com\/index.php\/producto\/cartilla-led-con-iluminacion-cl-gnd-republica-dominicana\/","title":{"rendered":"Cartilla con iluminaci\u00f3n LED MO-4448"},"content":{"rendered":"<ul>\n<li>Fuente de luz LED enmarcado en caja de aluminio.<\/li>\n<li><strong>Gr\u00e1fico Duocromo:<\/strong> es preciso probar el grado de SPH.<\/li>\n<li><strong>Tabla de astigmatismo:<\/strong> puede verificar el cualitativo y cuantitativo del astigmatismo.<\/li>\n<li><strong>Tabla de panal:<\/strong> se utiliza para probar y ajustar los aix y el grado de CYL.<\/li>\n<li><strong>Tabla de cuatro puntos:<\/strong> debes utilizar vidrio rojo y verde para mirar la gr\u00e1fica. Durante la prueba, si el ojo derecho del testee ve el diamante rojo y el c\u00edrculo blanco, el ojo izquierdo ve la cruz verde y el c\u00edrculo blanco, esto significa normal.<\/li>\n<li><strong>Tabla E:<\/strong> se utiliza para comprobar el grado por comparaci\u00f3n<\/li>\n<\/ul>\n","protected":false},"excerpt":{"rendered":"<p><span style=\"color: #ff0000;\">ITBIS incluido<\/span><\/p>\n<p><span style=\"color: #000000;\"><strong>Modelo:<\/strong> MO-4448<\/span><\/p>\n<p><strong>Incluye:<\/strong> Fuente de conexi\u00f3n para encender la iluminaci\u00f3n<\/p>\n<p>&nbsp;<\/p>\n","protected":false},"featured_media":67,"comment_status":"open","ping_status":"closed","template":"","meta":[],"product_brand":[],"product_cat":[16],"product_tag":[62,52],"class_list":{"0":"post-352","1":"product","2":"type-product","3":"status-publish","6":"product_cat-equipos-oftalmologicos","7":"product_tag-cartilla-led","8":"product_tag-instrumentos-oftalmologicos","10":"first","11":"instock","12":"shipping-taxable","13":"purchasable","14":"product-type-simple"},"yoast_head":"<!-- This site is optimized with the Yoast SEO plugin v26.4 - https:\/\/yoast.com\/wordpress\/plugins\/seo\/ -->\n<title>Cartilla con iluminaci\u00f3n LED MO-4448 - Multi optica y equipos<\/title>\n<meta name=\"description\" content=\"Cartilla LED con iluminaci\u00f3n CL-GND\" \/>\n<meta name=\"robots\" content=\"index, follow, max-snippet:-1, max-image-preview:large, max-video-preview:-1\" \/>\n<link rel=\"canonical\" href=\"https:\/\/www.opticayequipos.com\/index.php\/producto\/cartilla-led-con-iluminacion-cl-gnd-republica-dominicana\/\" \/>\n<meta property=\"og:locale\" content=\"es_ES\" \/>\n<meta property=\"og:type\" content=\"article\" \/>\n<meta property=\"og:title\" content=\"Cartilla con iluminaci\u00f3n LED MO-4448 - Multi optica y equipos\" \/>\n<meta property=\"og:description\" content=\"Cartilla LED con iluminaci\u00f3n CL-GND\" \/>\n<meta property=\"og:url\" content=\"https:\/\/www.opticayequipos.com\/index.php\/producto\/cartilla-led-con-iluminacion-cl-gnd-republica-dominicana\/\" \/>\n<meta property=\"og:site_name\" content=\"Multi optica y equipos\" \/>\n<meta property=\"article:modified_time\" content=\"2021-12-02T19:39:22+00:00\" \/>\n<meta property=\"og:image\" content=\"https:\/\/www.opticayequipos.com\/wp-content\/uploads\/2021\/03\/CARTILLA-LED-GRANDE.jpg\" \/>\n\t<meta property=\"og:image:width\" content=\"600\" \/>\n\t<meta property=\"og:image:height\" content=\"600\" \/>\n\t<meta property=\"og:image:type\" content=\"image\/jpeg\" \/>\n<meta name=\"twitter:card\" content=\"summary_large_image\" \/>\n<meta name=\"twitter:label1\" content=\"Tiempo de lectura\" \/>\n\t<meta name=\"twitter:data1\" content=\"1 minuto\" \/>\n<script type=\"application\/ld+json\" class=\"yoast-schema-graph\">{\"@context\":\"https:\/\/schema.org\",\"@graph\":[{\"@type\":\"WebPage\",\"@id\":\"https:\/\/www.opticayequipos.com\/index.php\/producto\/cartilla-led-con-iluminacion-cl-gnd-republica-dominicana\/\",\"url\":\"https:\/\/www.opticayequipos.com\/index.php\/producto\/cartilla-led-con-iluminacion-cl-gnd-republica-dominicana\/\",\"name\":\"Cartilla con iluminaci\u00f3n LED MO-4448 - Multi optica y equipos\",\"isPartOf\":{\"@id\":\"https:\/\/www.opticayequipos.com\/#website\"},\"primaryImageOfPage\":{\"@id\":\"https:\/\/www.opticayequipos.com\/index.php\/producto\/cartilla-led-con-iluminacion-cl-gnd-republica-dominicana\/#primaryimage\"},\"image\":{\"@id\":\"https:\/\/www.opticayequipos.com\/index.php\/producto\/cartilla-led-con-iluminacion-cl-gnd-republica-dominicana\/#primaryimage\"},\"thumbnailUrl\":\"https:\/\/www.opticayequipos.com\/wp-content\/uploads\/2021\/03\/CARTILLA-LED-GRANDE.jpg\",\"datePublished\":\"2021-03-19T22:59:48+00:00\",\"dateModified\":\"2021-12-02T19:39:22+00:00\",\"description\":\"Cartilla LED con iluminaci\u00f3n CL-GND\",\"breadcrumb\":{\"@id\":\"https:\/\/www.opticayequipos.com\/index.php\/producto\/cartilla-led-con-iluminacion-cl-gnd-republica-dominicana\/#breadcrumb\"},\"inLanguage\":\"es\",\"potentialAction\":[{\"@type\":\"ReadAction\",\"target\":[\"https:\/\/www.opticayequipos.com\/index.php\/producto\/cartilla-led-con-iluminacion-cl-gnd-republica-dominicana\/\"]}]},{\"@type\":\"ImageObject\",\"inLanguage\":\"es\",\"@id\":\"https:\/\/www.opticayequipos.com\/index.php\/producto\/cartilla-led-con-iluminacion-cl-gnd-republica-dominicana\/#primaryimage\",\"url\":\"https:\/\/www.opticayequipos.com\/wp-content\/uploads\/2021\/03\/CARTILLA-LED-GRANDE.jpg\",\"contentUrl\":\"https:\/\/www.opticayequipos.com\/wp-content\/uploads\/2021\/03\/CARTILLA-LED-GRANDE.jpg\",\"width\":600,\"height\":600},{\"@type\":\"BreadcrumbList\",\"@id\":\"https:\/\/www.opticayequipos.com\/index.php\/producto\/cartilla-led-con-iluminacion-cl-gnd-republica-dominicana\/#breadcrumb\",\"itemListElement\":[{\"@type\":\"ListItem\",\"position\":1,\"name\":\"Portada\",\"item\":\"https:\/\/www.opticayequipos.com\/\"},{\"@type\":\"ListItem\",\"position\":2,\"name\":\"Mi lista de deseos\",\"item\":\"https:\/\/www.opticayequipos.com\/index.php\/mi-lista-de-deseos\/\"},{\"@type\":\"ListItem\",\"position\":3,\"name\":\"Cartilla con iluminaci\u00f3n LED MO-4448\"}]},{\"@type\":\"WebSite\",\"@id\":\"https:\/\/www.opticayequipos.com\/#website\",\"url\":\"https:\/\/www.opticayequipos.com\/\",\"name\":\"Multi optica y equipos\",\"description\":\"Venta de equipos oftalmol&oacute;gicos en Republica Dominicana para consultorios y &oacute;pticas\",\"publisher\":{\"@id\":\"https:\/\/www.opticayequipos.com\/#organization\"},\"potentialAction\":[{\"@type\":\"SearchAction\",\"target\":{\"@type\":\"EntryPoint\",\"urlTemplate\":\"https:\/\/www.opticayequipos.com\/?s={search_term_string}\"},\"query-input\":{\"@type\":\"PropertyValueSpecification\",\"valueRequired\":true,\"valueName\":\"search_term_string\"}}],\"inLanguage\":\"es\"},{\"@type\":\"Organization\",\"@id\":\"https:\/\/www.opticayequipos.com\/#organization\",\"name\":\"Multi optica y equipos\",\"url\":\"https:\/\/www.opticayequipos.com\/\",\"logo\":{\"@type\":\"ImageObject\",\"inLanguage\":\"es\",\"@id\":\"https:\/\/www.opticayequipos.com\/#\/schema\/logo\/image\/\",\"url\":\"https:\/\/www.opticayequipos.com\/wp-content\/uploads\/2021\/03\/cropped-LOGO-MOYE-2-2.png\",\"contentUrl\":\"https:\/\/www.opticayequipos.com\/wp-content\/uploads\/2021\/03\/cropped-LOGO-MOYE-2-2.png\",\"width\":552,\"height\":104,\"caption\":\"Multi optica y equipos\"},\"image\":{\"@id\":\"https:\/\/www.opticayequipos.com\/#\/schema\/logo\/image\/\"}}]}<\/script>\n<!-- \/ Yoast SEO plugin. -->","yoast_head_json":{"title":"Cartilla con iluminaci\u00f3n LED MO-4448 - Multi optica y equipos","description":"Cartilla LED con iluminaci\u00f3n CL-GND","robots":{"index":"index","follow":"follow","max-snippet":"max-snippet:-1","max-image-preview":"max-image-preview:large","max-video-preview":"max-video-preview:-1"},"canonical":"https:\/\/www.opticayequipos.com\/index.php\/producto\/cartilla-led-con-iluminacion-cl-gnd-republica-dominicana\/","og_locale":"es_ES","og_type":"article","og_title":"Cartilla con iluminaci\u00f3n LED MO-4448 - Multi optica y equipos","og_description":"Cartilla LED con iluminaci\u00f3n CL-GND","og_url":"https:\/\/www.opticayequipos.com\/index.php\/producto\/cartilla-led-con-iluminacion-cl-gnd-republica-dominicana\/","og_site_name":"Multi optica y equipos","article_modified_time":"2021-12-02T19:39:22+00:00","og_image":[{"width":600,"height":600,"url":"https:\/\/www.opticayequipos.com\/wp-content\/uploads\/2021\/03\/CARTILLA-LED-GRANDE.jpg","type":"image\/jpeg"}],"twitter_card":"summary_large_image","twitter_misc":{"Tiempo de lectura":"1 minuto"},"schema":{"@context":"https:\/\/schema.org","@graph":[{"@type":"WebPage","@id":"https:\/\/www.opticayequipos.com\/index.php\/producto\/cartilla-led-con-iluminacion-cl-gnd-republica-dominicana\/","url":"https:\/\/www.opticayequipos.com\/index.php\/producto\/cartilla-led-con-iluminacion-cl-gnd-republica-dominicana\/","name":"Cartilla con iluminaci\u00f3n LED MO-4448 - Multi optica y equipos","isPartOf":{"@id":"https:\/\/www.opticayequipos.com\/#website"},"primaryImageOfPage":{"@id":"https:\/\/www.opticayequipos.com\/index.php\/producto\/cartilla-led-con-iluminacion-cl-gnd-republica-dominicana\/#primaryimage"},"image":{"@id":"https:\/\/www.opticayequipos.com\/index.php\/producto\/cartilla-led-con-iluminacion-cl-gnd-republica-dominicana\/#primaryimage"},"thumbnailUrl":"https:\/\/www.opticayequipos.com\/wp-content\/uploads\/2021\/03\/CARTILLA-LED-GRANDE.jpg","datePublished":"2021-03-19T22:59:48+00:00","dateModified":"2021-12-02T19:39:22+00:00","description":"Cartilla LED con iluminaci\u00f3n CL-GND","breadcrumb":{"@id":"https:\/\/www.opticayequipos.com\/index.php\/producto\/cartilla-led-con-iluminacion-cl-gnd-republica-dominicana\/#breadcrumb"},"inLanguage":"es","potentialAction":[{"@type":"ReadAction","target":["https:\/\/www.opticayequipos.com\/index.php\/producto\/cartilla-led-con-iluminacion-cl-gnd-republica-dominicana\/"]}]},{"@type":"ImageObject","inLanguage":"es","@id":"https:\/\/www.opticayequipos.com\/index.php\/producto\/cartilla-led-con-iluminacion-cl-gnd-republica-dominicana\/#primaryimage","url":"https:\/\/www.opticayequipos.com\/wp-content\/uploads\/2021\/03\/CARTILLA-LED-GRANDE.jpg","contentUrl":"https:\/\/www.opticayequipos.com\/wp-content\/uploads\/2021\/03\/CARTILLA-LED-GRANDE.jpg","width":600,"height":600},{"@type":"BreadcrumbList","@id":"https:\/\/www.opticayequipos.com\/index.php\/producto\/cartilla-led-con-iluminacion-cl-gnd-republica-dominicana\/#breadcrumb","itemListElement":[{"@type":"ListItem","position":1,"name":"Portada","item":"https:\/\/www.opticayequipos.com\/"},{"@type":"ListItem","position":2,"name":"Mi lista de deseos","item":"https:\/\/www.opticayequipos.com\/index.php\/mi-lista-de-deseos\/"},{"@type":"ListItem","position":3,"name":"Cartilla con iluminaci\u00f3n LED MO-4448"}]},{"@type":"WebSite","@id":"https:\/\/www.opticayequipos.com\/#website","url":"https:\/\/www.opticayequipos.com\/","name":"Multi optica y equipos","description":"Venta de equipos oftalmol&oacute;gicos en Republica Dominicana para consultorios y &oacute;pticas","publisher":{"@id":"https:\/\/www.opticayequipos.com\/#organization"},"potentialAction":[{"@type":"SearchAction","target":{"@type":"EntryPoint","urlTemplate":"https:\/\/www.opticayequipos.com\/?s={search_term_string}"},"query-input":{"@type":"PropertyValueSpecification","valueRequired":true,"valueName":"search_term_string"}}],"inLanguage":"es"},{"@type":"Organization","@id":"https:\/\/www.opticayequipos.com\/#organization","name":"Multi optica y equipos","url":"https:\/\/www.opticayequipos.com\/","logo":{"@type":"ImageObject","inLanguage":"es","@id":"https:\/\/www.opticayequipos.com\/#\/schema\/logo\/image\/","url":"https:\/\/www.opticayequipos.com\/wp-content\/uploads\/2021\/03\/cropped-LOGO-MOYE-2-2.png","contentUrl":"https:\/\/www.opticayequipos.com\/wp-content\/uploads\/2021\/03\/cropped-LOGO-MOYE-2-2.png","width":552,"height":104,"caption":"Multi optica y equipos"},"image":{"@id":"https:\/\/www.opticayequipos.com\/#\/schema\/logo\/image\/"}}]}},"_links":{"self":[{"href":"https:\/\/www.opticayequipos.com\/index.php\/wp-json\/wp\/v2\/product\/352","targetHints":{"allow":["GET"]}}],"collection":[{"href":"https:\/\/www.opticayequipos.com\/index.php\/wp-json\/wp\/v2\/product"}],"about":[{"href":"https:\/\/www.opticayequipos.com\/index.php\/wp-json\/wp\/v2\/types\/product"}],"replies":[{"embeddable":true,"href":"https:\/\/www.opticayequipos.com\/index.php\/wp-json\/wp\/v2\/comments?post=352"}],"wp:featuredmedia":[{"embeddable":true,"href":"https:\/\/www.opticayequipos.com\/index.php\/wp-json\/wp\/v2\/media\/67"}],"wp:attachment":[{"href":"https:\/\/www.opticayequipos.com\/index.php\/wp-json\/wp\/v2\/media?parent=352"}],"wp:term":[{"taxonomy":"product_brand","embeddable":true,"href":"https:\/\/www.opticayequipos.com\/index.php\/wp-json\/wp\/v2\/product_brand?post=352"},{"taxonomy":"product_cat","embeddable":true,"href":"https:\/\/www.opticayequipos.com\/index.php\/wp-json\/wp\/v2\/product_cat?post=352"},{"taxonomy":"product_tag","embeddable":true,"href":"https:\/\/www.opticayequipos.com\/index.php\/wp-json\/wp\/v2\/product_tag?post=352"}],"curies":[{"name":"wp","href":"https:\/\/api.w.org\/{rel}","templated":true}]}}