{"id":377,"date":"2021-03-20T12:51:01","date_gmt":"2021-03-20T16:51:01","guid":{"rendered":"https:\/\/www.opticayequipos.com\/?post_type=product&#038;p=377"},"modified":"2024-06-16T07:13:28","modified_gmt":"2024-06-16T11:13:28","slug":"retina-lens-20d-republica-dominicana","status":"publish","type":"product","link":"https:\/\/www.opticayequipos.com\/index.php\/producto\/retina-lens-20d-republica-dominicana\/","title":{"rendered":"Retina lens 20D MO-4435"},"content":{"rendered":"<p><strong><span data-spm-anchor-id=\"a2700.details.0.i17.41f842ce4aakZS\">Limpieza:<\/span><\/strong><\/p>\n<p>Limpiar con alcohol o la mezcla de \u00e9ter y alcohol<\/p>\n<p><strong>Desinfecci\u00f3n y esterilizaci\u00f3n:<\/strong><\/p>\n<ul>\n<li>En remojo en glutaraldeh\u00eddo (2% o 3.4% soluci\u00f3n acuosa) para una exposici\u00f3n m\u00ednima de tiempo de 20 m\u00ednimo (se refiere a la fabricaci\u00f3n de etiqueta para temperatura de soluci\u00f3n recomendaciones) \u00a1!<\/li>\n<li><span data-spm-anchor-id=\"a2700.details.0.i18.41f842ce4aakZS\">Enjuague lente a fondo para eliminar desinfecci\u00f3n soluci\u00f3n Tres ciclos de un minuto genial o agua tibia es recomendado<\/span><\/li>\n<li>Seca cuidadosamente y lugar en seco de almacenamiento caso<\/li>\n<\/ul>\n<h1 class=\"magic-16\"><b class=\"magic-15\"><span class=\"magic-17\" data-spm-anchor-id=\"a2700.details.0.i32.79292e8dlzXfjp\">Caracter\u00edstica<\/span><\/b><\/h1>\n<table class=\"has-fixed-layout\" style=\"height: 205px;\" width=\"550\">\n<tbody>\n<tr>\n<td class=\"block-editor-rich-text__editable wp-block-table__cell-content rich-text\" role=\"textbox\" aria-multiline=\"true\" aria-label=\"Texto de la celda del cuerpo\"><strong data-rich-text-format-boundary=\"true\">Imagen<\/strong><\/td>\n<td class=\"block-editor-rich-text__editable wp-block-table__cell-content rich-text\" role=\"textbox\" aria-multiline=\"true\" aria-label=\"Texto de la celda del cuerpo\">20D<\/td>\n<\/tr>\n<tr>\n<td class=\"block-editor-rich-text__editable wp-block-table__cell-content rich-text\" role=\"textbox\" aria-multiline=\"true\" aria-label=\"Texto de la celda del cuerpo\"><strong data-rich-text-format-boundary=\"true\">Imagen de Magnificaci\u00f3n X<\/strong><\/td>\n<td class=\"block-editor-rich-text__editable wp-block-table__cell-content rich-text\" role=\"textbox\" aria-multiline=\"true\" aria-label=\"Texto de la celda del cuerpo\">2,97<\/td>\n<\/tr>\n<tr>\n<td class=\"block-editor-rich-text__editable wp-block-table__cell-content rich-text\" role=\"textbox\" aria-multiline=\"true\" aria-label=\"Texto de la celda del cuerpo\"><strong data-rich-text-format-boundary=\"true\">Campo de visi\u00f3n<\/strong><\/td>\n<td class=\"block-editor-rich-text__editable wp-block-table__cell-content rich-text\" role=\"textbox\" aria-multiline=\"true\" aria-label=\"Texto de la celda del cuerpo\">50<\/td>\n<\/tr>\n<tr>\n<td class=\"block-editor-rich-text__editable wp-block-table__cell-content rich-text\" role=\"textbox\" aria-multiline=\"true\" aria-label=\"Texto de la celda del cuerpo\"><strong data-rich-text-format-boundary=\"true\">Distancia de trabajo<\/strong><\/td>\n<td class=\"block-editor-rich-text__editable wp-block-table__cell-content rich-text\" role=\"textbox\" aria-multiline=\"true\" aria-label=\"Texto de la celda del cuerpo\">47<\/td>\n<\/tr>\n<tr>\n<td class=\"block-editor-rich-text__editable wp-block-table__cell-content rich-text\" role=\"textbox\" aria-multiline=\"true\" aria-label=\"Texto de la celda del cuerpo\"><strong data-rich-text-format-boundary=\"true\">Longitud Focal<\/strong><\/td>\n<td class=\"block-editor-rich-text__editable wp-block-table__cell-content rich-text\" role=\"textbox\" aria-multiline=\"true\" aria-label=\"Texto de la celda del cuerpo\">52<\/td>\n<\/tr>\n<tr>\n<td class=\"block-editor-rich-text__editable wp-block-table__cell-content rich-text\" role=\"textbox\" aria-multiline=\"true\" aria-label=\"Texto de la celda del cuerpo\"><strong data-rich-text-format-boundary=\"true\">Claro de apertura<\/strong><\/td>\n<td class=\"block-editor-rich-text__editable wp-block-table__cell-content rich-text\" role=\"textbox\" aria-multiline=\"true\" aria-label=\"Texto de la celda del cuerpo\">48<\/td>\n<\/tr>\n<tr>\n<td class=\"block-editor-rich-text__editable wp-block-table__cell-content rich-text\" role=\"textbox\" aria-multiline=\"true\" aria-label=\"Texto de la celda del cuerpo\"><strong data-rich-text-format-boundary=\"true\">Di\u00e1metro de la lente<\/strong><\/td>\n<td class=\"block-editor-rich-text__editable wp-block-table__cell-content rich-text\" role=\"textbox\" aria-multiline=\"true\" aria-label=\"Texto de la celda del cuerpo\">50<\/td>\n<\/tr>\n<\/tbody>\n<\/table>\n","protected":false},"excerpt":{"rendered":"<p><span style=\"color: #ff0000;\">ITBIS incluido<\/span><\/p>\n<p><strong>Modelo:<\/strong> MO-4435<\/p>\n","protected":false},"featured_media":481,"comment_status":"open","ping_status":"closed","template":"","meta":[],"product_brand":[],"product_cat":[16],"product_tag":[52,68],"class_list":{"0":"post-377","1":"product","2":"type-product","3":"status-publish","6":"product_cat-equipos-oftalmologicos","7":"product_tag-instrumentos-oftalmologicos","8":"product_tag-retina-lens","10":"first","11":"instock","12":"shipping-taxable","13":"purchasable","14":"product-type-simple"},"yoast_head":"<!-- This site is optimized with the Yoast SEO plugin v26.4 - https:\/\/yoast.com\/wordpress\/plugins\/seo\/ -->\n<title>Retina lens 20D MO-4435 - Multi optica y equipos<\/title>\n<meta name=\"description\" content=\"Retina lens 20D\" \/>\n<meta name=\"robots\" content=\"index, follow, max-snippet:-1, max-image-preview:large, max-video-preview:-1\" \/>\n<link rel=\"canonical\" href=\"https:\/\/www.opticayequipos.com\/index.php\/producto\/retina-lens-20d-republica-dominicana\/\" \/>\n<meta property=\"og:locale\" content=\"es_ES\" \/>\n<meta property=\"og:type\" content=\"article\" \/>\n<meta property=\"og:title\" content=\"Retina lens 20D MO-4435 - Multi optica y equipos\" \/>\n<meta property=\"og:description\" content=\"Retina lens 20D\" \/>\n<meta property=\"og:url\" content=\"https:\/\/www.opticayequipos.com\/index.php\/producto\/retina-lens-20d-republica-dominicana\/\" \/>\n<meta property=\"og:site_name\" content=\"Multi optica y equipos\" \/>\n<meta property=\"article:modified_time\" content=\"2024-06-16T11:13:28+00:00\" \/>\n<meta property=\"og:image\" content=\"https:\/\/www.opticayequipos.com\/wp-content\/uploads\/2021\/03\/RETINO-LENS-20D.jpg\" \/>\n\t<meta property=\"og:image:width\" content=\"1000\" \/>\n\t<meta property=\"og:image:height\" content=\"1000\" \/>\n\t<meta property=\"og:image:type\" content=\"image\/jpeg\" \/>\n<meta name=\"twitter:card\" content=\"summary_large_image\" \/>\n<meta name=\"twitter:label1\" content=\"Tiempo de lectura\" \/>\n\t<meta name=\"twitter:data1\" content=\"1 minuto\" \/>\n<script type=\"application\/ld+json\" class=\"yoast-schema-graph\">{\"@context\":\"https:\/\/schema.org\",\"@graph\":[{\"@type\":\"WebPage\",\"@id\":\"https:\/\/www.opticayequipos.com\/index.php\/producto\/retina-lens-20d-republica-dominicana\/\",\"url\":\"https:\/\/www.opticayequipos.com\/index.php\/producto\/retina-lens-20d-republica-dominicana\/\",\"name\":\"Retina lens 20D MO-4435 - Multi optica y equipos\",\"isPartOf\":{\"@id\":\"https:\/\/www.opticayequipos.com\/#website\"},\"primaryImageOfPage\":{\"@id\":\"https:\/\/www.opticayequipos.com\/index.php\/producto\/retina-lens-20d-republica-dominicana\/#primaryimage\"},\"image\":{\"@id\":\"https:\/\/www.opticayequipos.com\/index.php\/producto\/retina-lens-20d-republica-dominicana\/#primaryimage\"},\"thumbnailUrl\":\"https:\/\/www.opticayequipos.com\/wp-content\/uploads\/2021\/03\/RETINO-LENS-20D.jpg\",\"datePublished\":\"2021-03-20T16:51:01+00:00\",\"dateModified\":\"2024-06-16T11:13:28+00:00\",\"description\":\"Retina lens 20D\",\"breadcrumb\":{\"@id\":\"https:\/\/www.opticayequipos.com\/index.php\/producto\/retina-lens-20d-republica-dominicana\/#breadcrumb\"},\"inLanguage\":\"es\",\"potentialAction\":[{\"@type\":\"ReadAction\",\"target\":[\"https:\/\/www.opticayequipos.com\/index.php\/producto\/retina-lens-20d-republica-dominicana\/\"]}]},{\"@type\":\"ImageObject\",\"inLanguage\":\"es\",\"@id\":\"https:\/\/www.opticayequipos.com\/index.php\/producto\/retina-lens-20d-republica-dominicana\/#primaryimage\",\"url\":\"https:\/\/www.opticayequipos.com\/wp-content\/uploads\/2021\/03\/RETINO-LENS-20D.jpg\",\"contentUrl\":\"https:\/\/www.opticayequipos.com\/wp-content\/uploads\/2021\/03\/RETINO-LENS-20D.jpg\",\"width\":1000,\"height\":1000},{\"@type\":\"BreadcrumbList\",\"@id\":\"https:\/\/www.opticayequipos.com\/index.php\/producto\/retina-lens-20d-republica-dominicana\/#breadcrumb\",\"itemListElement\":[{\"@type\":\"ListItem\",\"position\":1,\"name\":\"Portada\",\"item\":\"https:\/\/www.opticayequipos.com\/\"},{\"@type\":\"ListItem\",\"position\":2,\"name\":\"Mi lista de deseos\",\"item\":\"https:\/\/www.opticayequipos.com\/index.php\/mi-lista-de-deseos\/\"},{\"@type\":\"ListItem\",\"position\":3,\"name\":\"Retina lens 20D MO-4435\"}]},{\"@type\":\"WebSite\",\"@id\":\"https:\/\/www.opticayequipos.com\/#website\",\"url\":\"https:\/\/www.opticayequipos.com\/\",\"name\":\"Multi optica y equipos\",\"description\":\"Venta de equipos oftalmol&oacute;gicos en Republica Dominicana para consultorios y &oacute;pticas\",\"publisher\":{\"@id\":\"https:\/\/www.opticayequipos.com\/#organization\"},\"potentialAction\":[{\"@type\":\"SearchAction\",\"target\":{\"@type\":\"EntryPoint\",\"urlTemplate\":\"https:\/\/www.opticayequipos.com\/?s={search_term_string}\"},\"query-input\":{\"@type\":\"PropertyValueSpecification\",\"valueRequired\":true,\"valueName\":\"search_term_string\"}}],\"inLanguage\":\"es\"},{\"@type\":\"Organization\",\"@id\":\"https:\/\/www.opticayequipos.com\/#organization\",\"name\":\"Multi optica y equipos\",\"url\":\"https:\/\/www.opticayequipos.com\/\",\"logo\":{\"@type\":\"ImageObject\",\"inLanguage\":\"es\",\"@id\":\"https:\/\/www.opticayequipos.com\/#\/schema\/logo\/image\/\",\"url\":\"https:\/\/www.opticayequipos.com\/wp-content\/uploads\/2021\/03\/cropped-LOGO-MOYE-2-2.png\",\"contentUrl\":\"https:\/\/www.opticayequipos.com\/wp-content\/uploads\/2021\/03\/cropped-LOGO-MOYE-2-2.png\",\"width\":552,\"height\":104,\"caption\":\"Multi optica y equipos\"},\"image\":{\"@id\":\"https:\/\/www.opticayequipos.com\/#\/schema\/logo\/image\/\"}}]}<\/script>\n<!-- \/ Yoast SEO plugin. -->","yoast_head_json":{"title":"Retina lens 20D MO-4435 - Multi optica y equipos","description":"Retina lens 20D","robots":{"index":"index","follow":"follow","max-snippet":"max-snippet:-1","max-image-preview":"max-image-preview:large","max-video-preview":"max-video-preview:-1"},"canonical":"https:\/\/www.opticayequipos.com\/index.php\/producto\/retina-lens-20d-republica-dominicana\/","og_locale":"es_ES","og_type":"article","og_title":"Retina lens 20D MO-4435 - Multi optica y equipos","og_description":"Retina lens 20D","og_url":"https:\/\/www.opticayequipos.com\/index.php\/producto\/retina-lens-20d-republica-dominicana\/","og_site_name":"Multi optica y equipos","article_modified_time":"2024-06-16T11:13:28+00:00","og_image":[{"width":1000,"height":1000,"url":"https:\/\/www.opticayequipos.com\/wp-content\/uploads\/2021\/03\/RETINO-LENS-20D.jpg","type":"image\/jpeg"}],"twitter_card":"summary_large_image","twitter_misc":{"Tiempo de lectura":"1 minuto"},"schema":{"@context":"https:\/\/schema.org","@graph":[{"@type":"WebPage","@id":"https:\/\/www.opticayequipos.com\/index.php\/producto\/retina-lens-20d-republica-dominicana\/","url":"https:\/\/www.opticayequipos.com\/index.php\/producto\/retina-lens-20d-republica-dominicana\/","name":"Retina lens 20D MO-4435 - Multi optica y equipos","isPartOf":{"@id":"https:\/\/www.opticayequipos.com\/#website"},"primaryImageOfPage":{"@id":"https:\/\/www.opticayequipos.com\/index.php\/producto\/retina-lens-20d-republica-dominicana\/#primaryimage"},"image":{"@id":"https:\/\/www.opticayequipos.com\/index.php\/producto\/retina-lens-20d-republica-dominicana\/#primaryimage"},"thumbnailUrl":"https:\/\/www.opticayequipos.com\/wp-content\/uploads\/2021\/03\/RETINO-LENS-20D.jpg","datePublished":"2021-03-20T16:51:01+00:00","dateModified":"2024-06-16T11:13:28+00:00","description":"Retina lens 20D","breadcrumb":{"@id":"https:\/\/www.opticayequipos.com\/index.php\/producto\/retina-lens-20d-republica-dominicana\/#breadcrumb"},"inLanguage":"es","potentialAction":[{"@type":"ReadAction","target":["https:\/\/www.opticayequipos.com\/index.php\/producto\/retina-lens-20d-republica-dominicana\/"]}]},{"@type":"ImageObject","inLanguage":"es","@id":"https:\/\/www.opticayequipos.com\/index.php\/producto\/retina-lens-20d-republica-dominicana\/#primaryimage","url":"https:\/\/www.opticayequipos.com\/wp-content\/uploads\/2021\/03\/RETINO-LENS-20D.jpg","contentUrl":"https:\/\/www.opticayequipos.com\/wp-content\/uploads\/2021\/03\/RETINO-LENS-20D.jpg","width":1000,"height":1000},{"@type":"BreadcrumbList","@id":"https:\/\/www.opticayequipos.com\/index.php\/producto\/retina-lens-20d-republica-dominicana\/#breadcrumb","itemListElement":[{"@type":"ListItem","position":1,"name":"Portada","item":"https:\/\/www.opticayequipos.com\/"},{"@type":"ListItem","position":2,"name":"Mi lista de deseos","item":"https:\/\/www.opticayequipos.com\/index.php\/mi-lista-de-deseos\/"},{"@type":"ListItem","position":3,"name":"Retina lens 20D MO-4435"}]},{"@type":"WebSite","@id":"https:\/\/www.opticayequipos.com\/#website","url":"https:\/\/www.opticayequipos.com\/","name":"Multi optica y equipos","description":"Venta de equipos oftalmol&oacute;gicos en Republica Dominicana para consultorios y &oacute;pticas","publisher":{"@id":"https:\/\/www.opticayequipos.com\/#organization"},"potentialAction":[{"@type":"SearchAction","target":{"@type":"EntryPoint","urlTemplate":"https:\/\/www.opticayequipos.com\/?s={search_term_string}"},"query-input":{"@type":"PropertyValueSpecification","valueRequired":true,"valueName":"search_term_string"}}],"inLanguage":"es"},{"@type":"Organization","@id":"https:\/\/www.opticayequipos.com\/#organization","name":"Multi optica y equipos","url":"https:\/\/www.opticayequipos.com\/","logo":{"@type":"ImageObject","inLanguage":"es","@id":"https:\/\/www.opticayequipos.com\/#\/schema\/logo\/image\/","url":"https:\/\/www.opticayequipos.com\/wp-content\/uploads\/2021\/03\/cropped-LOGO-MOYE-2-2.png","contentUrl":"https:\/\/www.opticayequipos.com\/wp-content\/uploads\/2021\/03\/cropped-LOGO-MOYE-2-2.png","width":552,"height":104,"caption":"Multi optica y equipos"},"image":{"@id":"https:\/\/www.opticayequipos.com\/#\/schema\/logo\/image\/"}}]}},"_links":{"self":[{"href":"https:\/\/www.opticayequipos.com\/index.php\/wp-json\/wp\/v2\/product\/377","targetHints":{"allow":["GET"]}}],"collection":[{"href":"https:\/\/www.opticayequipos.com\/index.php\/wp-json\/wp\/v2\/product"}],"about":[{"href":"https:\/\/www.opticayequipos.com\/index.php\/wp-json\/wp\/v2\/types\/product"}],"replies":[{"embeddable":true,"href":"https:\/\/www.opticayequipos.com\/index.php\/wp-json\/wp\/v2\/comments?post=377"}],"wp:featuredmedia":[{"embeddable":true,"href":"https:\/\/www.opticayequipos.com\/index.php\/wp-json\/wp\/v2\/media\/481"}],"wp:attachment":[{"href":"https:\/\/www.opticayequipos.com\/index.php\/wp-json\/wp\/v2\/media?parent=377"}],"wp:term":[{"taxonomy":"product_brand","embeddable":true,"href":"https:\/\/www.opticayequipos.com\/index.php\/wp-json\/wp\/v2\/product_brand?post=377"},{"taxonomy":"product_cat","embeddable":true,"href":"https:\/\/www.opticayequipos.com\/index.php\/wp-json\/wp\/v2\/product_cat?post=377"},{"taxonomy":"product_tag","embeddable":true,"href":"https:\/\/www.opticayequipos.com\/index.php\/wp-json\/wp\/v2\/product_tag?post=377"}],"curies":[{"name":"wp","href":"https:\/\/api.w.org\/{rel}","templated":true}]}}