{"id":445,"date":"2021-03-20T19:27:27","date_gmt":"2021-03-20T23:27:27","guid":{"rendered":"https:\/\/www.opticayequipos.com\/?post_type=product&#038;p=445"},"modified":"2021-09-21T11:23:10","modified_gmt":"2021-09-21T15:23:10","slug":"caja-de-rayos-uv","status":"publish","type":"product","link":"https:\/\/www.opticayequipos.com\/index.php\/producto\/caja-de-rayos-uv\/","title":{"rendered":"Caja esterilizadora de rayos UV con perfumador"},"content":{"rendered":"<p><strong>CAJA DE RAYOS UV PARA ESTERILIZAR<\/strong><\/p>\n<p>Sus rayos UV pueden causar c\u00e9lulas que pueden destruir la estructura molecular del ADN o ARN en las c\u00e9lulas y matar al virus para lograr la esterilizaci\u00f3n y desinfecci\u00f3n del 99.9% de las bacterias.<\/p>\n<p>\u00ba Desinfecci\u00f3n total en solo 5 minutos.<\/p>\n<p><img fetchpriority=\"high\" decoding=\"async\" class=\"alignleft wp-image-446 size-full\" src=\"https:\/\/www.opticayequipos.com\/wp-content\/uploads\/2021\/03\/CAJA-DE-RAYOS-UV-scaled.jpg\" alt=\"\" width=\"2560\" height=\"1978\" srcset=\"https:\/\/www.opticayequipos.com\/wp-content\/uploads\/2021\/03\/CAJA-DE-RAYOS-UV-scaled.jpg 2560w, https:\/\/www.opticayequipos.com\/wp-content\/uploads\/2021\/03\/CAJA-DE-RAYOS-UV-300x232.jpg 300w, https:\/\/www.opticayequipos.com\/wp-content\/uploads\/2021\/03\/CAJA-DE-RAYOS-UV-1024x791.jpg 1024w, https:\/\/www.opticayequipos.com\/wp-content\/uploads\/2021\/03\/CAJA-DE-RAYOS-UV-768x593.jpg 768w, https:\/\/www.opticayequipos.com\/wp-content\/uploads\/2021\/03\/CAJA-DE-RAYOS-UV-1536x1187.jpg 1536w, https:\/\/www.opticayequipos.com\/wp-content\/uploads\/2021\/03\/CAJA-DE-RAYOS-UV-2048x1583.jpg 2048w, https:\/\/www.opticayequipos.com\/wp-content\/uploads\/2021\/03\/CAJA-DE-RAYOS-UV-600x464.jpg 600w\" sizes=\"(max-width: 2560px) 100vw, 2560px\" \/><\/p>\n<p>&nbsp;<\/p>\n","protected":false},"excerpt":{"rendered":"<p><span style=\"color: #ff0000;\">ITBIS incluido<\/span><\/p>\n<p><strong>Modelo:<\/strong> UVBOX<\/p>\n<p><strong>Garant\u00eda: <\/strong>3 meses<\/p>\n","protected":false},"featured_media":448,"comment_status":"open","ping_status":"closed","template":"","meta":[],"product_brand":[],"product_cat":[71],"product_tag":[75,74],"class_list":{"0":"post-445","1":"product","2":"type-product","3":"status-publish","6":"product_cat-esterilizadores-rayos-uv","7":"product_tag-caja-esterilizadora","8":"product_tag-rayos-uv","10":"first","11":"instock","12":"shipping-taxable","13":"purchasable","14":"product-type-simple"},"yoast_head":"<!-- This site is optimized with the Yoast SEO plugin v26.4 - https:\/\/yoast.com\/wordpress\/plugins\/seo\/ -->\n<title>Caja esterilizadora de rayos UV con perfumador - Multi optica y equipos<\/title>\n<meta name=\"description\" content=\"Sus rayos UV pueden causar c\u00e9lulas que pueden destruir la estructura molecular del ADN o ARN en las c\u00e9lulas y matar al virus para lograr la esterilizaci\u00f3n y desinfecci\u00f3n del 99.9% de las bacterias.\" \/>\n<meta name=\"robots\" content=\"index, follow, max-snippet:-1, max-image-preview:large, max-video-preview:-1\" \/>\n<link rel=\"canonical\" href=\"https:\/\/www.opticayequipos.com\/index.php\/producto\/caja-de-rayos-uv\/\" \/>\n<meta property=\"og:locale\" content=\"es_ES\" \/>\n<meta property=\"og:type\" content=\"article\" \/>\n<meta property=\"og:title\" content=\"Caja esterilizadora de rayos UV con perfumador - Multi optica y equipos\" \/>\n<meta property=\"og:description\" content=\"Sus rayos UV pueden causar c\u00e9lulas que pueden destruir la estructura molecular del ADN o ARN en las c\u00e9lulas y matar al virus para lograr la esterilizaci\u00f3n y desinfecci\u00f3n del 99.9% de las bacterias.\" \/>\n<meta property=\"og:url\" content=\"https:\/\/www.opticayequipos.com\/index.php\/producto\/caja-de-rayos-uv\/\" \/>\n<meta property=\"og:site_name\" content=\"Multi optica y equipos\" \/>\n<meta property=\"article:modified_time\" content=\"2021-09-21T15:23:10+00:00\" \/>\n<meta property=\"og:image\" content=\"https:\/\/www.opticayequipos.com\/wp-content\/uploads\/2021\/03\/CAJA-DE-RAYOS-UV-2.jpg\" \/>\n\t<meta property=\"og:image:width\" content=\"800\" \/>\n\t<meta property=\"og:image:height\" content=\"800\" \/>\n\t<meta property=\"og:image:type\" content=\"image\/jpeg\" \/>\n<meta name=\"twitter:card\" content=\"summary_large_image\" \/>\n<meta name=\"twitter:label1\" content=\"Tiempo de lectura\" \/>\n\t<meta name=\"twitter:data1\" content=\"1 minuto\" \/>\n<script type=\"application\/ld+json\" class=\"yoast-schema-graph\">{\"@context\":\"https:\/\/schema.org\",\"@graph\":[{\"@type\":\"WebPage\",\"@id\":\"https:\/\/www.opticayequipos.com\/index.php\/producto\/caja-de-rayos-uv\/\",\"url\":\"https:\/\/www.opticayequipos.com\/index.php\/producto\/caja-de-rayos-uv\/\",\"name\":\"Caja esterilizadora de rayos UV con perfumador - Multi optica y equipos\",\"isPartOf\":{\"@id\":\"https:\/\/www.opticayequipos.com\/#website\"},\"primaryImageOfPage\":{\"@id\":\"https:\/\/www.opticayequipos.com\/index.php\/producto\/caja-de-rayos-uv\/#primaryimage\"},\"image\":{\"@id\":\"https:\/\/www.opticayequipos.com\/index.php\/producto\/caja-de-rayos-uv\/#primaryimage\"},\"thumbnailUrl\":\"https:\/\/www.opticayequipos.com\/wp-content\/uploads\/2021\/03\/CAJA-DE-RAYOS-UV-2.jpg\",\"datePublished\":\"2021-03-20T23:27:27+00:00\",\"dateModified\":\"2021-09-21T15:23:10+00:00\",\"description\":\"Sus rayos UV pueden causar c\u00e9lulas que pueden destruir la estructura molecular del ADN o ARN en las c\u00e9lulas y matar al virus para lograr la esterilizaci\u00f3n y desinfecci\u00f3n del 99.9% de las bacterias.\",\"breadcrumb\":{\"@id\":\"https:\/\/www.opticayequipos.com\/index.php\/producto\/caja-de-rayos-uv\/#breadcrumb\"},\"inLanguage\":\"es\",\"potentialAction\":[{\"@type\":\"ReadAction\",\"target\":[\"https:\/\/www.opticayequipos.com\/index.php\/producto\/caja-de-rayos-uv\/\"]}]},{\"@type\":\"ImageObject\",\"inLanguage\":\"es\",\"@id\":\"https:\/\/www.opticayequipos.com\/index.php\/producto\/caja-de-rayos-uv\/#primaryimage\",\"url\":\"https:\/\/www.opticayequipos.com\/wp-content\/uploads\/2021\/03\/CAJA-DE-RAYOS-UV-2.jpg\",\"contentUrl\":\"https:\/\/www.opticayequipos.com\/wp-content\/uploads\/2021\/03\/CAJA-DE-RAYOS-UV-2.jpg\",\"width\":800,\"height\":800},{\"@type\":\"BreadcrumbList\",\"@id\":\"https:\/\/www.opticayequipos.com\/index.php\/producto\/caja-de-rayos-uv\/#breadcrumb\",\"itemListElement\":[{\"@type\":\"ListItem\",\"position\":1,\"name\":\"Portada\",\"item\":\"https:\/\/www.opticayequipos.com\/\"},{\"@type\":\"ListItem\",\"position\":2,\"name\":\"Mi lista de deseos\",\"item\":\"https:\/\/www.opticayequipos.com\/index.php\/mi-lista-de-deseos\/\"},{\"@type\":\"ListItem\",\"position\":3,\"name\":\"Caja esterilizadora de rayos UV con perfumador\"}]},{\"@type\":\"WebSite\",\"@id\":\"https:\/\/www.opticayequipos.com\/#website\",\"url\":\"https:\/\/www.opticayequipos.com\/\",\"name\":\"Multi optica y equipos\",\"description\":\"Venta de equipos oftalmol&oacute;gicos en Republica Dominicana para consultorios y &oacute;pticas\",\"publisher\":{\"@id\":\"https:\/\/www.opticayequipos.com\/#organization\"},\"potentialAction\":[{\"@type\":\"SearchAction\",\"target\":{\"@type\":\"EntryPoint\",\"urlTemplate\":\"https:\/\/www.opticayequipos.com\/?s={search_term_string}\"},\"query-input\":{\"@type\":\"PropertyValueSpecification\",\"valueRequired\":true,\"valueName\":\"search_term_string\"}}],\"inLanguage\":\"es\"},{\"@type\":\"Organization\",\"@id\":\"https:\/\/www.opticayequipos.com\/#organization\",\"name\":\"Multi optica y equipos\",\"url\":\"https:\/\/www.opticayequipos.com\/\",\"logo\":{\"@type\":\"ImageObject\",\"inLanguage\":\"es\",\"@id\":\"https:\/\/www.opticayequipos.com\/#\/schema\/logo\/image\/\",\"url\":\"https:\/\/www.opticayequipos.com\/wp-content\/uploads\/2021\/03\/cropped-LOGO-MOYE-2-2.png\",\"contentUrl\":\"https:\/\/www.opticayequipos.com\/wp-content\/uploads\/2021\/03\/cropped-LOGO-MOYE-2-2.png\",\"width\":552,\"height\":104,\"caption\":\"Multi optica y equipos\"},\"image\":{\"@id\":\"https:\/\/www.opticayequipos.com\/#\/schema\/logo\/image\/\"}}]}<\/script>\n<!-- \/ Yoast SEO plugin. -->","yoast_head_json":{"title":"Caja esterilizadora de rayos UV con perfumador - Multi optica y equipos","description":"Sus rayos UV pueden causar c\u00e9lulas que pueden destruir la estructura molecular del ADN o ARN en las c\u00e9lulas y matar al virus para lograr la esterilizaci\u00f3n y desinfecci\u00f3n del 99.9% de las bacterias.","robots":{"index":"index","follow":"follow","max-snippet":"max-snippet:-1","max-image-preview":"max-image-preview:large","max-video-preview":"max-video-preview:-1"},"canonical":"https:\/\/www.opticayequipos.com\/index.php\/producto\/caja-de-rayos-uv\/","og_locale":"es_ES","og_type":"article","og_title":"Caja esterilizadora de rayos UV con perfumador - Multi optica y equipos","og_description":"Sus rayos UV pueden causar c\u00e9lulas que pueden destruir la estructura molecular del ADN o ARN en las c\u00e9lulas y matar al virus para lograr la esterilizaci\u00f3n y desinfecci\u00f3n del 99.9% de las bacterias.","og_url":"https:\/\/www.opticayequipos.com\/index.php\/producto\/caja-de-rayos-uv\/","og_site_name":"Multi optica y equipos","article_modified_time":"2021-09-21T15:23:10+00:00","og_image":[{"width":800,"height":800,"url":"https:\/\/www.opticayequipos.com\/wp-content\/uploads\/2021\/03\/CAJA-DE-RAYOS-UV-2.jpg","type":"image\/jpeg"}],"twitter_card":"summary_large_image","twitter_misc":{"Tiempo de lectura":"1 minuto"},"schema":{"@context":"https:\/\/schema.org","@graph":[{"@type":"WebPage","@id":"https:\/\/www.opticayequipos.com\/index.php\/producto\/caja-de-rayos-uv\/","url":"https:\/\/www.opticayequipos.com\/index.php\/producto\/caja-de-rayos-uv\/","name":"Caja esterilizadora de rayos UV con perfumador - Multi optica y equipos","isPartOf":{"@id":"https:\/\/www.opticayequipos.com\/#website"},"primaryImageOfPage":{"@id":"https:\/\/www.opticayequipos.com\/index.php\/producto\/caja-de-rayos-uv\/#primaryimage"},"image":{"@id":"https:\/\/www.opticayequipos.com\/index.php\/producto\/caja-de-rayos-uv\/#primaryimage"},"thumbnailUrl":"https:\/\/www.opticayequipos.com\/wp-content\/uploads\/2021\/03\/CAJA-DE-RAYOS-UV-2.jpg","datePublished":"2021-03-20T23:27:27+00:00","dateModified":"2021-09-21T15:23:10+00:00","description":"Sus rayos UV pueden causar c\u00e9lulas que pueden destruir la estructura molecular del ADN o ARN en las c\u00e9lulas y matar al virus para lograr la esterilizaci\u00f3n y desinfecci\u00f3n del 99.9% de las bacterias.","breadcrumb":{"@id":"https:\/\/www.opticayequipos.com\/index.php\/producto\/caja-de-rayos-uv\/#breadcrumb"},"inLanguage":"es","potentialAction":[{"@type":"ReadAction","target":["https:\/\/www.opticayequipos.com\/index.php\/producto\/caja-de-rayos-uv\/"]}]},{"@type":"ImageObject","inLanguage":"es","@id":"https:\/\/www.opticayequipos.com\/index.php\/producto\/caja-de-rayos-uv\/#primaryimage","url":"https:\/\/www.opticayequipos.com\/wp-content\/uploads\/2021\/03\/CAJA-DE-RAYOS-UV-2.jpg","contentUrl":"https:\/\/www.opticayequipos.com\/wp-content\/uploads\/2021\/03\/CAJA-DE-RAYOS-UV-2.jpg","width":800,"height":800},{"@type":"BreadcrumbList","@id":"https:\/\/www.opticayequipos.com\/index.php\/producto\/caja-de-rayos-uv\/#breadcrumb","itemListElement":[{"@type":"ListItem","position":1,"name":"Portada","item":"https:\/\/www.opticayequipos.com\/"},{"@type":"ListItem","position":2,"name":"Mi lista de deseos","item":"https:\/\/www.opticayequipos.com\/index.php\/mi-lista-de-deseos\/"},{"@type":"ListItem","position":3,"name":"Caja esterilizadora de rayos UV con perfumador"}]},{"@type":"WebSite","@id":"https:\/\/www.opticayequipos.com\/#website","url":"https:\/\/www.opticayequipos.com\/","name":"Multi optica y equipos","description":"Venta de equipos oftalmol&oacute;gicos en Republica Dominicana para consultorios y &oacute;pticas","publisher":{"@id":"https:\/\/www.opticayequipos.com\/#organization"},"potentialAction":[{"@type":"SearchAction","target":{"@type":"EntryPoint","urlTemplate":"https:\/\/www.opticayequipos.com\/?s={search_term_string}"},"query-input":{"@type":"PropertyValueSpecification","valueRequired":true,"valueName":"search_term_string"}}],"inLanguage":"es"},{"@type":"Organization","@id":"https:\/\/www.opticayequipos.com\/#organization","name":"Multi optica y equipos","url":"https:\/\/www.opticayequipos.com\/","logo":{"@type":"ImageObject","inLanguage":"es","@id":"https:\/\/www.opticayequipos.com\/#\/schema\/logo\/image\/","url":"https:\/\/www.opticayequipos.com\/wp-content\/uploads\/2021\/03\/cropped-LOGO-MOYE-2-2.png","contentUrl":"https:\/\/www.opticayequipos.com\/wp-content\/uploads\/2021\/03\/cropped-LOGO-MOYE-2-2.png","width":552,"height":104,"caption":"Multi optica y equipos"},"image":{"@id":"https:\/\/www.opticayequipos.com\/#\/schema\/logo\/image\/"}}]}},"_links":{"self":[{"href":"https:\/\/www.opticayequipos.com\/index.php\/wp-json\/wp\/v2\/product\/445","targetHints":{"allow":["GET"]}}],"collection":[{"href":"https:\/\/www.opticayequipos.com\/index.php\/wp-json\/wp\/v2\/product"}],"about":[{"href":"https:\/\/www.opticayequipos.com\/index.php\/wp-json\/wp\/v2\/types\/product"}],"replies":[{"embeddable":true,"href":"https:\/\/www.opticayequipos.com\/index.php\/wp-json\/wp\/v2\/comments?post=445"}],"wp:featuredmedia":[{"embeddable":true,"href":"https:\/\/www.opticayequipos.com\/index.php\/wp-json\/wp\/v2\/media\/448"}],"wp:attachment":[{"href":"https:\/\/www.opticayequipos.com\/index.php\/wp-json\/wp\/v2\/media?parent=445"}],"wp:term":[{"taxonomy":"product_brand","embeddable":true,"href":"https:\/\/www.opticayequipos.com\/index.php\/wp-json\/wp\/v2\/product_brand?post=445"},{"taxonomy":"product_cat","embeddable":true,"href":"https:\/\/www.opticayequipos.com\/index.php\/wp-json\/wp\/v2\/product_cat?post=445"},{"taxonomy":"product_tag","embeddable":true,"href":"https:\/\/www.opticayequipos.com\/index.php\/wp-json\/wp\/v2\/product_tag?post=445"}],"curies":[{"name":"wp","href":"https:\/\/api.w.org\/{rel}","templated":true}]}}