{"id":757,"date":"2021-06-16T13:45:15","date_gmt":"2021-06-16T17:45:15","guid":{"rendered":"https:\/\/www.opticayequipos.com\/?post_type=product&#038;p=757"},"modified":"2024-06-05T20:47:10","modified_gmt":"2024-06-06T00:47:10","slug":"lampara-de-hendidura-5-magnificaciones","status":"publish","type":"product","link":"https:\/\/www.opticayequipos.com\/index.php\/producto\/lampara-de-hendidura-5-magnificaciones\/","title":{"rendered":"Lampara de Hendidura 5 magnificaciones MO-4487"},"content":{"rendered":"<h1 class=\"magic-16\" style=\"text-align: left;\"><b class=\"magic-15\"><span class=\"magic-17\" data-spm-anchor-id=\"a2700.details.0.i32.79292e8dlzXfjp\">Caracter\u00edstica<\/span><\/b><\/h1>\n<table style=\"height: 498px;\" border=\"0\" width=\"783\" cellspacing=\"0\">\n<tbody>\n<tr>\n<td valign=\"top\" width=\"273\"><span data-spm-anchor-id=\"a2700.details.0.i22.250c107bOocxf0\"><strong>Cambio de aumento<\/strong><\/span><\/td>\n<td valign=\"top\" width=\"328\">Bot\u00f3n tambor giratorio<\/td>\n<\/tr>\n<tr>\n<td valign=\"top\" width=\"273\"><strong>Ocular<\/strong><\/td>\n<td valign=\"top\" width=\"328\">12.5X<\/td>\n<\/tr>\n<tr>\n<td valign=\"top\" width=\"273\"><strong>Magnificaciones<\/strong><\/td>\n<td valign=\"top\" width=\"328\">6X 10X 16X 25X 40X<\/td>\n<\/tr>\n<tr>\n<td valign=\"top\" width=\"273\"><strong>Di\u00e1metro de campo de visi\u00f3n<\/strong><\/td>\n<td valign=\"top\" width=\"328\">Y phi;37 y phi;23 y phi;14 y phi; 8,7 y phi; 5,7 (mm)<\/td>\n<\/tr>\n<tr>\n<td valign=\"top\" width=\"273\"><strong>Rango de ajuste de la distancia de pupila<\/strong><\/td>\n<td valign=\"top\" width=\"328\">54mm ~ 82mm<\/td>\n<\/tr>\n<tr>\n<td valign=\"top\" width=\"273\"><strong>Rango de ajuste de los oculares<\/strong><\/td>\n<td valign=\"top\" width=\"328\">-7D ~ + 7D<\/td>\n<\/tr>\n<tr>\n<td valign=\"top\" width=\"273\"><strong>Corte ancho de la imagen<\/strong><\/td>\n<td valign=\"top\" width=\"328\">0mm ~ 14mm continua<\/td>\n<\/tr>\n<tr>\n<td valign=\"top\" width=\"273\"><strong>Cort\u00f3 la longitud<\/strong><\/td>\n<td valign=\"top\" width=\"328\">1mm ~ 14mm continua<\/td>\n<\/tr>\n<tr>\n<td valign=\"top\" width=\"273\"><strong>Di\u00e1metro de apertura<\/strong><\/td>\n<td valign=\"top\" width=\"328\">Y phi;14mm y phi;10mm y phi;5mm Y phi;3mm y phi;1mm y phi; 0,2mm<\/td>\n<\/tr>\n<tr>\n<td valign=\"top\" width=\"273\"><strong>Corte de \u00e1ngulo<\/strong><\/td>\n<td valign=\"top\" width=\"328\">0 ~ 180 Rota de continuo<\/td>\n<\/tr>\n<tr>\n<td valign=\"top\" width=\"273\"><strong>\u00c1ngulo de iluminaci\u00f3n<\/strong><\/td>\n<td valign=\"top\" width=\"328\"><span data-spm-anchor-id=\"a2700.details.0.i23.250c107bOocxf0\">5 10 15 20 en total 4 pasos<\/span><\/td>\n<\/tr>\n<tr>\n<td valign=\"top\" width=\"273\"><strong>Filtro<\/strong><\/td>\n<td valign=\"top\" width=\"328\">La absorci\u00f3n de calor Grey rojo gratis (verde) azul cobalto<\/td>\n<\/tr>\n<tr>\n<td valign=\"top\" width=\"273\"><strong>Iluminaci\u00f3n<\/strong><\/td>\n<td valign=\"top\" width=\"328\">12v 12v 30w bombilla hal\u00f3gena<\/td>\n<\/tr>\n<tr>\n<td valign=\"top\" width=\"273\"><strong>Fijaci\u00f3n<\/strong><\/td>\n<td valign=\"top\" width=\"328\">LED rojo, 3,5 V<\/td>\n<\/tr>\n<tr>\n<td rowspan=\"3\" valign=\"top\" width=\"273\"><strong>Poder<\/strong><\/td>\n<td valign=\"top\" width=\"328\">Tensi\u00f3n de entrada: 110\/220V \u00b1 10%<\/td>\n<\/tr>\n<tr>\n<td valign=\"top\" width=\"328\">Frecuencia de entrada: 48 ~ 62Hz<\/td>\n<\/tr>\n<tr>\n<td valign=\"top\" width=\"328\">Potencia de entrada: 60VA<\/td>\n<\/tr>\n<\/tbody>\n<\/table>\n","protected":false},"excerpt":{"rendered":"<p><span style=\"color: #ff0000;\">ITBIS incluido<\/span><\/p>\n<p><strong>Modelo: <\/strong>MO-4487<strong><br \/>\n<\/strong><\/p>\n<p><strong>Magnificaciones:<\/strong> 5 ( 6X 10X 16X 25X 40X )<\/p>\n<p><strong>Color:<\/strong> Blanco con negro<\/p>\n<p><b>Garant\u00eda<\/b><strong>:<\/strong> 1 a\u00f1o<\/p>\n","protected":false},"featured_media":759,"comment_status":"open","ping_status":"closed","template":"","meta":[],"product_brand":[],"product_cat":[16],"product_tag":[52,24,23],"class_list":{"0":"post-757","1":"product","2":"type-product","3":"status-publish","6":"product_cat-equipos-oftalmologicos","7":"product_tag-instrumentos-oftalmologicos","8":"product_tag-lampara","9":"product_tag-lampara-de-hendidura","11":"first","12":"instock","13":"shipping-taxable","14":"purchasable","15":"product-type-simple"},"yoast_head":"<!-- This site is optimized with the Yoast SEO plugin v26.4 - https:\/\/yoast.com\/wordpress\/plugins\/seo\/ -->\n<title>Lampara de Hendidura 5 magnificaciones MO-4487 - Multi optica y equipos<\/title>\n<meta name=\"description\" content=\"Cuenta con 5 magnificaciones 6 - 10 - 16 - 25 y 40, permitiendo observar claramente desde los vasos sangu\u00edneos de la esclera. Tiene gran di\u00e1metro del punto de luz, el ancho de la hendidura puede alcanzar los 14mm que permite observar los ojos de forma m\u00e1s completa.\" \/>\n<meta name=\"robots\" content=\"index, follow, max-snippet:-1, max-image-preview:large, max-video-preview:-1\" \/>\n<link rel=\"canonical\" href=\"https:\/\/www.opticayequipos.com\/index.php\/producto\/lampara-de-hendidura-5-magnificaciones\/\" \/>\n<meta property=\"og:locale\" content=\"es_ES\" \/>\n<meta property=\"og:type\" content=\"article\" \/>\n<meta property=\"og:title\" content=\"Lampara de Hendidura 5 magnificaciones MO-4487 - Multi optica y equipos\" \/>\n<meta property=\"og:description\" content=\"Cuenta con 5 magnificaciones 6 - 10 - 16 - 25 y 40, permitiendo observar claramente desde los vasos sangu\u00edneos de la esclera. Tiene gran di\u00e1metro del punto de luz, el ancho de la hendidura puede alcanzar los 14mm que permite observar los ojos de forma m\u00e1s completa.\" \/>\n<meta property=\"og:url\" content=\"https:\/\/www.opticayequipos.com\/index.php\/producto\/lampara-de-hendidura-5-magnificaciones\/\" \/>\n<meta property=\"og:site_name\" content=\"Multi optica y equipos\" \/>\n<meta property=\"article:modified_time\" content=\"2024-06-06T00:47:10+00:00\" \/>\n<meta property=\"og:image\" content=\"https:\/\/www.opticayequipos.com\/wp-content\/uploads\/2021\/06\/LAMPARA-DE-HENDIDURA-DE-5-MAGNIFICACIONES-NUEVA.jpg\" \/>\n\t<meta property=\"og:image:width\" content=\"1000\" \/>\n\t<meta property=\"og:image:height\" content=\"1000\" \/>\n\t<meta property=\"og:image:type\" content=\"image\/jpeg\" \/>\n<meta name=\"twitter:card\" content=\"summary_large_image\" \/>\n<meta name=\"twitter:label1\" content=\"Tiempo de lectura\" \/>\n\t<meta name=\"twitter:data1\" content=\"1 minuto\" \/>\n<script type=\"application\/ld+json\" class=\"yoast-schema-graph\">{\"@context\":\"https:\/\/schema.org\",\"@graph\":[{\"@type\":\"WebPage\",\"@id\":\"https:\/\/www.opticayequipos.com\/index.php\/producto\/lampara-de-hendidura-5-magnificaciones\/\",\"url\":\"https:\/\/www.opticayequipos.com\/index.php\/producto\/lampara-de-hendidura-5-magnificaciones\/\",\"name\":\"Lampara de Hendidura 5 magnificaciones MO-4487 - Multi optica y equipos\",\"isPartOf\":{\"@id\":\"https:\/\/www.opticayequipos.com\/#website\"},\"primaryImageOfPage\":{\"@id\":\"https:\/\/www.opticayequipos.com\/index.php\/producto\/lampara-de-hendidura-5-magnificaciones\/#primaryimage\"},\"image\":{\"@id\":\"https:\/\/www.opticayequipos.com\/index.php\/producto\/lampara-de-hendidura-5-magnificaciones\/#primaryimage\"},\"thumbnailUrl\":\"https:\/\/www.opticayequipos.com\/wp-content\/uploads\/2021\/06\/LAMPARA-DE-HENDIDURA-DE-5-MAGNIFICACIONES-NUEVA.jpg\",\"datePublished\":\"2021-06-16T17:45:15+00:00\",\"dateModified\":\"2024-06-06T00:47:10+00:00\",\"description\":\"Cuenta con 5 magnificaciones 6 - 10 - 16 - 25 y 40, permitiendo observar claramente desde los vasos sangu\u00edneos de la esclera. Tiene gran di\u00e1metro del punto de luz, el ancho de la hendidura puede alcanzar los 14mm que permite observar los ojos de forma m\u00e1s completa.\",\"breadcrumb\":{\"@id\":\"https:\/\/www.opticayequipos.com\/index.php\/producto\/lampara-de-hendidura-5-magnificaciones\/#breadcrumb\"},\"inLanguage\":\"es\",\"potentialAction\":[{\"@type\":\"ReadAction\",\"target\":[\"https:\/\/www.opticayequipos.com\/index.php\/producto\/lampara-de-hendidura-5-magnificaciones\/\"]}]},{\"@type\":\"ImageObject\",\"inLanguage\":\"es\",\"@id\":\"https:\/\/www.opticayequipos.com\/index.php\/producto\/lampara-de-hendidura-5-magnificaciones\/#primaryimage\",\"url\":\"https:\/\/www.opticayequipos.com\/wp-content\/uploads\/2021\/06\/LAMPARA-DE-HENDIDURA-DE-5-MAGNIFICACIONES-NUEVA.jpg\",\"contentUrl\":\"https:\/\/www.opticayequipos.com\/wp-content\/uploads\/2021\/06\/LAMPARA-DE-HENDIDURA-DE-5-MAGNIFICACIONES-NUEVA.jpg\",\"width\":1000,\"height\":1000},{\"@type\":\"BreadcrumbList\",\"@id\":\"https:\/\/www.opticayequipos.com\/index.php\/producto\/lampara-de-hendidura-5-magnificaciones\/#breadcrumb\",\"itemListElement\":[{\"@type\":\"ListItem\",\"position\":1,\"name\":\"Portada\",\"item\":\"https:\/\/www.opticayequipos.com\/\"},{\"@type\":\"ListItem\",\"position\":2,\"name\":\"Mi lista de deseos\",\"item\":\"https:\/\/www.opticayequipos.com\/index.php\/mi-lista-de-deseos\/\"},{\"@type\":\"ListItem\",\"position\":3,\"name\":\"Lampara de Hendidura 5 magnificaciones MO-4487\"}]},{\"@type\":\"WebSite\",\"@id\":\"https:\/\/www.opticayequipos.com\/#website\",\"url\":\"https:\/\/www.opticayequipos.com\/\",\"name\":\"Multi optica y equipos\",\"description\":\"Venta de equipos oftalmol&oacute;gicos en Republica Dominicana para consultorios y &oacute;pticas\",\"publisher\":{\"@id\":\"https:\/\/www.opticayequipos.com\/#organization\"},\"potentialAction\":[{\"@type\":\"SearchAction\",\"target\":{\"@type\":\"EntryPoint\",\"urlTemplate\":\"https:\/\/www.opticayequipos.com\/?s={search_term_string}\"},\"query-input\":{\"@type\":\"PropertyValueSpecification\",\"valueRequired\":true,\"valueName\":\"search_term_string\"}}],\"inLanguage\":\"es\"},{\"@type\":\"Organization\",\"@id\":\"https:\/\/www.opticayequipos.com\/#organization\",\"name\":\"Multi optica y equipos\",\"url\":\"https:\/\/www.opticayequipos.com\/\",\"logo\":{\"@type\":\"ImageObject\",\"inLanguage\":\"es\",\"@id\":\"https:\/\/www.opticayequipos.com\/#\/schema\/logo\/image\/\",\"url\":\"https:\/\/www.opticayequipos.com\/wp-content\/uploads\/2021\/03\/cropped-LOGO-MOYE-2-2.png\",\"contentUrl\":\"https:\/\/www.opticayequipos.com\/wp-content\/uploads\/2021\/03\/cropped-LOGO-MOYE-2-2.png\",\"width\":552,\"height\":104,\"caption\":\"Multi optica y equipos\"},\"image\":{\"@id\":\"https:\/\/www.opticayequipos.com\/#\/schema\/logo\/image\/\"}}]}<\/script>\n<!-- \/ Yoast SEO plugin. -->","yoast_head_json":{"title":"Lampara de Hendidura 5 magnificaciones MO-4487 - Multi optica y equipos","description":"Cuenta con 5 magnificaciones 6 - 10 - 16 - 25 y 40, permitiendo observar claramente desde los vasos sangu\u00edneos de la esclera. Tiene gran di\u00e1metro del punto de luz, el ancho de la hendidura puede alcanzar los 14mm que permite observar los ojos de forma m\u00e1s completa.","robots":{"index":"index","follow":"follow","max-snippet":"max-snippet:-1","max-image-preview":"max-image-preview:large","max-video-preview":"max-video-preview:-1"},"canonical":"https:\/\/www.opticayequipos.com\/index.php\/producto\/lampara-de-hendidura-5-magnificaciones\/","og_locale":"es_ES","og_type":"article","og_title":"Lampara de Hendidura 5 magnificaciones MO-4487 - Multi optica y equipos","og_description":"Cuenta con 5 magnificaciones 6 - 10 - 16 - 25 y 40, permitiendo observar claramente desde los vasos sangu\u00edneos de la esclera. Tiene gran di\u00e1metro del punto de luz, el ancho de la hendidura puede alcanzar los 14mm que permite observar los ojos de forma m\u00e1s completa.","og_url":"https:\/\/www.opticayequipos.com\/index.php\/producto\/lampara-de-hendidura-5-magnificaciones\/","og_site_name":"Multi optica y equipos","article_modified_time":"2024-06-06T00:47:10+00:00","og_image":[{"width":1000,"height":1000,"url":"https:\/\/www.opticayequipos.com\/wp-content\/uploads\/2021\/06\/LAMPARA-DE-HENDIDURA-DE-5-MAGNIFICACIONES-NUEVA.jpg","type":"image\/jpeg"}],"twitter_card":"summary_large_image","twitter_misc":{"Tiempo de lectura":"1 minuto"},"schema":{"@context":"https:\/\/schema.org","@graph":[{"@type":"WebPage","@id":"https:\/\/www.opticayequipos.com\/index.php\/producto\/lampara-de-hendidura-5-magnificaciones\/","url":"https:\/\/www.opticayequipos.com\/index.php\/producto\/lampara-de-hendidura-5-magnificaciones\/","name":"Lampara de Hendidura 5 magnificaciones MO-4487 - Multi optica y equipos","isPartOf":{"@id":"https:\/\/www.opticayequipos.com\/#website"},"primaryImageOfPage":{"@id":"https:\/\/www.opticayequipos.com\/index.php\/producto\/lampara-de-hendidura-5-magnificaciones\/#primaryimage"},"image":{"@id":"https:\/\/www.opticayequipos.com\/index.php\/producto\/lampara-de-hendidura-5-magnificaciones\/#primaryimage"},"thumbnailUrl":"https:\/\/www.opticayequipos.com\/wp-content\/uploads\/2021\/06\/LAMPARA-DE-HENDIDURA-DE-5-MAGNIFICACIONES-NUEVA.jpg","datePublished":"2021-06-16T17:45:15+00:00","dateModified":"2024-06-06T00:47:10+00:00","description":"Cuenta con 5 magnificaciones 6 - 10 - 16 - 25 y 40, permitiendo observar claramente desde los vasos sangu\u00edneos de la esclera. Tiene gran di\u00e1metro del punto de luz, el ancho de la hendidura puede alcanzar los 14mm que permite observar los ojos de forma m\u00e1s completa.","breadcrumb":{"@id":"https:\/\/www.opticayequipos.com\/index.php\/producto\/lampara-de-hendidura-5-magnificaciones\/#breadcrumb"},"inLanguage":"es","potentialAction":[{"@type":"ReadAction","target":["https:\/\/www.opticayequipos.com\/index.php\/producto\/lampara-de-hendidura-5-magnificaciones\/"]}]},{"@type":"ImageObject","inLanguage":"es","@id":"https:\/\/www.opticayequipos.com\/index.php\/producto\/lampara-de-hendidura-5-magnificaciones\/#primaryimage","url":"https:\/\/www.opticayequipos.com\/wp-content\/uploads\/2021\/06\/LAMPARA-DE-HENDIDURA-DE-5-MAGNIFICACIONES-NUEVA.jpg","contentUrl":"https:\/\/www.opticayequipos.com\/wp-content\/uploads\/2021\/06\/LAMPARA-DE-HENDIDURA-DE-5-MAGNIFICACIONES-NUEVA.jpg","width":1000,"height":1000},{"@type":"BreadcrumbList","@id":"https:\/\/www.opticayequipos.com\/index.php\/producto\/lampara-de-hendidura-5-magnificaciones\/#breadcrumb","itemListElement":[{"@type":"ListItem","position":1,"name":"Portada","item":"https:\/\/www.opticayequipos.com\/"},{"@type":"ListItem","position":2,"name":"Mi lista de deseos","item":"https:\/\/www.opticayequipos.com\/index.php\/mi-lista-de-deseos\/"},{"@type":"ListItem","position":3,"name":"Lampara de Hendidura 5 magnificaciones MO-4487"}]},{"@type":"WebSite","@id":"https:\/\/www.opticayequipos.com\/#website","url":"https:\/\/www.opticayequipos.com\/","name":"Multi optica y equipos","description":"Venta de equipos oftalmol&oacute;gicos en Republica Dominicana para consultorios y &oacute;pticas","publisher":{"@id":"https:\/\/www.opticayequipos.com\/#organization"},"potentialAction":[{"@type":"SearchAction","target":{"@type":"EntryPoint","urlTemplate":"https:\/\/www.opticayequipos.com\/?s={search_term_string}"},"query-input":{"@type":"PropertyValueSpecification","valueRequired":true,"valueName":"search_term_string"}}],"inLanguage":"es"},{"@type":"Organization","@id":"https:\/\/www.opticayequipos.com\/#organization","name":"Multi optica y equipos","url":"https:\/\/www.opticayequipos.com\/","logo":{"@type":"ImageObject","inLanguage":"es","@id":"https:\/\/www.opticayequipos.com\/#\/schema\/logo\/image\/","url":"https:\/\/www.opticayequipos.com\/wp-content\/uploads\/2021\/03\/cropped-LOGO-MOYE-2-2.png","contentUrl":"https:\/\/www.opticayequipos.com\/wp-content\/uploads\/2021\/03\/cropped-LOGO-MOYE-2-2.png","width":552,"height":104,"caption":"Multi optica y equipos"},"image":{"@id":"https:\/\/www.opticayequipos.com\/#\/schema\/logo\/image\/"}}]}},"_links":{"self":[{"href":"https:\/\/www.opticayequipos.com\/index.php\/wp-json\/wp\/v2\/product\/757","targetHints":{"allow":["GET"]}}],"collection":[{"href":"https:\/\/www.opticayequipos.com\/index.php\/wp-json\/wp\/v2\/product"}],"about":[{"href":"https:\/\/www.opticayequipos.com\/index.php\/wp-json\/wp\/v2\/types\/product"}],"replies":[{"embeddable":true,"href":"https:\/\/www.opticayequipos.com\/index.php\/wp-json\/wp\/v2\/comments?post=757"}],"wp:featuredmedia":[{"embeddable":true,"href":"https:\/\/www.opticayequipos.com\/index.php\/wp-json\/wp\/v2\/media\/759"}],"wp:attachment":[{"href":"https:\/\/www.opticayequipos.com\/index.php\/wp-json\/wp\/v2\/media?parent=757"}],"wp:term":[{"taxonomy":"product_brand","embeddable":true,"href":"https:\/\/www.opticayequipos.com\/index.php\/wp-json\/wp\/v2\/product_brand?post=757"},{"taxonomy":"product_cat","embeddable":true,"href":"https:\/\/www.opticayequipos.com\/index.php\/wp-json\/wp\/v2\/product_cat?post=757"},{"taxonomy":"product_tag","embeddable":true,"href":"https:\/\/www.opticayequipos.com\/index.php\/wp-json\/wp\/v2\/product_tag?post=757"}],"curies":[{"name":"wp","href":"https:\/\/api.w.org\/{rel}","templated":true}]}}