{"id":879,"date":"2022-04-11T09:17:41","date_gmt":"2022-04-11T13:17:41","guid":{"rendered":"https:\/\/www.opticayequipos.com\/?post_type=product&#038;p=879"},"modified":"2022-04-11T12:43:27","modified_gmt":"2022-04-11T16:43:27","slug":"autorefractometro-queratometro-rk8000","status":"publish","type":"product","link":"https:\/\/www.opticayequipos.com\/index.php\/producto\/autorefractometro-queratometro-rk8000\/","title":{"rendered":"Autorefractometro queratometro MO-4439"},"content":{"rendered":"<h1 class=\"magic-16\" style=\"text-align: left;\"><b class=\"magic-15\"><span class=\"magic-17\" data-spm-anchor-id=\"a2700.details.0.i32.79292e8dlzXfjp\">Caracter\u00edstica<\/span><\/b><\/h1>\r\n<div class=\"block-list-appender wp-block\" tabindex=\"-1\">\r\n<div class=\"wp-block block-editor-default-block-appender\" data-root-client-id=\"\">\r\n<ol>\r\n \t<li style=\"font-weight: 400;\">Corneal Vertical Distance(VD): 0.00mm\u300112mm\u300113.75mm\u300115mm<\/li>\r\n \t<li style=\"font-weight: 400;\">SPH: -20.00 m-1~ +20.00 m-1( VD=12mm\uff0c0.01 m<sup>-1<\/sup>\u30010.06 m<sup>-1<\/sup>\u30010.12 m<sup>-1<\/sup>\u3001<\/li>\r\n \t<li style=\"font-weight: 400;\">0.25 m<sup>-1<\/sup>unit), deep myopia measurement available<\/li>\r\n \t<li style=\"font-weight: 400;\">CYL: 0.00 m<sup>-1<\/sup>~ \u00b16.00 m<sup>-1<\/sup>\u00a0(0.25 m<sup>-1<\/sup>\u00a0unit)<\/li>\r\n \t<li style=\"font-weight: 400;\">Cylinder Form: -\u3001+\u3001\u00b1<\/li>\r\n \t<li style=\"font-weight: 400;\">Axis (AX): 1\u00b0~ 180\u00b0 (1\u00b0 unit)<\/li>\r\n \t<li style=\"font-weight: 400;\">Pupil Distance (PD): 10mm ~ 85mm (0.1mm unit)<\/li>\r\n \t<li style=\"font-weight: 400;\">Radius of Corneal Curvature: 5.0 ~ 10.0mm (0.01mm unit)<\/li>\r\n \t<li style=\"font-weight: 400;\">Corneal Power: 33.00 m<sup>-1<\/sup>~ 67.00 m<sup>-1<\/sup>(in case that the corneal equivalent<\/li>\r\n \t<li style=\"font-weight: 400;\">refractive power is 1.3375)<\/li>\r\n \t<li style=\"font-weight: 400;\">Corneal Astigmatism: 0.00 m<sup>-1<\/sup>~ 15.00 m<sup>-1<\/sup>\u00a0(0.06 m<sup>-1<\/sup>\/0.12 m<sup>-1<\/sup>\/0.25 m<sup>-1<\/sup>\u00a0unit)<\/li>\r\n \t<li style=\"font-weight: 400;\">Other Performance Parameters<\/li>\r\n \t<li style=\"font-weight: 400;\">9\u2033TFT touch screen (angle adjustable)<\/li>\r\n \t<li style=\"font-weight: 400;\">Printer: 57mm thermal printer<\/li>\r\n \t<li style=\"font-weight: 400;\">Measuring Light Energy: \uff1c30uW (prevent injury to eyes during measuring)<\/li>\r\n \t<li style=\"font-weight: 400;\">Measuring Time: \uff1c0.5s<\/li>\r\n \t<li style=\"font-weight: 400;\">Minimum 2.0mm pupil can be measured. The application of cloud and mist<\/li>\r\n \t<li style=\"font-weight: 400;\">chart technology allows the patients\u2019 eyes to look at the internal targets in a<\/li>\r\n \t<li style=\"font-weight: 400;\">natural and comfortable situation and make the measurement more accurate<\/li>\r\n \t<li style=\"font-weight: 400;\">Auto tracking, auto focusing and auto measuring of end of measurement (partial model)<\/li>\r\n \t<li style=\"font-weight: 400;\">Electrical Power: AC100 ~ 240V, 50\/60Hz<\/li>\r\n \t<li style=\"font-weight: 400;\">Consumption: 60AV<\/li>\r\n<\/ol>\r\n<\/div>\r\n<\/div>\r\n<!-- \/wp:post-content -->","protected":false},"excerpt":{"rendered":"<p><span style=\"color: #ff0000;\">ITBIS incluido<\/span><\/p>\n<p><strong>Modelo: <\/strong>MO-4439<\/p>\n<p><strong>Pantalla: <\/strong>9&#8243; Pulgadas, color LCD, t\u00e1ctil<\/p>\n<p><strong>Impresora: <\/strong>Impresora t\u00e9rmica<\/p>\n<p><b>Garant\u00eda<\/b><strong>:<\/strong> 1 a\u00f1o<\/p>\n","protected":false},"featured_media":880,"comment_status":"open","ping_status":"closed","template":"","meta":[],"product_brand":[],"product_cat":[16],"product_tag":[51,38,52,22],"class_list":{"0":"post-879","1":"product","2":"type-product","3":"status-publish","6":"product_cat-equipos-oftalmologicos","7":"product_tag-auto-refractometro","8":"product_tag-equipos","9":"product_tag-instrumentos-oftalmologicos","10":"product_tag-queratometro","12":"first","13":"instock","14":"shipping-taxable","15":"purchasable","16":"product-type-simple"},"yoast_head":"<!-- This site is optimized with the Yoast SEO plugin v26.4 - https:\/\/yoast.com\/wordpress\/plugins\/seo\/ -->\n<title>Autorefractometro queratometro MO-4439 - Multi optica y equipos<\/title>\n<meta name=\"robots\" content=\"index, follow, max-snippet:-1, max-image-preview:large, max-video-preview:-1\" \/>\n<link rel=\"canonical\" href=\"https:\/\/www.opticayequipos.com\/index.php\/producto\/autorefractometro-queratometro-rk8000\/\" \/>\n<meta property=\"og:locale\" content=\"es_ES\" \/>\n<meta property=\"og:type\" content=\"article\" \/>\n<meta property=\"og:title\" content=\"Autorefractometro queratometro MO-4439 - Multi optica y equipos\" \/>\n<meta property=\"og:description\" content=\"ITBIS incluido  Modelo: MO-4439  Pantalla: 9&quot; Pulgadas, color LCD, t\u00e1ctil  Impresora: Impresora t\u00e9rmica  Garant\u00eda: 1 a\u00f1o\" \/>\n<meta property=\"og:url\" content=\"https:\/\/www.opticayequipos.com\/index.php\/producto\/autorefractometro-queratometro-rk8000\/\" \/>\n<meta property=\"og:site_name\" content=\"Multi optica y equipos\" \/>\n<meta property=\"article:modified_time\" content=\"2022-04-11T16:43:27+00:00\" \/>\n<meta property=\"og:image\" content=\"https:\/\/www.opticayequipos.com\/wp-content\/uploads\/2022\/04\/AUTOREFRACTOMETRO-CON-QUERATOMETRO-2.jpg\" \/>\n\t<meta property=\"og:image:width\" content=\"1500\" \/>\n\t<meta property=\"og:image:height\" content=\"1500\" \/>\n\t<meta property=\"og:image:type\" content=\"image\/jpeg\" \/>\n<meta name=\"twitter:card\" content=\"summary_large_image\" \/>\n<meta name=\"twitter:label1\" content=\"Tiempo de lectura\" \/>\n\t<meta name=\"twitter:data1\" content=\"1 minuto\" \/>\n<script type=\"application\/ld+json\" class=\"yoast-schema-graph\">{\"@context\":\"https:\/\/schema.org\",\"@graph\":[{\"@type\":\"WebPage\",\"@id\":\"https:\/\/www.opticayequipos.com\/index.php\/producto\/autorefractometro-queratometro-rk8000\/\",\"url\":\"https:\/\/www.opticayequipos.com\/index.php\/producto\/autorefractometro-queratometro-rk8000\/\",\"name\":\"Autorefractometro queratometro MO-4439 - Multi optica y equipos\",\"isPartOf\":{\"@id\":\"https:\/\/www.opticayequipos.com\/#website\"},\"primaryImageOfPage\":{\"@id\":\"https:\/\/www.opticayequipos.com\/index.php\/producto\/autorefractometro-queratometro-rk8000\/#primaryimage\"},\"image\":{\"@id\":\"https:\/\/www.opticayequipos.com\/index.php\/producto\/autorefractometro-queratometro-rk8000\/#primaryimage\"},\"thumbnailUrl\":\"https:\/\/www.opticayequipos.com\/wp-content\/uploads\/2022\/04\/AUTOREFRACTOMETRO-CON-QUERATOMETRO-2.jpg\",\"datePublished\":\"2022-04-11T13:17:41+00:00\",\"dateModified\":\"2022-04-11T16:43:27+00:00\",\"breadcrumb\":{\"@id\":\"https:\/\/www.opticayequipos.com\/index.php\/producto\/autorefractometro-queratometro-rk8000\/#breadcrumb\"},\"inLanguage\":\"es\",\"potentialAction\":[{\"@type\":\"ReadAction\",\"target\":[\"https:\/\/www.opticayequipos.com\/index.php\/producto\/autorefractometro-queratometro-rk8000\/\"]}]},{\"@type\":\"ImageObject\",\"inLanguage\":\"es\",\"@id\":\"https:\/\/www.opticayequipos.com\/index.php\/producto\/autorefractometro-queratometro-rk8000\/#primaryimage\",\"url\":\"https:\/\/www.opticayequipos.com\/wp-content\/uploads\/2022\/04\/AUTOREFRACTOMETRO-CON-QUERATOMETRO-2.jpg\",\"contentUrl\":\"https:\/\/www.opticayequipos.com\/wp-content\/uploads\/2022\/04\/AUTOREFRACTOMETRO-CON-QUERATOMETRO-2.jpg\",\"width\":1500,\"height\":1500},{\"@type\":\"BreadcrumbList\",\"@id\":\"https:\/\/www.opticayequipos.com\/index.php\/producto\/autorefractometro-queratometro-rk8000\/#breadcrumb\",\"itemListElement\":[{\"@type\":\"ListItem\",\"position\":1,\"name\":\"Portada\",\"item\":\"https:\/\/www.opticayequipos.com\/\"},{\"@type\":\"ListItem\",\"position\":2,\"name\":\"Mi lista de deseos\",\"item\":\"https:\/\/www.opticayequipos.com\/index.php\/mi-lista-de-deseos\/\"},{\"@type\":\"ListItem\",\"position\":3,\"name\":\"Autorefractometro queratometro MO-4439\"}]},{\"@type\":\"WebSite\",\"@id\":\"https:\/\/www.opticayequipos.com\/#website\",\"url\":\"https:\/\/www.opticayequipos.com\/\",\"name\":\"Multi optica y equipos\",\"description\":\"Venta de equipos oftalmol&oacute;gicos en Republica Dominicana para consultorios y &oacute;pticas\",\"publisher\":{\"@id\":\"https:\/\/www.opticayequipos.com\/#organization\"},\"potentialAction\":[{\"@type\":\"SearchAction\",\"target\":{\"@type\":\"EntryPoint\",\"urlTemplate\":\"https:\/\/www.opticayequipos.com\/?s={search_term_string}\"},\"query-input\":{\"@type\":\"PropertyValueSpecification\",\"valueRequired\":true,\"valueName\":\"search_term_string\"}}],\"inLanguage\":\"es\"},{\"@type\":\"Organization\",\"@id\":\"https:\/\/www.opticayequipos.com\/#organization\",\"name\":\"Multi optica y equipos\",\"url\":\"https:\/\/www.opticayequipos.com\/\",\"logo\":{\"@type\":\"ImageObject\",\"inLanguage\":\"es\",\"@id\":\"https:\/\/www.opticayequipos.com\/#\/schema\/logo\/image\/\",\"url\":\"https:\/\/www.opticayequipos.com\/wp-content\/uploads\/2021\/03\/cropped-LOGO-MOYE-2-2.png\",\"contentUrl\":\"https:\/\/www.opticayequipos.com\/wp-content\/uploads\/2021\/03\/cropped-LOGO-MOYE-2-2.png\",\"width\":552,\"height\":104,\"caption\":\"Multi optica y equipos\"},\"image\":{\"@id\":\"https:\/\/www.opticayequipos.com\/#\/schema\/logo\/image\/\"}}]}<\/script>\n<!-- \/ Yoast SEO plugin. -->","yoast_head_json":{"title":"Autorefractometro queratometro MO-4439 - Multi optica y equipos","robots":{"index":"index","follow":"follow","max-snippet":"max-snippet:-1","max-image-preview":"max-image-preview:large","max-video-preview":"max-video-preview:-1"},"canonical":"https:\/\/www.opticayequipos.com\/index.php\/producto\/autorefractometro-queratometro-rk8000\/","og_locale":"es_ES","og_type":"article","og_title":"Autorefractometro queratometro MO-4439 - Multi optica y equipos","og_description":"ITBIS incluido  Modelo: MO-4439  Pantalla: 9\" Pulgadas, color LCD, t\u00e1ctil  Impresora: Impresora t\u00e9rmica  Garant\u00eda: 1 a\u00f1o","og_url":"https:\/\/www.opticayequipos.com\/index.php\/producto\/autorefractometro-queratometro-rk8000\/","og_site_name":"Multi optica y equipos","article_modified_time":"2022-04-11T16:43:27+00:00","og_image":[{"width":1500,"height":1500,"url":"https:\/\/www.opticayequipos.com\/wp-content\/uploads\/2022\/04\/AUTOREFRACTOMETRO-CON-QUERATOMETRO-2.jpg","type":"image\/jpeg"}],"twitter_card":"summary_large_image","twitter_misc":{"Tiempo de lectura":"1 minuto"},"schema":{"@context":"https:\/\/schema.org","@graph":[{"@type":"WebPage","@id":"https:\/\/www.opticayequipos.com\/index.php\/producto\/autorefractometro-queratometro-rk8000\/","url":"https:\/\/www.opticayequipos.com\/index.php\/producto\/autorefractometro-queratometro-rk8000\/","name":"Autorefractometro queratometro MO-4439 - Multi optica y equipos","isPartOf":{"@id":"https:\/\/www.opticayequipos.com\/#website"},"primaryImageOfPage":{"@id":"https:\/\/www.opticayequipos.com\/index.php\/producto\/autorefractometro-queratometro-rk8000\/#primaryimage"},"image":{"@id":"https:\/\/www.opticayequipos.com\/index.php\/producto\/autorefractometro-queratometro-rk8000\/#primaryimage"},"thumbnailUrl":"https:\/\/www.opticayequipos.com\/wp-content\/uploads\/2022\/04\/AUTOREFRACTOMETRO-CON-QUERATOMETRO-2.jpg","datePublished":"2022-04-11T13:17:41+00:00","dateModified":"2022-04-11T16:43:27+00:00","breadcrumb":{"@id":"https:\/\/www.opticayequipos.com\/index.php\/producto\/autorefractometro-queratometro-rk8000\/#breadcrumb"},"inLanguage":"es","potentialAction":[{"@type":"ReadAction","target":["https:\/\/www.opticayequipos.com\/index.php\/producto\/autorefractometro-queratometro-rk8000\/"]}]},{"@type":"ImageObject","inLanguage":"es","@id":"https:\/\/www.opticayequipos.com\/index.php\/producto\/autorefractometro-queratometro-rk8000\/#primaryimage","url":"https:\/\/www.opticayequipos.com\/wp-content\/uploads\/2022\/04\/AUTOREFRACTOMETRO-CON-QUERATOMETRO-2.jpg","contentUrl":"https:\/\/www.opticayequipos.com\/wp-content\/uploads\/2022\/04\/AUTOREFRACTOMETRO-CON-QUERATOMETRO-2.jpg","width":1500,"height":1500},{"@type":"BreadcrumbList","@id":"https:\/\/www.opticayequipos.com\/index.php\/producto\/autorefractometro-queratometro-rk8000\/#breadcrumb","itemListElement":[{"@type":"ListItem","position":1,"name":"Portada","item":"https:\/\/www.opticayequipos.com\/"},{"@type":"ListItem","position":2,"name":"Mi lista de deseos","item":"https:\/\/www.opticayequipos.com\/index.php\/mi-lista-de-deseos\/"},{"@type":"ListItem","position":3,"name":"Autorefractometro queratometro MO-4439"}]},{"@type":"WebSite","@id":"https:\/\/www.opticayequipos.com\/#website","url":"https:\/\/www.opticayequipos.com\/","name":"Multi optica y equipos","description":"Venta de equipos oftalmol&oacute;gicos en Republica Dominicana para consultorios y &oacute;pticas","publisher":{"@id":"https:\/\/www.opticayequipos.com\/#organization"},"potentialAction":[{"@type":"SearchAction","target":{"@type":"EntryPoint","urlTemplate":"https:\/\/www.opticayequipos.com\/?s={search_term_string}"},"query-input":{"@type":"PropertyValueSpecification","valueRequired":true,"valueName":"search_term_string"}}],"inLanguage":"es"},{"@type":"Organization","@id":"https:\/\/www.opticayequipos.com\/#organization","name":"Multi optica y equipos","url":"https:\/\/www.opticayequipos.com\/","logo":{"@type":"ImageObject","inLanguage":"es","@id":"https:\/\/www.opticayequipos.com\/#\/schema\/logo\/image\/","url":"https:\/\/www.opticayequipos.com\/wp-content\/uploads\/2021\/03\/cropped-LOGO-MOYE-2-2.png","contentUrl":"https:\/\/www.opticayequipos.com\/wp-content\/uploads\/2021\/03\/cropped-LOGO-MOYE-2-2.png","width":552,"height":104,"caption":"Multi optica y equipos"},"image":{"@id":"https:\/\/www.opticayequipos.com\/#\/schema\/logo\/image\/"}}]}},"_links":{"self":[{"href":"https:\/\/www.opticayequipos.com\/index.php\/wp-json\/wp\/v2\/product\/879","targetHints":{"allow":["GET"]}}],"collection":[{"href":"https:\/\/www.opticayequipos.com\/index.php\/wp-json\/wp\/v2\/product"}],"about":[{"href":"https:\/\/www.opticayequipos.com\/index.php\/wp-json\/wp\/v2\/types\/product"}],"replies":[{"embeddable":true,"href":"https:\/\/www.opticayequipos.com\/index.php\/wp-json\/wp\/v2\/comments?post=879"}],"wp:featuredmedia":[{"embeddable":true,"href":"https:\/\/www.opticayequipos.com\/index.php\/wp-json\/wp\/v2\/media\/880"}],"wp:attachment":[{"href":"https:\/\/www.opticayequipos.com\/index.php\/wp-json\/wp\/v2\/media?parent=879"}],"wp:term":[{"taxonomy":"product_brand","embeddable":true,"href":"https:\/\/www.opticayequipos.com\/index.php\/wp-json\/wp\/v2\/product_brand?post=879"},{"taxonomy":"product_cat","embeddable":true,"href":"https:\/\/www.opticayequipos.com\/index.php\/wp-json\/wp\/v2\/product_cat?post=879"},{"taxonomy":"product_tag","embeddable":true,"href":"https:\/\/www.opticayequipos.com\/index.php\/wp-json\/wp\/v2\/product_tag?post=879"}],"curies":[{"name":"wp","href":"https:\/\/api.w.org\/{rel}","templated":true}]}}