{"id":902,"date":"2022-07-11T11:03:26","date_gmt":"2022-07-11T15:03:26","guid":{"rendered":"https:\/\/www.opticayequipos.com\/?post_type=product&#038;p=902"},"modified":"2022-07-11T14:42:41","modified_gmt":"2022-07-11T18:42:41","slug":"lampara-de-hendidura-portatil","status":"publish","type":"product","link":"https:\/\/www.opticayequipos.com\/index.php\/producto\/lampara-de-hendidura-portatil\/","title":{"rendered":"Lampara de Hendidura Port\u00e1til MO-44"},"content":{"rendered":"<h1 class=\"magic-16\" style=\"text-align: left;\"><b class=\"magic-15\"><span class=\"magic-17\" data-spm-anchor-id=\"a2700.details.0.i32.79292e8dlzXfjp\">Caracter\u00edsticas<\/span><\/b><\/h1>\n<table width=\"815\">\n<tbody>\n<tr>\n<td rowspan=\"6\" width=\"153\"><\/td>\n<td width=\"135\">Oculares<\/td>\n<td width=\"527\">10x, 16x<\/td>\n<\/tr>\n<tr>\n<td>Magnificaciones<\/td>\n<td>10x, 16x<\/td>\n<\/tr>\n<tr>\n<td>Ajustes Dioptricos<\/td>\n<td>+\/-5D<\/td>\n<\/tr>\n<tr>\n<td>Campo Visual<\/td>\n<td>Dia 10mm<\/td>\n<\/tr>\n<tr>\n<td>Rango PD<\/td>\n<td width=\"527\">45-70mm (ocular 10x) y\u00a0 50-70mm (ocular 16x)<\/td>\n<\/tr>\n<tr>\n<td>Distancia al Paciente<\/td>\n<td>78\u201380mm<\/td>\n<\/tr>\n<tr>\n<td rowspan=\"5\">Iluminaci\u00f3n<\/td>\n<td>Ancho Hendidura<\/td>\n<td>0-10mm<\/td>\n<\/tr>\n<tr>\n<td>Longitud Hendidura<\/td>\n<td>1-10mm<\/td>\n<\/tr>\n<tr>\n<td>Filtros<\/td>\n<td>Azul de cobalto, verde, filtro de absorci\u00f3n de calor<\/td>\n<\/tr>\n<tr>\n<td>Spot<\/td>\n<td>\u00a010mm<\/td>\n<\/tr>\n<tr>\n<td>Angulo Iluminaci\u00f3n<\/td>\n<td>+\/-30 grados<\/td>\n<\/tr>\n<tr>\n<td><\/td>\n<td>Fuente de Luz<\/td>\n<td>LED Blanca<\/td>\n<\/tr>\n<tr>\n<td rowspan=\"2\">Bater\u00eda<\/td>\n<td>Voltaje<\/td>\n<td>Bater\u00eda Li-ion 7.4V 680mAh<\/td>\n<\/tr>\n<tr>\n<td>Tiempo Operaci\u00f3n<\/td>\n<td>2 horas (totalmente cargada a iluminaci\u00f3n m\u00e1xima)<\/td>\n<\/tr>\n<tr>\n<td rowspan=\"3\">Cargador<\/td>\n<td>Voltaje Entrada<\/td>\n<td>\u00a0AC 100-240V 60-50Hz<\/td>\n<\/tr>\n<tr>\n<td>Voltaje Salida<\/td>\n<td>\u00a0DC 12V 500mAh<\/td>\n<\/tr>\n<tr>\n<td>Accesorios<\/td>\n<td>Malet\u00edn met\u00e1lico, 2 bater\u00edas, cargador, Soporte frontal, barra de ajuste de dioptero<\/td>\n<\/tr>\n<tr>\n<td rowspan=\"2\">Dimensi\u00f3n and weight<\/td>\n<td width=\"135\">Dimensi\u00f3n<\/td>\n<td>195mm(W)x105mm(D)x230mm(H)<\/td>\n<\/tr>\n<tr>\n<td>Net Weight<\/td>\n<td>750g (including a battery)<\/td>\n<\/tr>\n<\/tbody>\n<\/table>\n","protected":false},"excerpt":{"rendered":"<p><span style=\"color: #ff0000;\">ITBIS incluido<\/span><\/p>\n<p><strong>Modelo: <\/strong>MO-44<strong><br \/>\n<\/strong><\/p>\n<p><strong>Magnificaciones:<\/strong> 2 ( 10X 16X )<\/p>\n<p><strong>Color:<\/strong> Blanco<\/p>\n<p>&nbsp;<\/p>\n<p><b>Garant\u00eda<\/b><strong>:<\/strong> 1 a\u00f1o<\/p>\n","protected":false},"featured_media":903,"comment_status":"open","ping_status":"closed","template":"","meta":[],"product_brand":[],"product_cat":[16],"product_tag":[52,24,23],"class_list":{"0":"post-902","1":"product","2":"type-product","3":"status-publish","6":"product_cat-equipos-oftalmologicos","7":"product_tag-instrumentos-oftalmologicos","8":"product_tag-lampara","9":"product_tag-lampara-de-hendidura","11":"first","12":"instock","13":"shipping-taxable","14":"purchasable","15":"product-type-simple"},"yoast_head":"<!-- This site is optimized with the Yoast SEO plugin v26.4 - https:\/\/yoast.com\/wordpress\/plugins\/seo\/ -->\n<title>Lampara de Hendidura Port\u00e1til MO-44 - Multi optica y equipos<\/title>\n<meta name=\"robots\" content=\"index, follow, max-snippet:-1, max-image-preview:large, max-video-preview:-1\" \/>\n<link rel=\"canonical\" href=\"https:\/\/www.opticayequipos.com\/index.php\/producto\/lampara-de-hendidura-portatil\/\" \/>\n<meta property=\"og:locale\" content=\"es_ES\" \/>\n<meta property=\"og:type\" content=\"article\" \/>\n<meta property=\"og:title\" content=\"Lampara de Hendidura Port\u00e1til MO-44 - Multi optica y equipos\" \/>\n<meta property=\"og:description\" content=\"ITBIS incluido  Modelo: MO-44   Magnificaciones: 2 ( 10X 16X )  Color: Blanco  &nbsp;  Garant\u00eda: 1 a\u00f1o\" \/>\n<meta property=\"og:url\" content=\"https:\/\/www.opticayequipos.com\/index.php\/producto\/lampara-de-hendidura-portatil\/\" \/>\n<meta property=\"og:site_name\" content=\"Multi optica y equipos\" \/>\n<meta property=\"article:modified_time\" content=\"2022-07-11T18:42:41+00:00\" \/>\n<meta property=\"og:image\" content=\"https:\/\/www.opticayequipos.com\/wp-content\/uploads\/2022\/07\/b4151dda-2a23-4f7e-8445-a94c9907a6ab.jpg\" \/>\n\t<meta property=\"og:image:width\" content=\"900\" \/>\n\t<meta property=\"og:image:height\" content=\"900\" \/>\n\t<meta property=\"og:image:type\" content=\"image\/jpeg\" \/>\n<meta name=\"twitter:card\" content=\"summary_large_image\" \/>\n<meta name=\"twitter:label1\" content=\"Tiempo de lectura\" \/>\n\t<meta name=\"twitter:data1\" content=\"1 minuto\" \/>\n<script type=\"application\/ld+json\" class=\"yoast-schema-graph\">{\"@context\":\"https:\/\/schema.org\",\"@graph\":[{\"@type\":\"WebPage\",\"@id\":\"https:\/\/www.opticayequipos.com\/index.php\/producto\/lampara-de-hendidura-portatil\/\",\"url\":\"https:\/\/www.opticayequipos.com\/index.php\/producto\/lampara-de-hendidura-portatil\/\",\"name\":\"Lampara de Hendidura Port\u00e1til MO-44 - Multi optica y equipos\",\"isPartOf\":{\"@id\":\"https:\/\/www.opticayequipos.com\/#website\"},\"primaryImageOfPage\":{\"@id\":\"https:\/\/www.opticayequipos.com\/index.php\/producto\/lampara-de-hendidura-portatil\/#primaryimage\"},\"image\":{\"@id\":\"https:\/\/www.opticayequipos.com\/index.php\/producto\/lampara-de-hendidura-portatil\/#primaryimage\"},\"thumbnailUrl\":\"https:\/\/www.opticayequipos.com\/wp-content\/uploads\/2022\/07\/b4151dda-2a23-4f7e-8445-a94c9907a6ab.jpg\",\"datePublished\":\"2022-07-11T15:03:26+00:00\",\"dateModified\":\"2022-07-11T18:42:41+00:00\",\"breadcrumb\":{\"@id\":\"https:\/\/www.opticayequipos.com\/index.php\/producto\/lampara-de-hendidura-portatil\/#breadcrumb\"},\"inLanguage\":\"es\",\"potentialAction\":[{\"@type\":\"ReadAction\",\"target\":[\"https:\/\/www.opticayequipos.com\/index.php\/producto\/lampara-de-hendidura-portatil\/\"]}]},{\"@type\":\"ImageObject\",\"inLanguage\":\"es\",\"@id\":\"https:\/\/www.opticayequipos.com\/index.php\/producto\/lampara-de-hendidura-portatil\/#primaryimage\",\"url\":\"https:\/\/www.opticayequipos.com\/wp-content\/uploads\/2022\/07\/b4151dda-2a23-4f7e-8445-a94c9907a6ab.jpg\",\"contentUrl\":\"https:\/\/www.opticayequipos.com\/wp-content\/uploads\/2022\/07\/b4151dda-2a23-4f7e-8445-a94c9907a6ab.jpg\",\"width\":900,\"height\":900},{\"@type\":\"BreadcrumbList\",\"@id\":\"https:\/\/www.opticayequipos.com\/index.php\/producto\/lampara-de-hendidura-portatil\/#breadcrumb\",\"itemListElement\":[{\"@type\":\"ListItem\",\"position\":1,\"name\":\"Portada\",\"item\":\"https:\/\/www.opticayequipos.com\/\"},{\"@type\":\"ListItem\",\"position\":2,\"name\":\"Mi lista de deseos\",\"item\":\"https:\/\/www.opticayequipos.com\/index.php\/mi-lista-de-deseos\/\"},{\"@type\":\"ListItem\",\"position\":3,\"name\":\"Lampara de Hendidura Port\u00e1til MO-44\"}]},{\"@type\":\"WebSite\",\"@id\":\"https:\/\/www.opticayequipos.com\/#website\",\"url\":\"https:\/\/www.opticayequipos.com\/\",\"name\":\"Multi optica y equipos\",\"description\":\"Venta de equipos oftalmol&oacute;gicos en Republica Dominicana para consultorios y &oacute;pticas\",\"publisher\":{\"@id\":\"https:\/\/www.opticayequipos.com\/#organization\"},\"potentialAction\":[{\"@type\":\"SearchAction\",\"target\":{\"@type\":\"EntryPoint\",\"urlTemplate\":\"https:\/\/www.opticayequipos.com\/?s={search_term_string}\"},\"query-input\":{\"@type\":\"PropertyValueSpecification\",\"valueRequired\":true,\"valueName\":\"search_term_string\"}}],\"inLanguage\":\"es\"},{\"@type\":\"Organization\",\"@id\":\"https:\/\/www.opticayequipos.com\/#organization\",\"name\":\"Multi optica y equipos\",\"url\":\"https:\/\/www.opticayequipos.com\/\",\"logo\":{\"@type\":\"ImageObject\",\"inLanguage\":\"es\",\"@id\":\"https:\/\/www.opticayequipos.com\/#\/schema\/logo\/image\/\",\"url\":\"https:\/\/www.opticayequipos.com\/wp-content\/uploads\/2021\/03\/cropped-LOGO-MOYE-2-2.png\",\"contentUrl\":\"https:\/\/www.opticayequipos.com\/wp-content\/uploads\/2021\/03\/cropped-LOGO-MOYE-2-2.png\",\"width\":552,\"height\":104,\"caption\":\"Multi optica y equipos\"},\"image\":{\"@id\":\"https:\/\/www.opticayequipos.com\/#\/schema\/logo\/image\/\"}}]}<\/script>\n<!-- \/ Yoast SEO plugin. -->","yoast_head_json":{"title":"Lampara de Hendidura Port\u00e1til MO-44 - Multi optica y equipos","robots":{"index":"index","follow":"follow","max-snippet":"max-snippet:-1","max-image-preview":"max-image-preview:large","max-video-preview":"max-video-preview:-1"},"canonical":"https:\/\/www.opticayequipos.com\/index.php\/producto\/lampara-de-hendidura-portatil\/","og_locale":"es_ES","og_type":"article","og_title":"Lampara de Hendidura Port\u00e1til MO-44 - Multi optica y equipos","og_description":"ITBIS incluido  Modelo: MO-44   Magnificaciones: 2 ( 10X 16X )  Color: Blanco  &nbsp;  Garant\u00eda: 1 a\u00f1o","og_url":"https:\/\/www.opticayequipos.com\/index.php\/producto\/lampara-de-hendidura-portatil\/","og_site_name":"Multi optica y equipos","article_modified_time":"2022-07-11T18:42:41+00:00","og_image":[{"width":900,"height":900,"url":"https:\/\/www.opticayequipos.com\/wp-content\/uploads\/2022\/07\/b4151dda-2a23-4f7e-8445-a94c9907a6ab.jpg","type":"image\/jpeg"}],"twitter_card":"summary_large_image","twitter_misc":{"Tiempo de lectura":"1 minuto"},"schema":{"@context":"https:\/\/schema.org","@graph":[{"@type":"WebPage","@id":"https:\/\/www.opticayequipos.com\/index.php\/producto\/lampara-de-hendidura-portatil\/","url":"https:\/\/www.opticayequipos.com\/index.php\/producto\/lampara-de-hendidura-portatil\/","name":"Lampara de Hendidura Port\u00e1til MO-44 - Multi optica y equipos","isPartOf":{"@id":"https:\/\/www.opticayequipos.com\/#website"},"primaryImageOfPage":{"@id":"https:\/\/www.opticayequipos.com\/index.php\/producto\/lampara-de-hendidura-portatil\/#primaryimage"},"image":{"@id":"https:\/\/www.opticayequipos.com\/index.php\/producto\/lampara-de-hendidura-portatil\/#primaryimage"},"thumbnailUrl":"https:\/\/www.opticayequipos.com\/wp-content\/uploads\/2022\/07\/b4151dda-2a23-4f7e-8445-a94c9907a6ab.jpg","datePublished":"2022-07-11T15:03:26+00:00","dateModified":"2022-07-11T18:42:41+00:00","breadcrumb":{"@id":"https:\/\/www.opticayequipos.com\/index.php\/producto\/lampara-de-hendidura-portatil\/#breadcrumb"},"inLanguage":"es","potentialAction":[{"@type":"ReadAction","target":["https:\/\/www.opticayequipos.com\/index.php\/producto\/lampara-de-hendidura-portatil\/"]}]},{"@type":"ImageObject","inLanguage":"es","@id":"https:\/\/www.opticayequipos.com\/index.php\/producto\/lampara-de-hendidura-portatil\/#primaryimage","url":"https:\/\/www.opticayequipos.com\/wp-content\/uploads\/2022\/07\/b4151dda-2a23-4f7e-8445-a94c9907a6ab.jpg","contentUrl":"https:\/\/www.opticayequipos.com\/wp-content\/uploads\/2022\/07\/b4151dda-2a23-4f7e-8445-a94c9907a6ab.jpg","width":900,"height":900},{"@type":"BreadcrumbList","@id":"https:\/\/www.opticayequipos.com\/index.php\/producto\/lampara-de-hendidura-portatil\/#breadcrumb","itemListElement":[{"@type":"ListItem","position":1,"name":"Portada","item":"https:\/\/www.opticayequipos.com\/"},{"@type":"ListItem","position":2,"name":"Mi lista de deseos","item":"https:\/\/www.opticayequipos.com\/index.php\/mi-lista-de-deseos\/"},{"@type":"ListItem","position":3,"name":"Lampara de Hendidura Port\u00e1til MO-44"}]},{"@type":"WebSite","@id":"https:\/\/www.opticayequipos.com\/#website","url":"https:\/\/www.opticayequipos.com\/","name":"Multi optica y equipos","description":"Venta de equipos oftalmol&oacute;gicos en Republica Dominicana para consultorios y &oacute;pticas","publisher":{"@id":"https:\/\/www.opticayequipos.com\/#organization"},"potentialAction":[{"@type":"SearchAction","target":{"@type":"EntryPoint","urlTemplate":"https:\/\/www.opticayequipos.com\/?s={search_term_string}"},"query-input":{"@type":"PropertyValueSpecification","valueRequired":true,"valueName":"search_term_string"}}],"inLanguage":"es"},{"@type":"Organization","@id":"https:\/\/www.opticayequipos.com\/#organization","name":"Multi optica y equipos","url":"https:\/\/www.opticayequipos.com\/","logo":{"@type":"ImageObject","inLanguage":"es","@id":"https:\/\/www.opticayequipos.com\/#\/schema\/logo\/image\/","url":"https:\/\/www.opticayequipos.com\/wp-content\/uploads\/2021\/03\/cropped-LOGO-MOYE-2-2.png","contentUrl":"https:\/\/www.opticayequipos.com\/wp-content\/uploads\/2021\/03\/cropped-LOGO-MOYE-2-2.png","width":552,"height":104,"caption":"Multi optica y equipos"},"image":{"@id":"https:\/\/www.opticayequipos.com\/#\/schema\/logo\/image\/"}}]}},"_links":{"self":[{"href":"https:\/\/www.opticayequipos.com\/index.php\/wp-json\/wp\/v2\/product\/902","targetHints":{"allow":["GET"]}}],"collection":[{"href":"https:\/\/www.opticayequipos.com\/index.php\/wp-json\/wp\/v2\/product"}],"about":[{"href":"https:\/\/www.opticayequipos.com\/index.php\/wp-json\/wp\/v2\/types\/product"}],"replies":[{"embeddable":true,"href":"https:\/\/www.opticayequipos.com\/index.php\/wp-json\/wp\/v2\/comments?post=902"}],"wp:featuredmedia":[{"embeddable":true,"href":"https:\/\/www.opticayequipos.com\/index.php\/wp-json\/wp\/v2\/media\/903"}],"wp:attachment":[{"href":"https:\/\/www.opticayequipos.com\/index.php\/wp-json\/wp\/v2\/media?parent=902"}],"wp:term":[{"taxonomy":"product_brand","embeddable":true,"href":"https:\/\/www.opticayequipos.com\/index.php\/wp-json\/wp\/v2\/product_brand?post=902"},{"taxonomy":"product_cat","embeddable":true,"href":"https:\/\/www.opticayequipos.com\/index.php\/wp-json\/wp\/v2\/product_cat?post=902"},{"taxonomy":"product_tag","embeddable":true,"href":"https:\/\/www.opticayequipos.com\/index.php\/wp-json\/wp\/v2\/product_tag?post=902"}],"curies":[{"name":"wp","href":"https:\/\/api.w.org\/{rel}","templated":true}]}}